{"id":9746,"date":"2024-11-14T10:44:01","date_gmt":"2024-11-14T14:44:01","guid":{"rendered":"https:\/\/funerariaconceptochile.cl\/?post_type=product&#038;p=9746"},"modified":"2025-07-24T17:11:05","modified_gmt":"2025-07-24T21:11:05","slug":"luces-de-regadera-de-hadas-con-energia-solar","status":"publish","type":"product","link":"https:\/\/funerariaconceptochile.cl\/es\/product\/luces-de-regadera-de-hadas-con-energia-solar\/","title":{"rendered":"Luces de Regadera de Hadas con Energ\u00eda Solar"},"content":{"rendered":"<p>Luces Solares de Regadera de Hadas M\u00edsticas &#8211; Encantadora Decoraci\u00f3n de Jard\u00edn Exterior con Cadena de Estrellas Fluidas, Brillo Amarillo C\u00e1lido, F\u00e1cil Instalaci\u00f3n, Dise\u00f1o Eficiente en Energ\u00eda y Resistente al Clima- Modo de alimentaci\u00f3n: Energ\u00eda solar<\/p>","protected":false},"excerpt":{"rendered":"<p>Voltaje: \u226436 V<br \/>\nCaracter\u00edsticas de la bater\u00eda: Bater\u00eda solar<br \/>\nBater\u00eda solar: Bater\u00eda de n\u00edquel<br \/>\nLuminancia: Otro<br \/>\nContiene fuente de luz: S\u00ed<br \/>\nMaterial: Metal<br \/>\nModo de control: Interruptor<br \/>\nTipo de ensamble: Instalaci\u00f3n integrada<br \/>\nElementos incluidos: Instalaci\u00f3n de hardware<br \/>\nTipo de fijaci\u00f3n: Desmontable<br \/>\nColor: Amarillo claro<\/p>","protected":false},"featured_media":9747,"comment_status":"open","ping_status":"closed","template":"","meta":[],"product_brand":[],"product_cat":[73],"product_tag":[],"class_list":{"0":"post-9746","1":"product","2":"type-product","3":"status-publish","4":"has-post-thumbnail","6":"product_cat-accesorios-funerarios","8":"first","9":"instock","10":"shipping-taxable","11":"purchasable","12":"product-type-simple"},"yoast_head":"<!-- This site is optimized with the Yoast SEO plugin v27.3 - https:\/\/yoast.com\/product\/yoast-seo-wordpress\/ -->\n<title>Luces de Regadera de Hadas con Energ\u00eda Solar - Funeraria Concepto<\/title>\n<meta name=\"robots\" content=\"index, follow, max-snippet:-1, max-image-preview:large, max-video-preview:-1\" \/>\n<link rel=\"canonical\" href=\"https:\/\/funerariaconceptochile.cl\/es\/product\/luces-de-regadera-de-hadas-con-energia-solar\/\" \/>\n<meta property=\"og:locale\" content=\"es_ES\" \/>\n<meta property=\"og:type\" content=\"article\" \/>\n<meta property=\"og:title\" content=\"Luces de Regadera de Hadas con Energ\u00eda Solar - Funeraria Concepto\" \/>\n<meta property=\"og:description\" content=\"Voltaje: \u226436 V Caracter\u00edsticas de la bater\u00eda: Bater\u00eda solar Bater\u00eda solar: Bater\u00eda de n\u00edquel Luminancia: Otro Contiene fuente de luz: S\u00ed Material: Metal Modo de control: Interruptor Tipo de ensamble: Instalaci\u00f3n integrada Elementos incluidos: Instalaci\u00f3n de hardware Tipo de fijaci\u00f3n: Desmontable Color: Amarillo claro\" \/>\n<meta property=\"og:url\" content=\"https:\/\/funerariaconceptochile.cl\/es\/product\/luces-de-regadera-de-hadas-con-energia-solar\/\" \/>\n<meta property=\"og:site_name\" content=\"Funeraria Concepto\" \/>\n<meta property=\"article:modified_time\" content=\"2025-07-24T21:11:05+00:00\" \/>\n<meta property=\"og:image\" content=\"https:\/\/funerariaconceptochile.cl\/wp-content\/uploads\/2024\/11\/211.-Luces-de-Regadera-de-Hadas-con-Energia-Solar.png\" \/>\n\t<meta property=\"og:image:width\" content=\"664\" \/>\n\t<meta property=\"og:image:height\" content=\"668\" \/>\n\t<meta property=\"og:image:type\" content=\"image\/png\" \/>\n<meta name=\"twitter:card\" content=\"summary_large_image\" \/>\n<meta name=\"twitter:label1\" content=\"Tiempo de lectura\" \/>\n\t<meta name=\"twitter:data1\" content=\"1 minuto\" \/>\n<script type=\"application\/ld+json\" class=\"yoast-schema-graph\">{\"@context\":\"https:\\\/\\\/schema.org\",\"@graph\":[{\"@type\":\"WebPage\",\"@id\":\"https:\\\/\\\/funerariaconceptochile.cl\\\/product\\\/luces-de-regadera-de-hadas-con-energia-solar\\\/\",\"url\":\"https:\\\/\\\/funerariaconceptochile.cl\\\/product\\\/luces-de-regadera-de-hadas-con-energia-solar\\\/\",\"name\":\"Luces de Regadera de Hadas con Energ\u00eda Solar - Funeraria Concepto\",\"isPartOf\":{\"@id\":\"https:\\\/\\\/funerariaconceptochile.cl\\\/#website\"},\"primaryImageOfPage\":{\"@id\":\"https:\\\/\\\/funerariaconceptochile.cl\\\/product\\\/luces-de-regadera-de-hadas-con-energia-solar\\\/#primaryimage\"},\"image\":{\"@id\":\"https:\\\/\\\/funerariaconceptochile.cl\\\/product\\\/luces-de-regadera-de-hadas-con-energia-solar\\\/#primaryimage\"},\"thumbnailUrl\":\"https:\\\/\\\/funerariaconceptochile.cl\\\/wp-content\\\/uploads\\\/2024\\\/11\\\/211.-Luces-de-Regadera-de-Hadas-con-Energia-Solar.png\",\"datePublished\":\"2024-11-14T14:44:01+00:00\",\"dateModified\":\"2025-07-24T21:11:05+00:00\",\"breadcrumb\":{\"@id\":\"https:\\\/\\\/funerariaconceptochile.cl\\\/product\\\/luces-de-regadera-de-hadas-con-energia-solar\\\/#breadcrumb\"},\"inLanguage\":\"es\",\"potentialAction\":[{\"@type\":\"ReadAction\",\"target\":[\"https:\\\/\\\/funerariaconceptochile.cl\\\/product\\\/luces-de-regadera-de-hadas-con-energia-solar\\\/\"]}]},{\"@type\":\"ImageObject\",\"inLanguage\":\"es\",\"@id\":\"https:\\\/\\\/funerariaconceptochile.cl\\\/product\\\/luces-de-regadera-de-hadas-con-energia-solar\\\/#primaryimage\",\"url\":\"https:\\\/\\\/funerariaconceptochile.cl\\\/wp-content\\\/uploads\\\/2024\\\/11\\\/211.-Luces-de-Regadera-de-Hadas-con-Energia-Solar.png\",\"contentUrl\":\"https:\\\/\\\/funerariaconceptochile.cl\\\/wp-content\\\/uploads\\\/2024\\\/11\\\/211.-Luces-de-Regadera-de-Hadas-con-Energia-Solar.png\",\"width\":664,\"height\":668},{\"@type\":\"BreadcrumbList\",\"@id\":\"https:\\\/\\\/funerariaconceptochile.cl\\\/product\\\/luces-de-regadera-de-hadas-con-energia-solar\\\/#breadcrumb\",\"itemListElement\":[{\"@type\":\"ListItem\",\"position\":1,\"name\":\"Portada\",\"item\":\"https:\\\/\\\/funerariaconceptochile.cl\\\/\"},{\"@type\":\"ListItem\",\"position\":2,\"name\":\"Accesorios\",\"item\":\"https:\\\/\\\/funerariaconceptochile.cl\\\/shop\\\/\"},{\"@type\":\"ListItem\",\"position\":3,\"name\":\"Luces de Regadera de Hadas con Energ\u00eda Solar\"}]},{\"@type\":\"WebSite\",\"@id\":\"https:\\\/\\\/funerariaconceptochile.cl\\\/#website\",\"url\":\"https:\\\/\\\/funerariaconceptochile.cl\\\/\",\"name\":\"Funeraria Concepto\",\"description\":\"\",\"potentialAction\":[{\"@type\":\"SearchAction\",\"target\":{\"@type\":\"EntryPoint\",\"urlTemplate\":\"https:\\\/\\\/funerariaconceptochile.cl\\\/?s={search_term_string}\"},\"query-input\":{\"@type\":\"PropertyValueSpecification\",\"valueRequired\":true,\"valueName\":\"search_term_string\"}}],\"inLanguage\":\"es\"}]}<\/script>\n<!-- \/ Yoast SEO plugin. -->","yoast_head_json":{"title":"Luces de Regadera de Hadas con Energ\u00eda Solar - Funeraria Concepto","robots":{"index":"index","follow":"follow","max-snippet":"max-snippet:-1","max-image-preview":"max-image-preview:large","max-video-preview":"max-video-preview:-1"},"canonical":"https:\/\/funerariaconceptochile.cl\/es\/product\/luces-de-regadera-de-hadas-con-energia-solar\/","og_locale":"es_ES","og_type":"article","og_title":"Luces de Regadera de Hadas con Energ\u00eda Solar - Funeraria Concepto","og_description":"Voltaje: \u226436 V Caracter\u00edsticas de la bater\u00eda: Bater\u00eda solar Bater\u00eda solar: Bater\u00eda de n\u00edquel Luminancia: Otro Contiene fuente de luz: S\u00ed Material: Metal Modo de control: Interruptor Tipo de ensamble: Instalaci\u00f3n integrada Elementos incluidos: Instalaci\u00f3n de hardware Tipo de fijaci\u00f3n: Desmontable Color: Amarillo claro","og_url":"https:\/\/funerariaconceptochile.cl\/es\/product\/luces-de-regadera-de-hadas-con-energia-solar\/","og_site_name":"Funeraria Concepto","article_modified_time":"2025-07-24T21:11:05+00:00","og_image":[{"width":664,"height":668,"url":"https:\/\/funerariaconceptochile.cl\/wp-content\/uploads\/2024\/11\/211.-Luces-de-Regadera-de-Hadas-con-Energia-Solar.png","type":"image\/png"}],"twitter_card":"summary_large_image","twitter_misc":{"Tiempo de lectura":"1 minuto"},"schema":{"@context":"https:\/\/schema.org","@graph":[{"@type":"WebPage","@id":"https:\/\/funerariaconceptochile.cl\/product\/luces-de-regadera-de-hadas-con-energia-solar\/","url":"https:\/\/funerariaconceptochile.cl\/product\/luces-de-regadera-de-hadas-con-energia-solar\/","name":"Luces de Regadera de Hadas con Energ\u00eda Solar - Funeraria Concepto","isPartOf":{"@id":"https:\/\/funerariaconceptochile.cl\/#website"},"primaryImageOfPage":{"@id":"https:\/\/funerariaconceptochile.cl\/product\/luces-de-regadera-de-hadas-con-energia-solar\/#primaryimage"},"image":{"@id":"https:\/\/funerariaconceptochile.cl\/product\/luces-de-regadera-de-hadas-con-energia-solar\/#primaryimage"},"thumbnailUrl":"https:\/\/funerariaconceptochile.cl\/wp-content\/uploads\/2024\/11\/211.-Luces-de-Regadera-de-Hadas-con-Energia-Solar.png","datePublished":"2024-11-14T14:44:01+00:00","dateModified":"2025-07-24T21:11:05+00:00","breadcrumb":{"@id":"https:\/\/funerariaconceptochile.cl\/product\/luces-de-regadera-de-hadas-con-energia-solar\/#breadcrumb"},"inLanguage":"es","potentialAction":[{"@type":"ReadAction","target":["https:\/\/funerariaconceptochile.cl\/product\/luces-de-regadera-de-hadas-con-energia-solar\/"]}]},{"@type":"ImageObject","inLanguage":"es","@id":"https:\/\/funerariaconceptochile.cl\/product\/luces-de-regadera-de-hadas-con-energia-solar\/#primaryimage","url":"https:\/\/funerariaconceptochile.cl\/wp-content\/uploads\/2024\/11\/211.-Luces-de-Regadera-de-Hadas-con-Energia-Solar.png","contentUrl":"https:\/\/funerariaconceptochile.cl\/wp-content\/uploads\/2024\/11\/211.-Luces-de-Regadera-de-Hadas-con-Energia-Solar.png","width":664,"height":668},{"@type":"BreadcrumbList","@id":"https:\/\/funerariaconceptochile.cl\/product\/luces-de-regadera-de-hadas-con-energia-solar\/#breadcrumb","itemListElement":[{"@type":"ListItem","position":1,"name":"Portada","item":"https:\/\/funerariaconceptochile.cl\/"},{"@type":"ListItem","position":2,"name":"Accesorios","item":"https:\/\/funerariaconceptochile.cl\/shop\/"},{"@type":"ListItem","position":3,"name":"Luces de Regadera de Hadas con Energ\u00eda Solar"}]},{"@type":"WebSite","@id":"https:\/\/funerariaconceptochile.cl\/#website","url":"https:\/\/funerariaconceptochile.cl\/","name":"Funeraria Concepto","description":"","potentialAction":[{"@type":"SearchAction","target":{"@type":"EntryPoint","urlTemplate":"https:\/\/funerariaconceptochile.cl\/?s={search_term_string}"},"query-input":{"@type":"PropertyValueSpecification","valueRequired":true,"valueName":"search_term_string"}}],"inLanguage":"es"}]}},"_links":{"self":[{"href":"https:\/\/funerariaconceptochile.cl\/es\/wp-json\/wp\/v2\/product\/9746","targetHints":{"allow":["GET"]}}],"collection":[{"href":"https:\/\/funerariaconceptochile.cl\/es\/wp-json\/wp\/v2\/product"}],"about":[{"href":"https:\/\/funerariaconceptochile.cl\/es\/wp-json\/wp\/v2\/types\/product"}],"replies":[{"embeddable":true,"href":"https:\/\/funerariaconceptochile.cl\/es\/wp-json\/wp\/v2\/comments?post=9746"}],"wp:featuredmedia":[{"embeddable":true,"href":"https:\/\/funerariaconceptochile.cl\/es\/wp-json\/wp\/v2\/media\/9747"}],"wp:attachment":[{"href":"https:\/\/funerariaconceptochile.cl\/es\/wp-json\/wp\/v2\/media?parent=9746"}],"wp:term":[{"taxonomy":"product_brand","embeddable":true,"href":"https:\/\/funerariaconceptochile.cl\/es\/wp-json\/wp\/v2\/product_brand?post=9746"},{"taxonomy":"product_cat","embeddable":true,"href":"https:\/\/funerariaconceptochile.cl\/es\/wp-json\/wp\/v2\/product_cat?post=9746"},{"taxonomy":"product_tag","embeddable":true,"href":"https:\/\/funerariaconceptochile.cl\/es\/wp-json\/wp\/v2\/product_tag?post=9746"}],"curies":[{"name":"wp","href":"https:\/\/api.w.org\/{rel}","templated":true}]}}