{"id":8796,"date":"2024-04-25T18:43:16","date_gmt":"2024-04-25T22:43:16","guid":{"rendered":"https:\/\/funerariaconceptochile.cl\/product\/placa-gravoply-15x10-cm-grabado\/"},"modified":"2025-08-06T11:30:34","modified_gmt":"2025-08-06T15:30:34","slug":"placa-gravoply-15x10-cm-grabado","status":"publish","type":"product","link":"https:\/\/funerariaconceptochile.cl\/es\/product\/placa-gravoply-15x10-cm-grabado\/","title":{"rendered":"placa gravoply 15&#215;10 cm grabado"},"content":{"rendered":"<p>accesorio embellecedor para sepultura de cementerio, placa gravoply 15&#215;10 cm, grabado laser bajo relieve, dimensi\u00f3n 15&#215;10 cm, tiempo de dise\u00f1o, fabricaci\u00f3n y despacho 10 d\u00edas despu\u00e9s de realizada su compra, dise\u00f1o personalizado de acuerdo a indicaciones de cliente, incluye nombre de familiar, fecha de nacimiento, fecha de defunci\u00f3n, mensaje dedicatoria y fotograf\u00eda o imagen de paloma o cristo, principales usos cementerio, parque cementerio, embellecimiento de sepulturas, b\u00f3vedas, nichos, decoraci\u00f3n de iglesias y centros religiosos<\/p>","protected":false},"excerpt":{"rendered":"<ul>\n<li>Solucionamos las distintas necesidades y requerimientos de nuestros clientes, con acabados m\u00e1s profesionales y facilidades de pago.<\/li>\n<li>Para trabajos especiales y a medida, por favor no dude en comunicarse con nosotros.<\/li>\n<\/ul>","protected":false},"featured_media":8669,"comment_status":"open","ping_status":"closed","template":"","meta":[],"product_brand":[],"product_cat":[73],"product_tag":[],"class_list":{"0":"post-8796","1":"product","2":"type-product","3":"status-publish","4":"has-post-thumbnail","6":"product_cat-accesorios-funerarios","8":"first","9":"instock","10":"shipping-taxable","11":"purchasable","12":"product-type-simple"},"yoast_head":"<!-- This site is optimized with the Yoast SEO plugin v27.4 - https:\/\/yoast.com\/product\/yoast-seo-wordpress\/ -->\n<title>placa gravoply 15x10 cm grabado - Funeraria Concepto<\/title>\n<meta name=\"robots\" content=\"index, follow, max-snippet:-1, max-image-preview:large, max-video-preview:-1\" \/>\n<link rel=\"canonical\" href=\"https:\/\/funerariaconceptochile.cl\/es\/product\/placa-gravoply-15x10-cm-grabado\/\" \/>\n<meta property=\"og:locale\" content=\"es_ES\" \/>\n<meta property=\"og:type\" content=\"article\" \/>\n<meta property=\"og:title\" content=\"placa gravoply 15x10 cm grabado - Funeraria Concepto\" \/>\n<meta property=\"og:description\" content=\"Solucionamos las distintas necesidades y requerimientos de nuestros clientes, con acabados m\u00e1s profesionales y facilidades de pago.      Para trabajos especiales y a medida, por favor no dude en comunicarse con nosotros.\" \/>\n<meta property=\"og:url\" content=\"https:\/\/funerariaconceptochile.cl\/es\/product\/placa-gravoply-15x10-cm-grabado\/\" \/>\n<meta property=\"og:site_name\" content=\"Funeraria Concepto\" \/>\n<meta property=\"article:modified_time\" content=\"2025-08-06T15:30:34+00:00\" \/>\n<meta property=\"og:image\" content=\"https:\/\/funerariaconceptochile.cl\/wp-content\/uploads\/2024\/04\/190.jpg\" \/>\n\t<meta property=\"og:image:width\" content=\"1200\" \/>\n\t<meta property=\"og:image:height\" content=\"1200\" \/>\n\t<meta property=\"og:image:type\" content=\"image\/jpeg\" \/>\n<meta name=\"twitter:card\" content=\"summary_large_image\" \/>\n<script type=\"application\/ld+json\" class=\"yoast-schema-graph\">{\"@context\":\"https:\\\/\\\/schema.org\",\"@graph\":[{\"@type\":\"WebPage\",\"@id\":\"https:\\\/\\\/funerariaconceptochile.cl\\\/product\\\/placa-gravoply-15x10-cm-grabado\\\/\",\"url\":\"https:\\\/\\\/funerariaconceptochile.cl\\\/product\\\/placa-gravoply-15x10-cm-grabado\\\/\",\"name\":\"placa gravoply 15x10 cm grabado - Funeraria Concepto\",\"isPartOf\":{\"@id\":\"https:\\\/\\\/funerariaconceptochile.cl\\\/#website\"},\"primaryImageOfPage\":{\"@id\":\"https:\\\/\\\/funerariaconceptochile.cl\\\/product\\\/placa-gravoply-15x10-cm-grabado\\\/#primaryimage\"},\"image\":{\"@id\":\"https:\\\/\\\/funerariaconceptochile.cl\\\/product\\\/placa-gravoply-15x10-cm-grabado\\\/#primaryimage\"},\"thumbnailUrl\":\"https:\\\/\\\/funerariaconceptochile.cl\\\/wp-content\\\/uploads\\\/2024\\\/04\\\/190.jpg\",\"datePublished\":\"2024-04-25T22:43:16+00:00\",\"dateModified\":\"2025-08-06T15:30:34+00:00\",\"breadcrumb\":{\"@id\":\"https:\\\/\\\/funerariaconceptochile.cl\\\/product\\\/placa-gravoply-15x10-cm-grabado\\\/#breadcrumb\"},\"inLanguage\":\"es\",\"potentialAction\":[{\"@type\":\"ReadAction\",\"target\":[\"https:\\\/\\\/funerariaconceptochile.cl\\\/product\\\/placa-gravoply-15x10-cm-grabado\\\/\"]}]},{\"@type\":\"ImageObject\",\"inLanguage\":\"es\",\"@id\":\"https:\\\/\\\/funerariaconceptochile.cl\\\/product\\\/placa-gravoply-15x10-cm-grabado\\\/#primaryimage\",\"url\":\"https:\\\/\\\/funerariaconceptochile.cl\\\/wp-content\\\/uploads\\\/2024\\\/04\\\/190.jpg\",\"contentUrl\":\"https:\\\/\\\/funerariaconceptochile.cl\\\/wp-content\\\/uploads\\\/2024\\\/04\\\/190.jpg\",\"width\":1200,\"height\":1200},{\"@type\":\"BreadcrumbList\",\"@id\":\"https:\\\/\\\/funerariaconceptochile.cl\\\/product\\\/placa-gravoply-15x10-cm-grabado\\\/#breadcrumb\",\"itemListElement\":[{\"@type\":\"ListItem\",\"position\":1,\"name\":\"Portada\",\"item\":\"https:\\\/\\\/funerariaconceptochile.cl\\\/\"},{\"@type\":\"ListItem\",\"position\":2,\"name\":\"Accesorios\",\"item\":\"https:\\\/\\\/funerariaconceptochile.cl\\\/shop\\\/\"},{\"@type\":\"ListItem\",\"position\":3,\"name\":\"placa gravoply 15&#215;10 cm grabado\"}]},{\"@type\":\"WebSite\",\"@id\":\"https:\\\/\\\/funerariaconceptochile.cl\\\/#website\",\"url\":\"https:\\\/\\\/funerariaconceptochile.cl\\\/\",\"name\":\"Funeraria Concepto\",\"description\":\"\",\"potentialAction\":[{\"@type\":\"SearchAction\",\"target\":{\"@type\":\"EntryPoint\",\"urlTemplate\":\"https:\\\/\\\/funerariaconceptochile.cl\\\/?s={search_term_string}\"},\"query-input\":{\"@type\":\"PropertyValueSpecification\",\"valueRequired\":true,\"valueName\":\"search_term_string\"}}],\"inLanguage\":\"es\"}]}<\/script>\n<!-- \/ Yoast SEO plugin. -->","yoast_head_json":{"title":"placa gravoply 15x10 cm grabado - Funeraria Concepto","robots":{"index":"index","follow":"follow","max-snippet":"max-snippet:-1","max-image-preview":"max-image-preview:large","max-video-preview":"max-video-preview:-1"},"canonical":"https:\/\/funerariaconceptochile.cl\/es\/product\/placa-gravoply-15x10-cm-grabado\/","og_locale":"es_ES","og_type":"article","og_title":"placa gravoply 15x10 cm grabado - Funeraria Concepto","og_description":"Solucionamos las distintas necesidades y requerimientos de nuestros clientes, con acabados m\u00e1s profesionales y facilidades de pago.      Para trabajos especiales y a medida, por favor no dude en comunicarse con nosotros.","og_url":"https:\/\/funerariaconceptochile.cl\/es\/product\/placa-gravoply-15x10-cm-grabado\/","og_site_name":"Funeraria Concepto","article_modified_time":"2025-08-06T15:30:34+00:00","og_image":[{"width":1200,"height":1200,"url":"https:\/\/funerariaconceptochile.cl\/wp-content\/uploads\/2024\/04\/190.jpg","type":"image\/jpeg"}],"twitter_card":"summary_large_image","schema":{"@context":"https:\/\/schema.org","@graph":[{"@type":"WebPage","@id":"https:\/\/funerariaconceptochile.cl\/product\/placa-gravoply-15x10-cm-grabado\/","url":"https:\/\/funerariaconceptochile.cl\/product\/placa-gravoply-15x10-cm-grabado\/","name":"placa gravoply 15x10 cm grabado - Funeraria Concepto","isPartOf":{"@id":"https:\/\/funerariaconceptochile.cl\/#website"},"primaryImageOfPage":{"@id":"https:\/\/funerariaconceptochile.cl\/product\/placa-gravoply-15x10-cm-grabado\/#primaryimage"},"image":{"@id":"https:\/\/funerariaconceptochile.cl\/product\/placa-gravoply-15x10-cm-grabado\/#primaryimage"},"thumbnailUrl":"https:\/\/funerariaconceptochile.cl\/wp-content\/uploads\/2024\/04\/190.jpg","datePublished":"2024-04-25T22:43:16+00:00","dateModified":"2025-08-06T15:30:34+00:00","breadcrumb":{"@id":"https:\/\/funerariaconceptochile.cl\/product\/placa-gravoply-15x10-cm-grabado\/#breadcrumb"},"inLanguage":"es","potentialAction":[{"@type":"ReadAction","target":["https:\/\/funerariaconceptochile.cl\/product\/placa-gravoply-15x10-cm-grabado\/"]}]},{"@type":"ImageObject","inLanguage":"es","@id":"https:\/\/funerariaconceptochile.cl\/product\/placa-gravoply-15x10-cm-grabado\/#primaryimage","url":"https:\/\/funerariaconceptochile.cl\/wp-content\/uploads\/2024\/04\/190.jpg","contentUrl":"https:\/\/funerariaconceptochile.cl\/wp-content\/uploads\/2024\/04\/190.jpg","width":1200,"height":1200},{"@type":"BreadcrumbList","@id":"https:\/\/funerariaconceptochile.cl\/product\/placa-gravoply-15x10-cm-grabado\/#breadcrumb","itemListElement":[{"@type":"ListItem","position":1,"name":"Portada","item":"https:\/\/funerariaconceptochile.cl\/"},{"@type":"ListItem","position":2,"name":"Accesorios","item":"https:\/\/funerariaconceptochile.cl\/shop\/"},{"@type":"ListItem","position":3,"name":"placa gravoply 15&#215;10 cm grabado"}]},{"@type":"WebSite","@id":"https:\/\/funerariaconceptochile.cl\/#website","url":"https:\/\/funerariaconceptochile.cl\/","name":"Funeraria Concepto","description":"","potentialAction":[{"@type":"SearchAction","target":{"@type":"EntryPoint","urlTemplate":"https:\/\/funerariaconceptochile.cl\/?s={search_term_string}"},"query-input":{"@type":"PropertyValueSpecification","valueRequired":true,"valueName":"search_term_string"}}],"inLanguage":"es"}]}},"_links":{"self":[{"href":"https:\/\/funerariaconceptochile.cl\/es\/wp-json\/wp\/v2\/product\/8796","targetHints":{"allow":["GET"]}}],"collection":[{"href":"https:\/\/funerariaconceptochile.cl\/es\/wp-json\/wp\/v2\/product"}],"about":[{"href":"https:\/\/funerariaconceptochile.cl\/es\/wp-json\/wp\/v2\/types\/product"}],"replies":[{"embeddable":true,"href":"https:\/\/funerariaconceptochile.cl\/es\/wp-json\/wp\/v2\/comments?post=8796"}],"wp:featuredmedia":[{"embeddable":true,"href":"https:\/\/funerariaconceptochile.cl\/es\/wp-json\/wp\/v2\/media\/8669"}],"wp:attachment":[{"href":"https:\/\/funerariaconceptochile.cl\/es\/wp-json\/wp\/v2\/media?parent=8796"}],"wp:term":[{"taxonomy":"product_brand","embeddable":true,"href":"https:\/\/funerariaconceptochile.cl\/es\/wp-json\/wp\/v2\/product_brand?post=8796"},{"taxonomy":"product_cat","embeddable":true,"href":"https:\/\/funerariaconceptochile.cl\/es\/wp-json\/wp\/v2\/product_cat?post=8796"},{"taxonomy":"product_tag","embeddable":true,"href":"https:\/\/funerariaconceptochile.cl\/es\/wp-json\/wp\/v2\/product_tag?post=8796"}],"curies":[{"name":"wp","href":"https:\/\/api.w.org\/{rel}","templated":true}]}}