{"id":7860,"date":"2023-09-09T18:39:41","date_gmt":"2023-09-09T22:39:41","guid":{"rendered":"https:\/\/funerariaconceptochile.cl\/?post_type=product&#038;p=7860"},"modified":"2025-08-28T19:11:54","modified_gmt":"2025-08-28T23:11:54","slug":"paloma-acrilica-dorada-15-cm","status":"publish","type":"product","link":"https:\/\/funerariaconceptochile.cl\/es\/product\/paloma-acrilica-dorada-15-cm\/","title":{"rendered":"paloma acrilica dorada 15 cm"},"content":{"rendered":"<p>Accesorio embellecedor para sepultura de cementerio, caracter\u00edsticas de fabricaci\u00f3n artesanal, con mano de obra Chilena. Proceso de impresion, moldeado y pulido, paloma acrilica, de material acrilico terminaci\u00f3n dorada, altura 16 cm, principales usos cementerio, parque cementerio, embellecimiento de sepulturas, b\u00f3vedas, nichos, decoraci\u00f3n de iglesias y centros religiosos.<\/p>","protected":false},"excerpt":{"rendered":"<ul>\n<li>Solucionamos las distintas necesidades y requerimientos de nuestros clientes, con acabados m\u00e1s profesionales y facilidades de pago.<\/li>\n<li>Para trabajos especiales y a medida, por favor no dude en comunicarse con nosotros.<\/li>\n<\/ul>","protected":false},"featured_media":7924,"comment_status":"open","ping_status":"closed","template":"","meta":[],"product_brand":[],"product_cat":[73],"product_tag":[],"class_list":{"0":"post-7860","1":"product","2":"type-product","3":"status-publish","4":"has-post-thumbnail","6":"product_cat-accesorios-funerarios","8":"first","9":"instock","10":"shipping-taxable","11":"purchasable","12":"product-type-simple"},"yoast_head":"<!-- This site is optimized with the Yoast SEO plugin v27.3 - https:\/\/yoast.com\/product\/yoast-seo-wordpress\/ -->\n<title>paloma acrilica dorada 15 cm - Funeraria Concepto<\/title>\n<meta name=\"robots\" content=\"index, follow, max-snippet:-1, max-image-preview:large, max-video-preview:-1\" \/>\n<link rel=\"canonical\" href=\"https:\/\/funerariaconceptochile.cl\/es\/product\/paloma-acrilica-dorada-15-cm\/\" \/>\n<meta property=\"og:locale\" content=\"es_ES\" \/>\n<meta property=\"og:type\" content=\"article\" \/>\n<meta property=\"og:title\" content=\"paloma acrilica dorada 15 cm - Funeraria Concepto\" \/>\n<meta property=\"og:description\" content=\"Solucionamos las distintas necesidades y requerimientos de nuestros clientes, con acabados m\u00e1s profesionales y facilidades de pago.  Para trabajos especiales y a medida, por favor no dude en comunicarse con nosotros.\" \/>\n<meta property=\"og:url\" content=\"https:\/\/funerariaconceptochile.cl\/es\/product\/paloma-acrilica-dorada-15-cm\/\" \/>\n<meta property=\"og:site_name\" content=\"Funeraria Concepto\" \/>\n<meta property=\"article:modified_time\" content=\"2025-08-28T23:11:54+00:00\" \/>\n<meta property=\"og:image\" content=\"https:\/\/funerariaconceptochile.cl\/wp-content\/uploads\/2023\/09\/84.-paloma-acrilica-dorada-15-cm.png\" \/>\n\t<meta property=\"og:image:width\" content=\"600\" \/>\n\t<meta property=\"og:image:height\" content=\"600\" \/>\n\t<meta property=\"og:image:type\" content=\"image\/png\" \/>\n<meta name=\"twitter:card\" content=\"summary_large_image\" \/>\n<script type=\"application\/ld+json\" class=\"yoast-schema-graph\">{\"@context\":\"https:\\\/\\\/schema.org\",\"@graph\":[{\"@type\":\"WebPage\",\"@id\":\"https:\\\/\\\/funerariaconceptochile.cl\\\/product\\\/paloma-acrilica-dorada-15-cm\\\/\",\"url\":\"https:\\\/\\\/funerariaconceptochile.cl\\\/product\\\/paloma-acrilica-dorada-15-cm\\\/\",\"name\":\"paloma acrilica dorada 15 cm - Funeraria Concepto\",\"isPartOf\":{\"@id\":\"https:\\\/\\\/funerariaconceptochile.cl\\\/#website\"},\"primaryImageOfPage\":{\"@id\":\"https:\\\/\\\/funerariaconceptochile.cl\\\/product\\\/paloma-acrilica-dorada-15-cm\\\/#primaryimage\"},\"image\":{\"@id\":\"https:\\\/\\\/funerariaconceptochile.cl\\\/product\\\/paloma-acrilica-dorada-15-cm\\\/#primaryimage\"},\"thumbnailUrl\":\"https:\\\/\\\/funerariaconceptochile.cl\\\/wp-content\\\/uploads\\\/2023\\\/09\\\/84.-paloma-acrilica-dorada-15-cm.png\",\"datePublished\":\"2023-09-09T22:39:41+00:00\",\"dateModified\":\"2025-08-28T23:11:54+00:00\",\"breadcrumb\":{\"@id\":\"https:\\\/\\\/funerariaconceptochile.cl\\\/product\\\/paloma-acrilica-dorada-15-cm\\\/#breadcrumb\"},\"inLanguage\":\"es\",\"potentialAction\":[{\"@type\":\"ReadAction\",\"target\":[\"https:\\\/\\\/funerariaconceptochile.cl\\\/product\\\/paloma-acrilica-dorada-15-cm\\\/\"]}]},{\"@type\":\"ImageObject\",\"inLanguage\":\"es\",\"@id\":\"https:\\\/\\\/funerariaconceptochile.cl\\\/product\\\/paloma-acrilica-dorada-15-cm\\\/#primaryimage\",\"url\":\"https:\\\/\\\/funerariaconceptochile.cl\\\/wp-content\\\/uploads\\\/2023\\\/09\\\/84.-paloma-acrilica-dorada-15-cm.png\",\"contentUrl\":\"https:\\\/\\\/funerariaconceptochile.cl\\\/wp-content\\\/uploads\\\/2023\\\/09\\\/84.-paloma-acrilica-dorada-15-cm.png\",\"width\":600,\"height\":600},{\"@type\":\"BreadcrumbList\",\"@id\":\"https:\\\/\\\/funerariaconceptochile.cl\\\/product\\\/paloma-acrilica-dorada-15-cm\\\/#breadcrumb\",\"itemListElement\":[{\"@type\":\"ListItem\",\"position\":1,\"name\":\"Portada\",\"item\":\"https:\\\/\\\/funerariaconceptochile.cl\\\/\"},{\"@type\":\"ListItem\",\"position\":2,\"name\":\"Accesorios\",\"item\":\"https:\\\/\\\/funerariaconceptochile.cl\\\/shop\\\/\"},{\"@type\":\"ListItem\",\"position\":3,\"name\":\"paloma acrilica dorada 15 cm\"}]},{\"@type\":\"WebSite\",\"@id\":\"https:\\\/\\\/funerariaconceptochile.cl\\\/#website\",\"url\":\"https:\\\/\\\/funerariaconceptochile.cl\\\/\",\"name\":\"Funeraria Concepto\",\"description\":\"\",\"potentialAction\":[{\"@type\":\"SearchAction\",\"target\":{\"@type\":\"EntryPoint\",\"urlTemplate\":\"https:\\\/\\\/funerariaconceptochile.cl\\\/?s={search_term_string}\"},\"query-input\":{\"@type\":\"PropertyValueSpecification\",\"valueRequired\":true,\"valueName\":\"search_term_string\"}}],\"inLanguage\":\"es\"}]}<\/script>\n<!-- \/ Yoast SEO plugin. -->","yoast_head_json":{"title":"paloma acrilica dorada 15 cm - Funeraria Concepto","robots":{"index":"index","follow":"follow","max-snippet":"max-snippet:-1","max-image-preview":"max-image-preview:large","max-video-preview":"max-video-preview:-1"},"canonical":"https:\/\/funerariaconceptochile.cl\/es\/product\/paloma-acrilica-dorada-15-cm\/","og_locale":"es_ES","og_type":"article","og_title":"paloma acrilica dorada 15 cm - Funeraria Concepto","og_description":"Solucionamos las distintas necesidades y requerimientos de nuestros clientes, con acabados m\u00e1s profesionales y facilidades de pago.  Para trabajos especiales y a medida, por favor no dude en comunicarse con nosotros.","og_url":"https:\/\/funerariaconceptochile.cl\/es\/product\/paloma-acrilica-dorada-15-cm\/","og_site_name":"Funeraria Concepto","article_modified_time":"2025-08-28T23:11:54+00:00","og_image":[{"width":600,"height":600,"url":"https:\/\/funerariaconceptochile.cl\/wp-content\/uploads\/2023\/09\/84.-paloma-acrilica-dorada-15-cm.png","type":"image\/png"}],"twitter_card":"summary_large_image","schema":{"@context":"https:\/\/schema.org","@graph":[{"@type":"WebPage","@id":"https:\/\/funerariaconceptochile.cl\/product\/paloma-acrilica-dorada-15-cm\/","url":"https:\/\/funerariaconceptochile.cl\/product\/paloma-acrilica-dorada-15-cm\/","name":"paloma acrilica dorada 15 cm - Funeraria Concepto","isPartOf":{"@id":"https:\/\/funerariaconceptochile.cl\/#website"},"primaryImageOfPage":{"@id":"https:\/\/funerariaconceptochile.cl\/product\/paloma-acrilica-dorada-15-cm\/#primaryimage"},"image":{"@id":"https:\/\/funerariaconceptochile.cl\/product\/paloma-acrilica-dorada-15-cm\/#primaryimage"},"thumbnailUrl":"https:\/\/funerariaconceptochile.cl\/wp-content\/uploads\/2023\/09\/84.-paloma-acrilica-dorada-15-cm.png","datePublished":"2023-09-09T22:39:41+00:00","dateModified":"2025-08-28T23:11:54+00:00","breadcrumb":{"@id":"https:\/\/funerariaconceptochile.cl\/product\/paloma-acrilica-dorada-15-cm\/#breadcrumb"},"inLanguage":"es","potentialAction":[{"@type":"ReadAction","target":["https:\/\/funerariaconceptochile.cl\/product\/paloma-acrilica-dorada-15-cm\/"]}]},{"@type":"ImageObject","inLanguage":"es","@id":"https:\/\/funerariaconceptochile.cl\/product\/paloma-acrilica-dorada-15-cm\/#primaryimage","url":"https:\/\/funerariaconceptochile.cl\/wp-content\/uploads\/2023\/09\/84.-paloma-acrilica-dorada-15-cm.png","contentUrl":"https:\/\/funerariaconceptochile.cl\/wp-content\/uploads\/2023\/09\/84.-paloma-acrilica-dorada-15-cm.png","width":600,"height":600},{"@type":"BreadcrumbList","@id":"https:\/\/funerariaconceptochile.cl\/product\/paloma-acrilica-dorada-15-cm\/#breadcrumb","itemListElement":[{"@type":"ListItem","position":1,"name":"Portada","item":"https:\/\/funerariaconceptochile.cl\/"},{"@type":"ListItem","position":2,"name":"Accesorios","item":"https:\/\/funerariaconceptochile.cl\/shop\/"},{"@type":"ListItem","position":3,"name":"paloma acrilica dorada 15 cm"}]},{"@type":"WebSite","@id":"https:\/\/funerariaconceptochile.cl\/#website","url":"https:\/\/funerariaconceptochile.cl\/","name":"Funeraria Concepto","description":"","potentialAction":[{"@type":"SearchAction","target":{"@type":"EntryPoint","urlTemplate":"https:\/\/funerariaconceptochile.cl\/?s={search_term_string}"},"query-input":{"@type":"PropertyValueSpecification","valueRequired":true,"valueName":"search_term_string"}}],"inLanguage":"es"}]}},"_links":{"self":[{"href":"https:\/\/funerariaconceptochile.cl\/es\/wp-json\/wp\/v2\/product\/7860","targetHints":{"allow":["GET"]}}],"collection":[{"href":"https:\/\/funerariaconceptochile.cl\/es\/wp-json\/wp\/v2\/product"}],"about":[{"href":"https:\/\/funerariaconceptochile.cl\/es\/wp-json\/wp\/v2\/types\/product"}],"replies":[{"embeddable":true,"href":"https:\/\/funerariaconceptochile.cl\/es\/wp-json\/wp\/v2\/comments?post=7860"}],"wp:featuredmedia":[{"embeddable":true,"href":"https:\/\/funerariaconceptochile.cl\/es\/wp-json\/wp\/v2\/media\/7924"}],"wp:attachment":[{"href":"https:\/\/funerariaconceptochile.cl\/es\/wp-json\/wp\/v2\/media?parent=7860"}],"wp:term":[{"taxonomy":"product_brand","embeddable":true,"href":"https:\/\/funerariaconceptochile.cl\/es\/wp-json\/wp\/v2\/product_brand?post=7860"},{"taxonomy":"product_cat","embeddable":true,"href":"https:\/\/funerariaconceptochile.cl\/es\/wp-json\/wp\/v2\/product_cat?post=7860"},{"taxonomy":"product_tag","embeddable":true,"href":"https:\/\/funerariaconceptochile.cl\/es\/wp-json\/wp\/v2\/product_tag?post=7860"}],"curies":[{"name":"wp","href":"https:\/\/api.w.org\/{rel}","templated":true}]}}