{"id":7825,"date":"2023-09-09T12:41:25","date_gmt":"2023-09-09T16:41:25","guid":{"rendered":"https:\/\/funerariaconceptochile.cl\/?post_type=product&#038;p=7825"},"modified":"2025-08-28T19:11:55","modified_gmt":"2025-08-28T23:11:55","slug":"producto-prueba","status":"publish","type":"product","link":"https:\/\/funerariaconceptochile.cl\/es\/product\/producto-prueba\/","title":{"rendered":"rosa cromada 20 cm"},"content":{"rendered":"<p>accesorio embellecedor para sepultura de cementerio, caracter\u00edsticas de fabricaci\u00f3n, con mano de obra Chilena, proceso de fundici\u00f3n de metal, moldeado y pulido, rosa de material bronce terminaci\u00f3n cromado, altura 20 cm, incluye pernos de instalaci\u00f3n, principales usos cementerio, parque cementerio, embellecimiento de sepulturas, b\u00f3vedas, nichos, decoraci\u00f3n de iglesias y centros religiosos<\/p>\n<p>&nbsp;<\/p>\n<p>&nbsp;<\/p>","protected":false},"excerpt":{"rendered":"<p>accesorio embellecedor para sepultura de cementerio, caracter\u00edsticas de fabricaci\u00f3n, con mano de obra Chilena, proceso de fundici\u00f3n de metal, moldeado<\/p>","protected":false},"featured_media":7830,"comment_status":"open","ping_status":"closed","template":"","meta":[],"product_brand":[],"product_cat":[73],"product_tag":[],"class_list":{"0":"post-7825","1":"product","2":"type-product","3":"status-publish","4":"has-post-thumbnail","6":"product_cat-accesorios-funerarios","8":"first","9":"instock","10":"shipping-taxable","11":"purchasable","12":"product-type-simple"},"yoast_head":"<!-- This site is optimized with the Yoast SEO plugin v27.5 - https:\/\/yoast.com\/product\/yoast-seo-wordpress\/ -->\n<title>rosa cromada 20 cm - Funeraria Concepto<\/title>\n<meta name=\"robots\" content=\"index, follow, max-snippet:-1, max-image-preview:large, max-video-preview:-1\" \/>\n<link rel=\"canonical\" href=\"https:\/\/funerariaconceptochile.cl\/es\/product\/producto-prueba\/\" \/>\n<meta property=\"og:locale\" content=\"es_ES\" \/>\n<meta property=\"og:type\" content=\"article\" \/>\n<meta property=\"og:title\" content=\"rosa cromada 20 cm - Funeraria Concepto\" \/>\n<meta property=\"og:description\" content=\"accesorio embellecedor para sepultura de cementerio, caracter\u00edsticas de fabricaci\u00f3n, con mano de obra Chilena, proceso de fundici\u00f3n de metal, moldeado\" \/>\n<meta property=\"og:url\" content=\"https:\/\/funerariaconceptochile.cl\/es\/product\/producto-prueba\/\" \/>\n<meta property=\"og:site_name\" content=\"Funeraria Concepto\" \/>\n<meta property=\"article:modified_time\" content=\"2025-08-28T23:11:55+00:00\" \/>\n<meta property=\"og:image\" content=\"https:\/\/funerariaconceptochile.cl\/wp-content\/uploads\/2023\/09\/134.-rosa-cromada-20-cm.png\" \/>\n\t<meta property=\"og:image:width\" content=\"600\" \/>\n\t<meta property=\"og:image:height\" content=\"600\" \/>\n\t<meta property=\"og:image:type\" content=\"image\/png\" \/>\n<meta name=\"twitter:card\" content=\"summary_large_image\" \/>\n<script type=\"application\/ld+json\" class=\"yoast-schema-graph\">{\"@context\":\"https:\\\/\\\/schema.org\",\"@graph\":[{\"@type\":\"WebPage\",\"@id\":\"https:\\\/\\\/funerariaconceptochile.cl\\\/product\\\/producto-prueba\\\/\",\"url\":\"https:\\\/\\\/funerariaconceptochile.cl\\\/product\\\/producto-prueba\\\/\",\"name\":\"rosa cromada 20 cm - Funeraria Concepto\",\"isPartOf\":{\"@id\":\"https:\\\/\\\/funerariaconceptochile.cl\\\/#website\"},\"primaryImageOfPage\":{\"@id\":\"https:\\\/\\\/funerariaconceptochile.cl\\\/product\\\/producto-prueba\\\/#primaryimage\"},\"image\":{\"@id\":\"https:\\\/\\\/funerariaconceptochile.cl\\\/product\\\/producto-prueba\\\/#primaryimage\"},\"thumbnailUrl\":\"https:\\\/\\\/funerariaconceptochile.cl\\\/wp-content\\\/uploads\\\/2023\\\/09\\\/134.-rosa-cromada-20-cm.png\",\"datePublished\":\"2023-09-09T16:41:25+00:00\",\"dateModified\":\"2025-08-28T23:11:55+00:00\",\"breadcrumb\":{\"@id\":\"https:\\\/\\\/funerariaconceptochile.cl\\\/product\\\/producto-prueba\\\/#breadcrumb\"},\"inLanguage\":\"es\",\"potentialAction\":[{\"@type\":\"ReadAction\",\"target\":[\"https:\\\/\\\/funerariaconceptochile.cl\\\/product\\\/producto-prueba\\\/\"]}]},{\"@type\":\"ImageObject\",\"inLanguage\":\"es\",\"@id\":\"https:\\\/\\\/funerariaconceptochile.cl\\\/product\\\/producto-prueba\\\/#primaryimage\",\"url\":\"https:\\\/\\\/funerariaconceptochile.cl\\\/wp-content\\\/uploads\\\/2023\\\/09\\\/134.-rosa-cromada-20-cm.png\",\"contentUrl\":\"https:\\\/\\\/funerariaconceptochile.cl\\\/wp-content\\\/uploads\\\/2023\\\/09\\\/134.-rosa-cromada-20-cm.png\",\"width\":600,\"height\":600},{\"@type\":\"BreadcrumbList\",\"@id\":\"https:\\\/\\\/funerariaconceptochile.cl\\\/product\\\/producto-prueba\\\/#breadcrumb\",\"itemListElement\":[{\"@type\":\"ListItem\",\"position\":1,\"name\":\"Portada\",\"item\":\"https:\\\/\\\/funerariaconceptochile.cl\\\/\"},{\"@type\":\"ListItem\",\"position\":2,\"name\":\"Accesorios\",\"item\":\"https:\\\/\\\/funerariaconceptochile.cl\\\/shop\\\/\"},{\"@type\":\"ListItem\",\"position\":3,\"name\":\"rosa cromada 20 cm\"}]},{\"@type\":\"WebSite\",\"@id\":\"https:\\\/\\\/funerariaconceptochile.cl\\\/#website\",\"url\":\"https:\\\/\\\/funerariaconceptochile.cl\\\/\",\"name\":\"Funeraria Concepto\",\"description\":\"\",\"potentialAction\":[{\"@type\":\"SearchAction\",\"target\":{\"@type\":\"EntryPoint\",\"urlTemplate\":\"https:\\\/\\\/funerariaconceptochile.cl\\\/?s={search_term_string}\"},\"query-input\":{\"@type\":\"PropertyValueSpecification\",\"valueRequired\":true,\"valueName\":\"search_term_string\"}}],\"inLanguage\":\"es\"}]}<\/script>\n<!-- \/ Yoast SEO plugin. -->","yoast_head_json":{"title":"rosa cromada 20 cm - Funeraria Concepto","robots":{"index":"index","follow":"follow","max-snippet":"max-snippet:-1","max-image-preview":"max-image-preview:large","max-video-preview":"max-video-preview:-1"},"canonical":"https:\/\/funerariaconceptochile.cl\/es\/product\/producto-prueba\/","og_locale":"es_ES","og_type":"article","og_title":"rosa cromada 20 cm - Funeraria Concepto","og_description":"accesorio embellecedor para sepultura de cementerio, caracter\u00edsticas de fabricaci\u00f3n, con mano de obra Chilena, proceso de fundici\u00f3n de metal, moldeado","og_url":"https:\/\/funerariaconceptochile.cl\/es\/product\/producto-prueba\/","og_site_name":"Funeraria Concepto","article_modified_time":"2025-08-28T23:11:55+00:00","og_image":[{"width":600,"height":600,"url":"https:\/\/funerariaconceptochile.cl\/wp-content\/uploads\/2023\/09\/134.-rosa-cromada-20-cm.png","type":"image\/png"}],"twitter_card":"summary_large_image","schema":{"@context":"https:\/\/schema.org","@graph":[{"@type":"WebPage","@id":"https:\/\/funerariaconceptochile.cl\/product\/producto-prueba\/","url":"https:\/\/funerariaconceptochile.cl\/product\/producto-prueba\/","name":"rosa cromada 20 cm - Funeraria Concepto","isPartOf":{"@id":"https:\/\/funerariaconceptochile.cl\/#website"},"primaryImageOfPage":{"@id":"https:\/\/funerariaconceptochile.cl\/product\/producto-prueba\/#primaryimage"},"image":{"@id":"https:\/\/funerariaconceptochile.cl\/product\/producto-prueba\/#primaryimage"},"thumbnailUrl":"https:\/\/funerariaconceptochile.cl\/wp-content\/uploads\/2023\/09\/134.-rosa-cromada-20-cm.png","datePublished":"2023-09-09T16:41:25+00:00","dateModified":"2025-08-28T23:11:55+00:00","breadcrumb":{"@id":"https:\/\/funerariaconceptochile.cl\/product\/producto-prueba\/#breadcrumb"},"inLanguage":"es","potentialAction":[{"@type":"ReadAction","target":["https:\/\/funerariaconceptochile.cl\/product\/producto-prueba\/"]}]},{"@type":"ImageObject","inLanguage":"es","@id":"https:\/\/funerariaconceptochile.cl\/product\/producto-prueba\/#primaryimage","url":"https:\/\/funerariaconceptochile.cl\/wp-content\/uploads\/2023\/09\/134.-rosa-cromada-20-cm.png","contentUrl":"https:\/\/funerariaconceptochile.cl\/wp-content\/uploads\/2023\/09\/134.-rosa-cromada-20-cm.png","width":600,"height":600},{"@type":"BreadcrumbList","@id":"https:\/\/funerariaconceptochile.cl\/product\/producto-prueba\/#breadcrumb","itemListElement":[{"@type":"ListItem","position":1,"name":"Portada","item":"https:\/\/funerariaconceptochile.cl\/"},{"@type":"ListItem","position":2,"name":"Accesorios","item":"https:\/\/funerariaconceptochile.cl\/shop\/"},{"@type":"ListItem","position":3,"name":"rosa cromada 20 cm"}]},{"@type":"WebSite","@id":"https:\/\/funerariaconceptochile.cl\/#website","url":"https:\/\/funerariaconceptochile.cl\/","name":"Funeraria Concepto","description":"","potentialAction":[{"@type":"SearchAction","target":{"@type":"EntryPoint","urlTemplate":"https:\/\/funerariaconceptochile.cl\/?s={search_term_string}"},"query-input":{"@type":"PropertyValueSpecification","valueRequired":true,"valueName":"search_term_string"}}],"inLanguage":"es"}]}},"_links":{"self":[{"href":"https:\/\/funerariaconceptochile.cl\/es\/wp-json\/wp\/v2\/product\/7825","targetHints":{"allow":["GET"]}}],"collection":[{"href":"https:\/\/funerariaconceptochile.cl\/es\/wp-json\/wp\/v2\/product"}],"about":[{"href":"https:\/\/funerariaconceptochile.cl\/es\/wp-json\/wp\/v2\/types\/product"}],"replies":[{"embeddable":true,"href":"https:\/\/funerariaconceptochile.cl\/es\/wp-json\/wp\/v2\/comments?post=7825"}],"wp:featuredmedia":[{"embeddable":true,"href":"https:\/\/funerariaconceptochile.cl\/es\/wp-json\/wp\/v2\/media\/7830"}],"wp:attachment":[{"href":"https:\/\/funerariaconceptochile.cl\/es\/wp-json\/wp\/v2\/media?parent=7825"}],"wp:term":[{"taxonomy":"product_brand","embeddable":true,"href":"https:\/\/funerariaconceptochile.cl\/es\/wp-json\/wp\/v2\/product_brand?post=7825"},{"taxonomy":"product_cat","embeddable":true,"href":"https:\/\/funerariaconceptochile.cl\/es\/wp-json\/wp\/v2\/product_cat?post=7825"},{"taxonomy":"product_tag","embeddable":true,"href":"https:\/\/funerariaconceptochile.cl\/es\/wp-json\/wp\/v2\/product_tag?post=7825"}],"curies":[{"name":"wp","href":"https:\/\/api.w.org\/{rel}","templated":true}]}}