{"id":11004,"date":"2025-08-28T19:54:09","date_gmt":"2025-08-28T23:54:09","guid":{"rendered":"https:\/\/funerariaconceptochile.cl\/?post_type=product&#038;p=11004"},"modified":"2025-08-28T19:54:09","modified_gmt":"2025-08-28T23:54:09","slug":"manilla-argolla-bronce-d-85-cm-juego-4-unid","status":"publish","type":"product","link":"https:\/\/funerariaconceptochile.cl\/es\/product\/manilla-argolla-bronce-d-85-cm-juego-4-unid\/","title":{"rendered":"manilla argolla bronce D. 8,5 cm Juego 4 unid"},"content":{"rendered":"<p>accesorio embellecedor para sepultura de cementerio, caracter\u00edsticas de fabricaci\u00f3n, con mano de obra Chilena, proceso de fundici\u00f3n de metal, moldeado y pulido, manilla argolla de material bronce terminaci\u00f3n cromado, juego incluye 4 unidades, diametro argolla 8,5 cm, perno de instalaci\u00f3n 10 cm largo y diametro 8 mm, principales usos cementerio, parque cementerio, embellecimiento de sepulturas, b\u00f3vedas, nichos, decoraci\u00f3n de iglesias y centros religiosos<\/p>","protected":false},"excerpt":{"rendered":"<p>accesorio embellecedor para sepultura de cementerio, caracter\u00edsticas de fabricaci\u00f3n, con mano de obra Chilena, proceso de fundici\u00f3n de metal, moldeado<\/p>","protected":false},"featured_media":8330,"comment_status":"open","ping_status":"closed","template":"","meta":[],"product_brand":[],"product_cat":[73,21],"product_tag":[],"class_list":{"0":"post-11004","1":"product","2":"type-product","3":"status-publish","4":"has-post-thumbnail","6":"product_cat-accesorios-funerarios","7":"product_cat-ventas-anticipadas","9":"first","10":"instock","11":"shipping-taxable","12":"purchasable","13":"product-type-simple"},"yoast_head":"<!-- This site is optimized with the Yoast SEO plugin v27.4 - https:\/\/yoast.com\/product\/yoast-seo-wordpress\/ -->\n<title>manilla argolla bronce D. 8,5 cm Juego 4 unid - Funeraria Concepto<\/title>\n<meta name=\"robots\" content=\"index, follow, max-snippet:-1, max-image-preview:large, max-video-preview:-1\" \/>\n<link rel=\"canonical\" href=\"https:\/\/funerariaconceptochile.cl\/es\/product\/manilla-argolla-bronce-d-85-cm-juego-4-unid\/\" \/>\n<meta property=\"og:locale\" content=\"es_ES\" \/>\n<meta property=\"og:type\" content=\"article\" \/>\n<meta property=\"og:title\" content=\"manilla argolla bronce D. 8,5 cm Juego 4 unid - Funeraria Concepto\" \/>\n<meta property=\"og:description\" content=\"accesorio embellecedor para sepultura de cementerio, caracter\u00edsticas de fabricaci\u00f3n, con mano de obra Chilena, proceso de fundici\u00f3n de metal, moldeado\" \/>\n<meta property=\"og:url\" content=\"https:\/\/funerariaconceptochile.cl\/es\/product\/manilla-argolla-bronce-d-85-cm-juego-4-unid\/\" \/>\n<meta property=\"og:site_name\" content=\"Funeraria Concepto\" \/>\n<meta property=\"og:image\" content=\"https:\/\/funerariaconceptochile.cl\/wp-content\/uploads\/2024\/02\/logo-e1693090430749.png\" \/>\n\t<meta property=\"og:image:width\" content=\"200\" \/>\n\t<meta property=\"og:image:height\" content=\"200\" \/>\n\t<meta property=\"og:image:type\" content=\"image\/png\" \/>\n<meta name=\"twitter:card\" content=\"summary_large_image\" \/>\n<script type=\"application\/ld+json\" class=\"yoast-schema-graph\">{\"@context\":\"https:\\\/\\\/schema.org\",\"@graph\":[{\"@type\":\"WebPage\",\"@id\":\"https:\\\/\\\/funerariaconceptochile.cl\\\/product\\\/manilla-argolla-bronce-d-85-cm-juego-4-unid\\\/\",\"url\":\"https:\\\/\\\/funerariaconceptochile.cl\\\/product\\\/manilla-argolla-bronce-d-85-cm-juego-4-unid\\\/\",\"name\":\"manilla argolla bronce D. 8,5 cm Juego 4 unid - Funeraria Concepto\",\"isPartOf\":{\"@id\":\"https:\\\/\\\/funerariaconceptochile.cl\\\/#website\"},\"primaryImageOfPage\":{\"@id\":\"https:\\\/\\\/funerariaconceptochile.cl\\\/product\\\/manilla-argolla-bronce-d-85-cm-juego-4-unid\\\/#primaryimage\"},\"image\":{\"@id\":\"https:\\\/\\\/funerariaconceptochile.cl\\\/product\\\/manilla-argolla-bronce-d-85-cm-juego-4-unid\\\/#primaryimage\"},\"thumbnailUrl\":\"https:\\\/\\\/funerariaconceptochile.cl\\\/wp-content\\\/uploads\\\/2024\\\/02\\\/logo-e1693090430749.png\",\"datePublished\":\"2025-08-28T23:54:09+00:00\",\"breadcrumb\":{\"@id\":\"https:\\\/\\\/funerariaconceptochile.cl\\\/product\\\/manilla-argolla-bronce-d-85-cm-juego-4-unid\\\/#breadcrumb\"},\"inLanguage\":\"es\",\"potentialAction\":[{\"@type\":\"ReadAction\",\"target\":[\"https:\\\/\\\/funerariaconceptochile.cl\\\/product\\\/manilla-argolla-bronce-d-85-cm-juego-4-unid\\\/\"]}]},{\"@type\":\"ImageObject\",\"inLanguage\":\"es\",\"@id\":\"https:\\\/\\\/funerariaconceptochile.cl\\\/product\\\/manilla-argolla-bronce-d-85-cm-juego-4-unid\\\/#primaryimage\",\"url\":\"https:\\\/\\\/funerariaconceptochile.cl\\\/wp-content\\\/uploads\\\/2024\\\/02\\\/logo-e1693090430749.png\",\"contentUrl\":\"https:\\\/\\\/funerariaconceptochile.cl\\\/wp-content\\\/uploads\\\/2024\\\/02\\\/logo-e1693090430749.png\",\"width\":200,\"height\":200},{\"@type\":\"BreadcrumbList\",\"@id\":\"https:\\\/\\\/funerariaconceptochile.cl\\\/product\\\/manilla-argolla-bronce-d-85-cm-juego-4-unid\\\/#breadcrumb\",\"itemListElement\":[{\"@type\":\"ListItem\",\"position\":1,\"name\":\"Portada\",\"item\":\"https:\\\/\\\/funerariaconceptochile.cl\\\/\"},{\"@type\":\"ListItem\",\"position\":2,\"name\":\"Accesorios\",\"item\":\"https:\\\/\\\/funerariaconceptochile.cl\\\/shop\\\/\"},{\"@type\":\"ListItem\",\"position\":3,\"name\":\"manilla argolla bronce D. 8,5 cm Juego 4 unid\"}]},{\"@type\":\"WebSite\",\"@id\":\"https:\\\/\\\/funerariaconceptochile.cl\\\/#website\",\"url\":\"https:\\\/\\\/funerariaconceptochile.cl\\\/\",\"name\":\"Funeraria Concepto\",\"description\":\"\",\"potentialAction\":[{\"@type\":\"SearchAction\",\"target\":{\"@type\":\"EntryPoint\",\"urlTemplate\":\"https:\\\/\\\/funerariaconceptochile.cl\\\/?s={search_term_string}\"},\"query-input\":{\"@type\":\"PropertyValueSpecification\",\"valueRequired\":true,\"valueName\":\"search_term_string\"}}],\"inLanguage\":\"es\"}]}<\/script>\n<!-- \/ Yoast SEO plugin. -->","yoast_head_json":{"title":"manilla argolla bronce D. 8,5 cm Juego 4 unid - Funeraria Concepto","robots":{"index":"index","follow":"follow","max-snippet":"max-snippet:-1","max-image-preview":"max-image-preview:large","max-video-preview":"max-video-preview:-1"},"canonical":"https:\/\/funerariaconceptochile.cl\/es\/product\/manilla-argolla-bronce-d-85-cm-juego-4-unid\/","og_locale":"es_ES","og_type":"article","og_title":"manilla argolla bronce D. 8,5 cm Juego 4 unid - Funeraria Concepto","og_description":"accesorio embellecedor para sepultura de cementerio, caracter\u00edsticas de fabricaci\u00f3n, con mano de obra Chilena, proceso de fundici\u00f3n de metal, moldeado","og_url":"https:\/\/funerariaconceptochile.cl\/es\/product\/manilla-argolla-bronce-d-85-cm-juego-4-unid\/","og_site_name":"Funeraria Concepto","og_image":[{"width":200,"height":200,"url":"https:\/\/funerariaconceptochile.cl\/wp-content\/uploads\/2024\/02\/logo-e1693090430749.png","type":"image\/png"}],"twitter_card":"summary_large_image","schema":{"@context":"https:\/\/schema.org","@graph":[{"@type":"WebPage","@id":"https:\/\/funerariaconceptochile.cl\/product\/manilla-argolla-bronce-d-85-cm-juego-4-unid\/","url":"https:\/\/funerariaconceptochile.cl\/product\/manilla-argolla-bronce-d-85-cm-juego-4-unid\/","name":"manilla argolla bronce D. 8,5 cm Juego 4 unid - Funeraria Concepto","isPartOf":{"@id":"https:\/\/funerariaconceptochile.cl\/#website"},"primaryImageOfPage":{"@id":"https:\/\/funerariaconceptochile.cl\/product\/manilla-argolla-bronce-d-85-cm-juego-4-unid\/#primaryimage"},"image":{"@id":"https:\/\/funerariaconceptochile.cl\/product\/manilla-argolla-bronce-d-85-cm-juego-4-unid\/#primaryimage"},"thumbnailUrl":"https:\/\/funerariaconceptochile.cl\/wp-content\/uploads\/2024\/02\/logo-e1693090430749.png","datePublished":"2025-08-28T23:54:09+00:00","breadcrumb":{"@id":"https:\/\/funerariaconceptochile.cl\/product\/manilla-argolla-bronce-d-85-cm-juego-4-unid\/#breadcrumb"},"inLanguage":"es","potentialAction":[{"@type":"ReadAction","target":["https:\/\/funerariaconceptochile.cl\/product\/manilla-argolla-bronce-d-85-cm-juego-4-unid\/"]}]},{"@type":"ImageObject","inLanguage":"es","@id":"https:\/\/funerariaconceptochile.cl\/product\/manilla-argolla-bronce-d-85-cm-juego-4-unid\/#primaryimage","url":"https:\/\/funerariaconceptochile.cl\/wp-content\/uploads\/2024\/02\/logo-e1693090430749.png","contentUrl":"https:\/\/funerariaconceptochile.cl\/wp-content\/uploads\/2024\/02\/logo-e1693090430749.png","width":200,"height":200},{"@type":"BreadcrumbList","@id":"https:\/\/funerariaconceptochile.cl\/product\/manilla-argolla-bronce-d-85-cm-juego-4-unid\/#breadcrumb","itemListElement":[{"@type":"ListItem","position":1,"name":"Portada","item":"https:\/\/funerariaconceptochile.cl\/"},{"@type":"ListItem","position":2,"name":"Accesorios","item":"https:\/\/funerariaconceptochile.cl\/shop\/"},{"@type":"ListItem","position":3,"name":"manilla argolla bronce D. 8,5 cm Juego 4 unid"}]},{"@type":"WebSite","@id":"https:\/\/funerariaconceptochile.cl\/#website","url":"https:\/\/funerariaconceptochile.cl\/","name":"Funeraria Concepto","description":"","potentialAction":[{"@type":"SearchAction","target":{"@type":"EntryPoint","urlTemplate":"https:\/\/funerariaconceptochile.cl\/?s={search_term_string}"},"query-input":{"@type":"PropertyValueSpecification","valueRequired":true,"valueName":"search_term_string"}}],"inLanguage":"es"}]}},"_links":{"self":[{"href":"https:\/\/funerariaconceptochile.cl\/es\/wp-json\/wp\/v2\/product\/11004","targetHints":{"allow":["GET"]}}],"collection":[{"href":"https:\/\/funerariaconceptochile.cl\/es\/wp-json\/wp\/v2\/product"}],"about":[{"href":"https:\/\/funerariaconceptochile.cl\/es\/wp-json\/wp\/v2\/types\/product"}],"replies":[{"embeddable":true,"href":"https:\/\/funerariaconceptochile.cl\/es\/wp-json\/wp\/v2\/comments?post=11004"}],"wp:featuredmedia":[{"embeddable":true,"href":"https:\/\/funerariaconceptochile.cl\/es\/wp-json\/wp\/v2\/media\/8330"}],"wp:attachment":[{"href":"https:\/\/funerariaconceptochile.cl\/es\/wp-json\/wp\/v2\/media?parent=11004"}],"wp:term":[{"taxonomy":"product_brand","embeddable":true,"href":"https:\/\/funerariaconceptochile.cl\/es\/wp-json\/wp\/v2\/product_brand?post=11004"},{"taxonomy":"product_cat","embeddable":true,"href":"https:\/\/funerariaconceptochile.cl\/es\/wp-json\/wp\/v2\/product_cat?post=11004"},{"taxonomy":"product_tag","embeddable":true,"href":"https:\/\/funerariaconceptochile.cl\/es\/wp-json\/wp\/v2\/product_tag?post=11004"}],"curies":[{"name":"wp","href":"https:\/\/api.w.org\/{rel}","templated":true}]}}