{"id":10996,"date":"2025-08-21T15:09:46","date_gmt":"2025-08-21T19:09:46","guid":{"rendered":"https:\/\/funerariaconceptochile.cl\/?post_type=product&#038;p=10996"},"modified":"2025-08-21T15:13:28","modified_gmt":"2025-08-21T19:13:28","slug":"reduccion-hojalateria-60x30x30cm","status":"publish","type":"product","link":"https:\/\/funerariaconceptochile.cl\/es\/product\/reduccion-hojalateria-60x30x30cm\/","title":{"rendered":"Reducci\u00f3n hojalater\u00eda 60x30x30cm"},"content":{"rendered":"<p>Reducci\u00f3n de hojalater\u00eda pintada, uniones emballetadas y soldadas. Permite almacenar restos de familiar fallecido posterior a proceso de exhumaci\u00f3n o liveraci\u00f3n de espacio, Principales usos cementerio, parque cementerio, b\u00f3vedas y nichos.<\/p>","protected":false},"excerpt":{"rendered":"<p>Reducci\u00f3n de hojalater\u00eda pintada, uniones emballetadas y soldadas. Permite almacenar restos de familiar fallecido posterior a proceso de exhumaci\u00f3n o<\/p>","protected":false},"featured_media":10906,"comment_status":"open","ping_status":"closed","template":"","meta":[],"product_brand":[],"product_cat":[73],"product_tag":[],"class_list":{"0":"post-10996","1":"product","2":"type-product","3":"status-publish","4":"has-post-thumbnail","6":"product_cat-accesorios-funerarios","8":"first","9":"instock","10":"shipping-taxable","11":"purchasable","12":"product-type-simple"},"yoast_head":"<!-- This site is optimized with the Yoast SEO plugin v27.5 - https:\/\/yoast.com\/product\/yoast-seo-wordpress\/ -->\n<title>Reducci\u00f3n hojalater\u00eda 60x30x30cm - Funeraria Concepto<\/title>\n<meta name=\"robots\" content=\"index, follow, max-snippet:-1, max-image-preview:large, max-video-preview:-1\" \/>\n<link rel=\"canonical\" href=\"https:\/\/funerariaconceptochile.cl\/es\/product\/reduccion-hojalateria-60x30x30cm\/\" \/>\n<meta property=\"og:locale\" content=\"es_ES\" \/>\n<meta property=\"og:type\" content=\"article\" \/>\n<meta property=\"og:title\" content=\"Reducci\u00f3n hojalater\u00eda 60x30x30cm - Funeraria Concepto\" \/>\n<meta property=\"og:description\" content=\"Reducci\u00f3n de hojalater\u00eda pintada, uniones emballetadas y soldadas. Permite almacenar restos de familiar fallecido posterior a proceso de exhumaci\u00f3n o\" \/>\n<meta property=\"og:url\" content=\"https:\/\/funerariaconceptochile.cl\/es\/product\/reduccion-hojalateria-60x30x30cm\/\" \/>\n<meta property=\"og:site_name\" content=\"Funeraria Concepto\" \/>\n<meta property=\"article:modified_time\" content=\"2025-08-21T19:13:28+00:00\" \/>\n<meta property=\"og:image\" content=\"https:\/\/funerariaconceptochile.cl\/wp-content\/uploads\/2025\/08\/80.png\" \/>\n\t<meta property=\"og:image:width\" content=\"495\" \/>\n\t<meta property=\"og:image:height\" content=\"438\" \/>\n\t<meta property=\"og:image:type\" content=\"image\/png\" \/>\n<meta name=\"twitter:card\" content=\"summary_large_image\" \/>\n<script type=\"application\/ld+json\" class=\"yoast-schema-graph\">{\"@context\":\"https:\\\/\\\/schema.org\",\"@graph\":[{\"@type\":\"WebPage\",\"@id\":\"https:\\\/\\\/funerariaconceptochile.cl\\\/product\\\/reduccion-hojalateria-60x30x30cm\\\/\",\"url\":\"https:\\\/\\\/funerariaconceptochile.cl\\\/product\\\/reduccion-hojalateria-60x30x30cm\\\/\",\"name\":\"Reducci\u00f3n hojalater\u00eda 60x30x30cm - Funeraria Concepto\",\"isPartOf\":{\"@id\":\"https:\\\/\\\/funerariaconceptochile.cl\\\/#website\"},\"primaryImageOfPage\":{\"@id\":\"https:\\\/\\\/funerariaconceptochile.cl\\\/product\\\/reduccion-hojalateria-60x30x30cm\\\/#primaryimage\"},\"image\":{\"@id\":\"https:\\\/\\\/funerariaconceptochile.cl\\\/product\\\/reduccion-hojalateria-60x30x30cm\\\/#primaryimage\"},\"thumbnailUrl\":\"https:\\\/\\\/funerariaconceptochile.cl\\\/wp-content\\\/uploads\\\/2025\\\/08\\\/80.png\",\"datePublished\":\"2025-08-21T19:09:46+00:00\",\"dateModified\":\"2025-08-21T19:13:28+00:00\",\"breadcrumb\":{\"@id\":\"https:\\\/\\\/funerariaconceptochile.cl\\\/product\\\/reduccion-hojalateria-60x30x30cm\\\/#breadcrumb\"},\"inLanguage\":\"es\",\"potentialAction\":[{\"@type\":\"ReadAction\",\"target\":[\"https:\\\/\\\/funerariaconceptochile.cl\\\/product\\\/reduccion-hojalateria-60x30x30cm\\\/\"]}]},{\"@type\":\"ImageObject\",\"inLanguage\":\"es\",\"@id\":\"https:\\\/\\\/funerariaconceptochile.cl\\\/product\\\/reduccion-hojalateria-60x30x30cm\\\/#primaryimage\",\"url\":\"https:\\\/\\\/funerariaconceptochile.cl\\\/wp-content\\\/uploads\\\/2025\\\/08\\\/80.png\",\"contentUrl\":\"https:\\\/\\\/funerariaconceptochile.cl\\\/wp-content\\\/uploads\\\/2025\\\/08\\\/80.png\",\"width\":495,\"height\":438},{\"@type\":\"BreadcrumbList\",\"@id\":\"https:\\\/\\\/funerariaconceptochile.cl\\\/product\\\/reduccion-hojalateria-60x30x30cm\\\/#breadcrumb\",\"itemListElement\":[{\"@type\":\"ListItem\",\"position\":1,\"name\":\"Portada\",\"item\":\"https:\\\/\\\/funerariaconceptochile.cl\\\/\"},{\"@type\":\"ListItem\",\"position\":2,\"name\":\"Accesorios\",\"item\":\"https:\\\/\\\/funerariaconceptochile.cl\\\/shop\\\/\"},{\"@type\":\"ListItem\",\"position\":3,\"name\":\"Reducci\u00f3n hojalater\u00eda 60x30x30cm\"}]},{\"@type\":\"WebSite\",\"@id\":\"https:\\\/\\\/funerariaconceptochile.cl\\\/#website\",\"url\":\"https:\\\/\\\/funerariaconceptochile.cl\\\/\",\"name\":\"Funeraria Concepto\",\"description\":\"\",\"potentialAction\":[{\"@type\":\"SearchAction\",\"target\":{\"@type\":\"EntryPoint\",\"urlTemplate\":\"https:\\\/\\\/funerariaconceptochile.cl\\\/?s={search_term_string}\"},\"query-input\":{\"@type\":\"PropertyValueSpecification\",\"valueRequired\":true,\"valueName\":\"search_term_string\"}}],\"inLanguage\":\"es\"}]}<\/script>\n<!-- \/ Yoast SEO plugin. -->","yoast_head_json":{"title":"Reducci\u00f3n hojalater\u00eda 60x30x30cm - Funeraria Concepto","robots":{"index":"index","follow":"follow","max-snippet":"max-snippet:-1","max-image-preview":"max-image-preview:large","max-video-preview":"max-video-preview:-1"},"canonical":"https:\/\/funerariaconceptochile.cl\/es\/product\/reduccion-hojalateria-60x30x30cm\/","og_locale":"es_ES","og_type":"article","og_title":"Reducci\u00f3n hojalater\u00eda 60x30x30cm - Funeraria Concepto","og_description":"Reducci\u00f3n de hojalater\u00eda pintada, uniones emballetadas y soldadas. Permite almacenar restos de familiar fallecido posterior a proceso de exhumaci\u00f3n o","og_url":"https:\/\/funerariaconceptochile.cl\/es\/product\/reduccion-hojalateria-60x30x30cm\/","og_site_name":"Funeraria Concepto","article_modified_time":"2025-08-21T19:13:28+00:00","og_image":[{"width":495,"height":438,"url":"https:\/\/funerariaconceptochile.cl\/wp-content\/uploads\/2025\/08\/80.png","type":"image\/png"}],"twitter_card":"summary_large_image","schema":{"@context":"https:\/\/schema.org","@graph":[{"@type":"WebPage","@id":"https:\/\/funerariaconceptochile.cl\/product\/reduccion-hojalateria-60x30x30cm\/","url":"https:\/\/funerariaconceptochile.cl\/product\/reduccion-hojalateria-60x30x30cm\/","name":"Reducci\u00f3n hojalater\u00eda 60x30x30cm - Funeraria Concepto","isPartOf":{"@id":"https:\/\/funerariaconceptochile.cl\/#website"},"primaryImageOfPage":{"@id":"https:\/\/funerariaconceptochile.cl\/product\/reduccion-hojalateria-60x30x30cm\/#primaryimage"},"image":{"@id":"https:\/\/funerariaconceptochile.cl\/product\/reduccion-hojalateria-60x30x30cm\/#primaryimage"},"thumbnailUrl":"https:\/\/funerariaconceptochile.cl\/wp-content\/uploads\/2025\/08\/80.png","datePublished":"2025-08-21T19:09:46+00:00","dateModified":"2025-08-21T19:13:28+00:00","breadcrumb":{"@id":"https:\/\/funerariaconceptochile.cl\/product\/reduccion-hojalateria-60x30x30cm\/#breadcrumb"},"inLanguage":"es","potentialAction":[{"@type":"ReadAction","target":["https:\/\/funerariaconceptochile.cl\/product\/reduccion-hojalateria-60x30x30cm\/"]}]},{"@type":"ImageObject","inLanguage":"es","@id":"https:\/\/funerariaconceptochile.cl\/product\/reduccion-hojalateria-60x30x30cm\/#primaryimage","url":"https:\/\/funerariaconceptochile.cl\/wp-content\/uploads\/2025\/08\/80.png","contentUrl":"https:\/\/funerariaconceptochile.cl\/wp-content\/uploads\/2025\/08\/80.png","width":495,"height":438},{"@type":"BreadcrumbList","@id":"https:\/\/funerariaconceptochile.cl\/product\/reduccion-hojalateria-60x30x30cm\/#breadcrumb","itemListElement":[{"@type":"ListItem","position":1,"name":"Portada","item":"https:\/\/funerariaconceptochile.cl\/"},{"@type":"ListItem","position":2,"name":"Accesorios","item":"https:\/\/funerariaconceptochile.cl\/shop\/"},{"@type":"ListItem","position":3,"name":"Reducci\u00f3n hojalater\u00eda 60x30x30cm"}]},{"@type":"WebSite","@id":"https:\/\/funerariaconceptochile.cl\/#website","url":"https:\/\/funerariaconceptochile.cl\/","name":"Funeraria Concepto","description":"","potentialAction":[{"@type":"SearchAction","target":{"@type":"EntryPoint","urlTemplate":"https:\/\/funerariaconceptochile.cl\/?s={search_term_string}"},"query-input":{"@type":"PropertyValueSpecification","valueRequired":true,"valueName":"search_term_string"}}],"inLanguage":"es"}]}},"_links":{"self":[{"href":"https:\/\/funerariaconceptochile.cl\/es\/wp-json\/wp\/v2\/product\/10996","targetHints":{"allow":["GET"]}}],"collection":[{"href":"https:\/\/funerariaconceptochile.cl\/es\/wp-json\/wp\/v2\/product"}],"about":[{"href":"https:\/\/funerariaconceptochile.cl\/es\/wp-json\/wp\/v2\/types\/product"}],"replies":[{"embeddable":true,"href":"https:\/\/funerariaconceptochile.cl\/es\/wp-json\/wp\/v2\/comments?post=10996"}],"wp:featuredmedia":[{"embeddable":true,"href":"https:\/\/funerariaconceptochile.cl\/es\/wp-json\/wp\/v2\/media\/10906"}],"wp:attachment":[{"href":"https:\/\/funerariaconceptochile.cl\/es\/wp-json\/wp\/v2\/media?parent=10996"}],"wp:term":[{"taxonomy":"product_brand","embeddable":true,"href":"https:\/\/funerariaconceptochile.cl\/es\/wp-json\/wp\/v2\/product_brand?post=10996"},{"taxonomy":"product_cat","embeddable":true,"href":"https:\/\/funerariaconceptochile.cl\/es\/wp-json\/wp\/v2\/product_cat?post=10996"},{"taxonomy":"product_tag","embeddable":true,"href":"https:\/\/funerariaconceptochile.cl\/es\/wp-json\/wp\/v2\/product_tag?post=10996"}],"curies":[{"name":"wp","href":"https:\/\/api.w.org\/{rel}","templated":true}]}}