{"id":9525,"date":"2024-09-22T00:05:28","date_gmt":"2024-09-22T04:05:28","guid":{"rendered":"https:\/\/funerariaconceptochile.cl\/?page_id=9525"},"modified":"2026-04-28T22:55:35","modified_gmt":"2026-04-29T02:55:35","slug":"servicios-repatriacion","status":"publish","type":"page","link":"https:\/\/funerariaconceptochile.cl\/es\/servicios-repatriacion\/","title":{"rendered":"Repatriaci\u00f3n"},"content":{"rendered":"<section class=\"wpb-content-wrapper\"><div class=\"vc_row wpb_row vc_row-fluid\"><div class=\"wpb_column vc_column_container vc_col-sm-12\"><div class=\"vc_column-inner\"><div class=\"wpb_wrapper\">\n\t<div class=\"wpb_raw_code wpb_content_element wpb_raw_html\" >\n\t\t<div class=\"wpb_wrapper\">\n\t\t\t<div class=\"repatriacion-container\">\n    <!-- Nuevo contenido -->\n    <h1 class=\"titulo-principal\">Te apoyamos en todo lo que necesites<\/h1>\n    <p class=\"sub-text\">\n        Nos encargamos de todo el servicio funerario y hacemos las gestiones necesarias para traslados internacionales y repatriaci\u00f3n de fallecidos desde y hasta cualquier parte del Mundo. \n        Contamos con una red especializada en log\u00edstica y asistencia funeraria internacional.\n    <\/p>\n\n    <h2 class=\"titulo-servicio\">\u00bfC\u00f3mo solicitar un servicio de repatriaci\u00f3n?<\/h2>\n    \n    <div class=\"contact-info\">\n        <div class=\"contact-card\">\n            <img decoding=\"async\" src=\"https:\/\/funerariaconceptochile.cl\/wp-content\/uploads\/2024\/11\/telefono.png\" alt=\"Tel\u00e9fono nacional\" class=\"contact-image\">\n            <p>951 180 538<\/p>\n            <p>Tel\u00e9fono de contacto<\/p>\n        <\/div>\n        <div class=\"contact-card\">\n            <img decoding=\"async\" src=\"https:\/\/funerariaconceptochile.cl\/wp-content\/uploads\/2024\/11\/correo-electronico.png\" alt=\"Correo electr\u00f3nico\" class=\"contact-image\">\n            <p>contactofunerariaconcepto@gmail.com<\/p>\n            <p>Correo electr\u00f3nico<\/p>\n        <\/div>\n    <\/div>\n    \n    <p class=\"sub-text\">Si est\u00e1s en esta situaci\u00f3n, estamos aqu\u00ed para ayudarte. Ponte en contacto con nosotros y te informamos de los pasos a seguir:<\/p>\n\n    <ul class=\"servicios-list\">\n        <li>Selecci\u00f3n de ata\u00fad o f\u00e9retro<\/li>\n        <li>Asistencia y traslado del fallecido<\/li>\n        <li>Reserva a\u00e9rea o transporte por carretera<\/li>\n        <li>Gesti\u00f3n de documentos para las administraciones p\u00fablicas<\/li>\n        <li>Tramitaci\u00f3n de la documentaci\u00f3n consular<\/li>\n        <li>Tr\u00e1mites y gestiones necesarias desde origen a destino<\/li>\n        <li>Tratamiento sanitario<\/li>\n    <\/ul>\n\n    <h3 class=\"titulo-servicio\">Servicio de repatriaci\u00f3n Funeraria Concepto<\/h3>\n    <p class=\"sub-text\">\n        Ante accidentes, cat\u00e1strofes naturales, emergencias m\u00e9dicas o cualquier causa de fallecimiento en el extranjero, Funeraria Concepto gestiona la repatriaci\u00f3n del cuerpo encarg\u00e1ndonos de todos los tr\u00e1mites hasta la llegada a su destino.\n        Nuestros servicios de repatriaciones est\u00e1n activos para todos los pa\u00edses del mundo e incluyen la atenci\u00f3n 24h para gestionar la asistencia y traslado del fallecido en el pa\u00eds de la defunci\u00f3n, la colaboraci\u00f3n con funerarias, consulados y aerol\u00edneas para realizar el traslado con \u00e9xito.\n    <\/p>\n<\/div>\n\n<style>\n@import url('https:\/\/fonts.googleapis.com\/css2?family=Poppins:wght@300;400;600;700&display=swap');\n\n.repatriacion-container {\n    font-family: 'Poppins', sans-serif;\n    color: #333;\n}\n\n.header-image img {\n    width: 100%;\n    max-width: 1350px; \/* Asegura que la imagen no sobrepase el ancho *\/\n    height: 461px;\n    object-fit: cover; \/* Mantiene la proporci\u00f3n sin distorsionar *\/\n    display: block;\n    margin: 0 auto; \/* Centra la imagen *\/\n}\n\n.titulo-principal {\n    margin-top: 30px; \/* A\u00f1ade espacio entre la imagen y el t\u00edtulo *\/\n}\n\nh1 {\n    color: #000; \/* Negro resaltado *\/\n    font-size: 28px;\n    font-weight: 700; \/* M\u00e1s grueso para destacar *\/\n    margin-bottom: 20px;\n    text-align: center; \/* Centrado *\/\n}\n\n.sub-text {\n    font-size: 16px;\n    margin-bottom: 30px;\n    text-align: center; \/* Centrado *\/\n}\n\n.contact-info {\n    display: flex;\n    justify-content: space-around;\n    margin-bottom: 50px;\n}\n\n.contact-card {\n    text-align: center;\n    width: 40%; \/* Ajuste del tama\u00f1o para solo 2 tarjetas *\/\n    border: 1px solid #ddd;\n    padding: 20px;\n    border-radius: 10px;\n    box-shadow: 0 4px 8px rgba(0, 0, 0, 0.1);\n    transition: transform 0.3s ease;\n}\n\n.contact-card:hover {\n    transform: translateY(-5px);\n}\n\n.contact-image {\n    width: 50px;\n    height: 50px;\n    object-fit: cover;\n    margin-bottom: 15px;\n}\n\n.contact-card p {\n    margin: 5px 0;\n}\n\n.titulo-servicio {\n    color: #000; \/* Negro resaltado *\/\n    font-size: 24px;\n    font-weight: 600; \/* Resaltado *\/\n    margin-bottom: 20px;\n    text-align: center; \/* Centrado *\/\n}\n\nul.servicios-list {\n    list-style-type: disc;\n    padding-left: 40px;\n    margin-bottom: 30px;\n}\n\n.servicios-list li {\n    margin-bottom: 10px;\n}\n\nh3.titulo-servicio {\n    color: #000; \/* Negro resaltado *\/\n    font-size: 20px;\n    font-weight: 600;\n    margin-bottom: 10px;\n}\n\n.memora-info {\n    background-color: #f2f2f2;\n    padding: 20px;\n    margin-top: 50px;\n}\n\n.ver-mas {\n    color: #000; \/* Negro resaltado *\/\n    text-decoration: none;\n    font-weight: bold;\n}\n\n.ver-mas:hover {\n    text-decoration: underline;\n}\n<\/style>  \n\t\t<\/div>\n\t<\/div>\n<\/div><\/div><\/div><\/div><div class=\"vc_row wpb_row vc_row-fluid\"><div class=\"wpb_column vc_column_container vc_col-sm-12\"><div class=\"vc_column-inner\"><div class=\"wpb_wrapper\"><div class=\"wpforms-container wpforms-container-full\" id=\"wpforms-7049\"><form id=\"wpforms-form-7049\" class=\"wpforms-validate wpforms-form wpforms-ajax-form\" data-formid=\"7049\" method=\"post\" enctype=\"multipart\/form-data\" action=\"\/es\/wp-json\/wp\/v2\/pages\/9525\" data-token=\"93dd5fd7bcac90f793b2e3e30ac8fcf7\" data-token-time=\"1778300768\"><noscript class=\"wpforms-error-noscript\">Por favor, activa JavaScript en tu navegador para completar este formulario.<\/noscript><div class=\"wpforms-field-container\"><div id=\"wpforms-7049-field_0-container\" class=\"wpforms-field wpforms-field-name\" data-field-id=\"0\"><label class=\"wpforms-field-label\">Nombre <span class=\"wpforms-required-label\">*<\/span><\/label><div class=\"wpforms-field-row wpforms-field-large\"><div class=\"wpforms-field-row-block wpforms-first wpforms-one-half\"><input type=\"text\" id=\"wpforms-7049-field_0\" class=\"wpforms-field-name-first wpforms-field-required\" name=\"wpforms[fields][0][first]\" required><label for=\"wpforms-7049-field_0\" class=\"wpforms-field-sublabel after\">Nombre<\/label><\/div><div class=\"wpforms-field-row-block wpforms-one-half\"><input type=\"text\" id=\"wpforms-7049-field_0-last\" class=\"wpforms-field-name-last wpforms-field-required\" name=\"wpforms[fields][0][last]\" required><label for=\"wpforms-7049-field_0-last\" class=\"wpforms-field-sublabel after\">Apellidos<\/label><\/div><\/div><\/div><div id=\"wpforms-7049-field_1-container\" class=\"wpforms-field wpforms-field-email\" data-field-id=\"1\"><label class=\"wpforms-field-label\" for=\"wpforms-7049-field_1\">Correo electr\u00f3nico <span class=\"wpforms-required-label\">*<\/span><\/label><input type=\"email\" id=\"wpforms-7049-field_1\" class=\"wpforms-field-large wpforms-field-required\" name=\"wpforms[fields][1]\" spellcheck=\"false\" required><\/div><div id=\"wpforms-7049-field_3-container\" class=\"wpforms-field wpforms-field-text\" data-field-id=\"3\"><label class=\"wpforms-field-label\" for=\"wpforms-7049-field_3\">Tel\u00e9fono <span class=\"wpforms-required-label\">*<\/span><\/label><input type=\"text\" id=\"wpforms-7049-field_3\" class=\"wpforms-field-large wpforms-field-required\" name=\"wpforms[fields][3]\" required><\/div><div id=\"wpforms-7049-field_2-container\" class=\"wpforms-field wpforms-field-textarea\" data-field-id=\"2\"><label class=\"wpforms-field-label\" for=\"wpforms-7049-field_2\">Comentario o mensaje<\/label><textarea id=\"wpforms-7049-field_2\" class=\"wpforms-field-medium\" name=\"wpforms[fields][2]\" ><\/textarea><\/div><\/div><!-- .wpforms-field-container --><div class=\"wpforms-recaptcha-container wpforms-is-recaptcha wpforms-is-recaptcha-type-v2\" ><div class=\"g-recaptcha\" data-sitekey=\"6LeWpToqAAAAACfIvqzEdIzidBlmKDPLzxbr0Cvn\"><\/div><input type=\"text\" name=\"g-recaptcha-hidden\" class=\"wpforms-recaptcha-hidden\" style=\"position:absolute!important;clip:rect(0,0,0,0)!important;height:1px!important;width:1px!important;border:0!important;overflow:hidden!important;padding:0!important;margin:0!important;\" data-rule-recaptcha=\"1\"><\/div><div class=\"wpforms-submit-container\" ><input type=\"hidden\" name=\"wpforms[id]\" value=\"7049\"><input type=\"hidden\" name=\"page_title\" value=\"\"><input type=\"hidden\" name=\"page_url\" value=\"https:\/\/funerariaconceptochile.cl\/es\/wp-json\/wp\/v2\/pages\/9525\"><input type=\"hidden\" name=\"url_referer\" value=\"\"><button type=\"submit\" name=\"wpforms[submit]\" id=\"wpforms-submit-7049\" class=\"wpforms-submit\" data-alt-text=\"Enviando...\" data-submit-text=\"Enviar\" aria-live=\"assertive\" value=\"wpforms-submit\">Enviar<\/button><img loading=\"lazy\" decoding=\"async\" src=\"https:\/\/funerariaconceptochile.cl\/wp-content\/plugins\/wpforms-lite\/assets\/images\/submit-spin.svg\" class=\"wpforms-submit-spinner\" style=\"display: none;\" width=\"26\" height=\"26\" alt=\"Cargando\"><\/div><\/form><\/div>  <!-- .wpforms-container --><\/div><\/div><\/div><\/div>\n<\/section>","protected":false},"excerpt":{"rendered":"Te apoyamos en todo lo que necesites Nos encargamos de todo el servicio funerario y hacemos las gestiones necesarias para","protected":false},"author":2,"featured_media":0,"parent":0,"menu_order":0,"comment_status":"closed","ping_status":"closed","template":"","meta":{"footnotes":""},"class_list":["post-9525","page","type-page","status-publish","hentry"],"yoast_head":"<!-- This site is optimized with the Yoast SEO plugin v27.5 - https:\/\/yoast.com\/product\/yoast-seo-wordpress\/ -->\n<title>Servicios de Repatriaci\u00f3n | Gesti\u00f3n Nacional e Internacional<\/title>\n<meta name=\"description\" content=\"Coordinamos servicios de repatriaci\u00f3n con acompa\u00f1amiento, gesti\u00f3n documental y apoyo integral a las familias.\" \/>\n<meta name=\"robots\" content=\"index, follow, max-snippet:-1, max-image-preview:large, max-video-preview:-1\" \/>\n<link rel=\"canonical\" href=\"https:\/\/funerariaconceptochile.cl\/es\/servicios-repatriacion\/\" \/>\n<meta property=\"og:locale\" content=\"es_ES\" \/>\n<meta property=\"og:type\" content=\"article\" \/>\n<meta property=\"og:title\" content=\"Servicios de Repatriaci\u00f3n | Gesti\u00f3n Nacional e Internacional\" \/>\n<meta property=\"og:description\" content=\"Coordinamos servicios de repatriaci\u00f3n con acompa\u00f1amiento, gesti\u00f3n documental y apoyo integral a las familias.\" \/>\n<meta property=\"og:url\" content=\"https:\/\/funerariaconceptochile.cl\/es\/servicios-repatriacion\/\" \/>\n<meta property=\"og:site_name\" content=\"Funeraria Concepto\" \/>\n<meta property=\"article:modified_time\" content=\"2026-04-29T02:55:35+00:00\" \/>\n<meta name=\"twitter:card\" content=\"summary_large_image\" \/>\n<meta name=\"twitter:label1\" content=\"Tiempo de lectura\" \/>\n\t<meta name=\"twitter:data1\" content=\"1 minuto\" \/>\n<script type=\"application\/ld+json\" class=\"yoast-schema-graph\">{\"@context\":\"https:\\\/\\\/schema.org\",\"@graph\":[{\"@type\":\"WebPage\",\"@id\":\"https:\\\/\\\/funerariaconceptochile.cl\\\/servicios-repatriacion\\\/\",\"url\":\"https:\\\/\\\/funerariaconceptochile.cl\\\/servicios-repatriacion\\\/\",\"name\":\"Servicios de Repatriaci\u00f3n | Gesti\u00f3n Nacional e Internacional\",\"isPartOf\":{\"@id\":\"https:\\\/\\\/funerariaconceptochile.cl\\\/#website\"},\"datePublished\":\"2024-09-22T04:05:28+00:00\",\"dateModified\":\"2026-04-29T02:55:35+00:00\",\"description\":\"Coordinamos servicios de repatriaci\u00f3n con acompa\u00f1amiento, gesti\u00f3n documental y apoyo integral a las familias.\",\"breadcrumb\":{\"@id\":\"https:\\\/\\\/funerariaconceptochile.cl\\\/servicios-repatriacion\\\/#breadcrumb\"},\"inLanguage\":\"es\",\"potentialAction\":[{\"@type\":\"ReadAction\",\"target\":[\"https:\\\/\\\/funerariaconceptochile.cl\\\/servicios-repatriacion\\\/\"]}]},{\"@type\":\"BreadcrumbList\",\"@id\":\"https:\\\/\\\/funerariaconceptochile.cl\\\/servicios-repatriacion\\\/#breadcrumb\",\"itemListElement\":[{\"@type\":\"ListItem\",\"position\":1,\"name\":\"Portada\",\"item\":\"https:\\\/\\\/funerariaconceptochile.cl\\\/\"},{\"@type\":\"ListItem\",\"position\":2,\"name\":\"Repatriaci\u00f3n\"}]},{\"@type\":\"WebSite\",\"@id\":\"https:\\\/\\\/funerariaconceptochile.cl\\\/#website\",\"url\":\"https:\\\/\\\/funerariaconceptochile.cl\\\/\",\"name\":\"Funeraria Concepto\",\"description\":\"\",\"potentialAction\":[{\"@type\":\"SearchAction\",\"target\":{\"@type\":\"EntryPoint\",\"urlTemplate\":\"https:\\\/\\\/funerariaconceptochile.cl\\\/?s={search_term_string}\"},\"query-input\":{\"@type\":\"PropertyValueSpecification\",\"valueRequired\":true,\"valueName\":\"search_term_string\"}}],\"inLanguage\":\"es\"}]}<\/script>\n<!-- \/ Yoast SEO plugin. -->","yoast_head_json":{"title":"Servicios de Repatriaci\u00f3n | Gesti\u00f3n Nacional e Internacional","description":"Coordinamos servicios de repatriaci\u00f3n con acompa\u00f1amiento, gesti\u00f3n documental y apoyo integral a las familias.","robots":{"index":"index","follow":"follow","max-snippet":"max-snippet:-1","max-image-preview":"max-image-preview:large","max-video-preview":"max-video-preview:-1"},"canonical":"https:\/\/funerariaconceptochile.cl\/es\/servicios-repatriacion\/","og_locale":"es_ES","og_type":"article","og_title":"Servicios de Repatriaci\u00f3n | Gesti\u00f3n Nacional e Internacional","og_description":"Coordinamos servicios de repatriaci\u00f3n con acompa\u00f1amiento, gesti\u00f3n documental y apoyo integral a las familias.","og_url":"https:\/\/funerariaconceptochile.cl\/es\/servicios-repatriacion\/","og_site_name":"Funeraria Concepto","article_modified_time":"2026-04-29T02:55:35+00:00","twitter_card":"summary_large_image","twitter_misc":{"Tiempo de lectura":"1 minuto"},"schema":{"@context":"https:\/\/schema.org","@graph":[{"@type":"WebPage","@id":"https:\/\/funerariaconceptochile.cl\/servicios-repatriacion\/","url":"https:\/\/funerariaconceptochile.cl\/servicios-repatriacion\/","name":"Servicios de Repatriaci\u00f3n | Gesti\u00f3n Nacional e Internacional","isPartOf":{"@id":"https:\/\/funerariaconceptochile.cl\/#website"},"datePublished":"2024-09-22T04:05:28+00:00","dateModified":"2026-04-29T02:55:35+00:00","description":"Coordinamos servicios de repatriaci\u00f3n con acompa\u00f1amiento, gesti\u00f3n documental y apoyo integral a las familias.","breadcrumb":{"@id":"https:\/\/funerariaconceptochile.cl\/servicios-repatriacion\/#breadcrumb"},"inLanguage":"es","potentialAction":[{"@type":"ReadAction","target":["https:\/\/funerariaconceptochile.cl\/servicios-repatriacion\/"]}]},{"@type":"BreadcrumbList","@id":"https:\/\/funerariaconceptochile.cl\/servicios-repatriacion\/#breadcrumb","itemListElement":[{"@type":"ListItem","position":1,"name":"Portada","item":"https:\/\/funerariaconceptochile.cl\/"},{"@type":"ListItem","position":2,"name":"Repatriaci\u00f3n"}]},{"@type":"WebSite","@id":"https:\/\/funerariaconceptochile.cl\/#website","url":"https:\/\/funerariaconceptochile.cl\/","name":"Funeraria Concepto","description":"","potentialAction":[{"@type":"SearchAction","target":{"@type":"EntryPoint","urlTemplate":"https:\/\/funerariaconceptochile.cl\/?s={search_term_string}"},"query-input":{"@type":"PropertyValueSpecification","valueRequired":true,"valueName":"search_term_string"}}],"inLanguage":"es"}]}},"_links":{"self":[{"href":"https:\/\/funerariaconceptochile.cl\/es\/wp-json\/wp\/v2\/pages\/9525","targetHints":{"allow":["GET"]}}],"collection":[{"href":"https:\/\/funerariaconceptochile.cl\/es\/wp-json\/wp\/v2\/pages"}],"about":[{"href":"https:\/\/funerariaconceptochile.cl\/es\/wp-json\/wp\/v2\/types\/page"}],"author":[{"embeddable":true,"href":"https:\/\/funerariaconceptochile.cl\/es\/wp-json\/wp\/v2\/users\/2"}],"replies":[{"embeddable":true,"href":"https:\/\/funerariaconceptochile.cl\/es\/wp-json\/wp\/v2\/comments?post=9525"}],"version-history":[{"count":6,"href":"https:\/\/funerariaconceptochile.cl\/es\/wp-json\/wp\/v2\/pages\/9525\/revisions"}],"predecessor-version":[{"id":11826,"href":"https:\/\/funerariaconceptochile.cl\/es\/wp-json\/wp\/v2\/pages\/9525\/revisions\/11826"}],"wp:attachment":[{"href":"https:\/\/funerariaconceptochile.cl\/es\/wp-json\/wp\/v2\/media?parent=9525"}],"curies":[{"name":"wp","href":"https:\/\/api.w.org\/{rel}","templated":true}]}}