{"id":9412,"date":"2024-08-24T23:46:38","date_gmt":"2024-08-25T03:46:38","guid":{"rendered":"https:\/\/funerariaconceptochile.cl\/?page_id=9412"},"modified":"2026-05-05T23:36:19","modified_gmt":"2026-05-06T03:36:19","slug":"servicios-juridicos-funerarios","status":"publish","type":"page","link":"https:\/\/funerariaconceptochile.cl\/es\/servicios-juridicos-funerarios\/","title":{"rendered":"Servicios Juridicos"},"content":{"rendered":"<section class=\"wpb-content-wrapper\"><div class=\"vc_row wpb_row vc_row-fluid\"><div class=\"wpb_column vc_column_container vc_col-sm-12\"><div class=\"vc_column-inner\"><div class=\"wpb_wrapper\"><div class=\"vc_row wpb_row vc_inner vc_row-fluid\"><div class=\"wpb_column vc_column_container vc_col-sm-12\"><div class=\"vc_column-inner\"><div class=\"wpb_wrapper\">\n\t\t<div id=\"wd-672ed4159846e\" class=\"title-wrapper wd-wpb set-mb-s reset-last-child  wd-rs-672ed4159846e wd-title-color-default wd-title-style-simple text-center  wd-underline-colored\">\n\t\t\t\t\t\t\t<div class=\"title-subtitle  subtitle-color-default font-default subtitle-style-default wd-font-weight-900 wd-fontsize-xs\">Con nuestra \u00e1rea legal integrada por abogados, acompa\u00f1amos y guiamos a familias y particulares que han perdido un ser querido o est\u00e1n pr\u00f3ximos a enfrentar esta experiencia,<\/p>\n<p>En la etapa previa y posterior fallecimiento de un ser querido, son varias las gestiones y diligencias necesarias para dejar todo en orden y enfrentar de manera mas tranquila la despedida de sus seres queridos<\/div>\n\t\t\t\n\t\t\t<div class=\"liner-continer\">\n\t\t\t\t<h4 class=\"woodmart-title-container title  wd-font-weight- wd-fontsize-l\" >Servicios<\/h4>\n\t\t\t\t\t\t\t<\/div>\n\t\t\t\n\t\t\t\n\t\t\t\n\t\t<\/div>\n\t\t\n\t\t<\/div><\/div><\/div><\/div>\n\t<div class=\"wpb_raw_code wpb_content_element wpb_raw_html\" >\n\t\t<div class=\"wpb_wrapper\">\n\t\t\t<div style=\"display: grid; grid-template-columns: repeat(3, 1fr); gap: 20px; padding: 20px; font-family: 'Poppins', sans-serif;\">\n    <!-- Servicio 1 -->\n    <div style=\"background-color: #fff; border-radius: 10px; padding: 20px; text-align: center;\">\n        <h3 style=\"margin-bottom: 15px; color: #000; font-size: 18px;\">Posesi\u00f3n Efectiva<\/h3>\n        <p style=\"color: #000; font-size: 14px; margin-bottom: 20px;\">\n            Posesi\u00f3n efectiva de herencia, incluyendo apertura de testamento, inventario, protocolizaciones, \n            exenci\u00f3n o determinaci\u00f3n, pago y aprobaci\u00f3n del impuesto de herencia e inscripciones.\n        <\/p>\n        <a href=\"mailto:contacto@ejemplo.com?subject=Posesi\u00f3n%20Efectiva\" style=\"text-decoration: none; padding: 10px 15px; background-color: #000; color: #fff; border-radius: 5px; font-size: 14px; display: inline-block;\">M\u00e1s informaci\u00f3n<\/a>\n    <\/div>\n\n    <!-- Servicio 2 -->\n    <div style=\"background-color: #fff; border-radius: 10px; padding: 20px; text-align: center;\">\n        <h3 style=\"margin-bottom: 15px; color: #000; font-size: 18px;\">Inventario Solemne<\/h3>\n        <p style=\"color: #000; font-size: 14px; margin-bottom: 20px;\">\n            El beneficio de inventario permite a los herederos aceptar la herencia limitando su responsabilidad \n            al monto de los bienes heredados, sin comprometer su patrimonio personal.\n        <\/p>\n        <a href=\"mailto:contacto@ejemplo.com?subject=Inventario%20Solemne\" style=\"text-decoration: none; padding: 10px 15px; background-color: #000; color: #fff; border-radius: 5px; font-size: 14px; display: inline-block;\">M\u00e1s informaci\u00f3n<\/a>\n    <\/div>\n\n    <!-- Servicio 3 -->\n    <div style=\"background-color: #fff; border-radius: 10px; padding: 20px; text-align: center;\">\n        <h3 style=\"margin-bottom: 15px; color: #000; font-size: 18px;\">Redacci\u00f3n de Testamentos<\/h3>\n        <p style=\"color: #000; font-size: 14px; margin-bottom: 20px;\">\n            Hacer un testamento garantiza que el destino de sus bienes se cumpla seg\u00fan su voluntad, \n            evitando decisiones legales no deseadas.\n        <\/p>\n        <a href=\"mailto:contacto@ejemplo.com?subject=Redacci\u00f3n%20de%20Testamentos\" style=\"text-decoration: none; padding: 10px 15px; background-color: #000; color: #fff; border-radius: 5px; font-size: 14px; display: inline-block;\">M\u00e1s informaci\u00f3n<\/a>\n    <\/div>\n\n    <!-- Servicio 4 -->\n    <div style=\"background-color: #fff; border-radius: 10px; padding: 20px; text-align: center;\">\n        <h3 style=\"margin-bottom: 15px; color: #000; font-size: 18px;\">Herencia y Legados<\/h3>\n        <p style=\"color: #000; font-size: 14px; margin-bottom: 20px;\">\n            Gesti\u00f3n de la masa hereditaria dejada como universalidad jur\u00eddica o bienes determinados para legatarios.\n        <\/p>\n        <a href=\"mailto:contacto@ejemplo.com?subject=Herencia%20y%20Legados\" style=\"text-decoration: none; padding: 10px 15px; background-color: #000; color: #fff; border-radius: 5px; font-size: 14px; display: inline-block;\">M\u00e1s informaci\u00f3n<\/a>\n    <\/div>\n\n    <!-- Servicio 5 -->\n    <div style=\"background-color: #fff; border-radius: 10px; padding: 20px; text-align: center;\">\n        <h3 style=\"margin-bottom: 15px; color: #000; font-size: 18px;\">Estudios de T\u00edtulos<\/h3>\n        <p style=\"color: #000; font-size: 14px; margin-bottom: 20px;\">\n            Validaci\u00f3n legal de bienes inmuebles, incluyendo titularidad y revisi\u00f3n de grav\u00e1menes o limitaciones jur\u00eddicas.\n        <\/p>\n        <a href=\"mailto:contacto@ejemplo.com?subject=Estudios%20de%20T\u00edtulos\" style=\"text-decoration: none; padding: 10px 15px; background-color: #000; color: #fff; border-radius: 5px; font-size: 14px; display: inline-block;\">M\u00e1s informaci\u00f3n<\/a>\n    <\/div>\n\n    <!-- Servicio 6 -->\n    <div style=\"background-color: #fff; border-radius: 10px; padding: 20px; text-align: center;\">\n        <h3 style=\"margin-bottom: 15px; color: #000; font-size: 18px;\">Cobros de Seguros<\/h3>\n        <p style=\"color: #000; font-size: 14px; margin-bottom: 20px;\">\n            Gesti\u00f3n de seguros por accidentes, ley de tr\u00e1nsito, seguros laborales, AFP, desgravamen y m\u00e1s.\n        <\/p>\n        <a href=\"mailto:contacto@ejemplo.com?subject=Cobros%20de%20Seguros\" style=\"text-decoration: none; padding: 10px 15px; background-color: #000; color: #fff; border-radius: 5px; font-size: 14px; display: inline-block;\">M\u00e1s informaci\u00f3n<\/a>\n    <\/div>\n\n    <!-- Servicio 7 -->\n    <div style=\"background-color: #fff; border-radius: 10px; padding: 20px; text-align: center;\">\n        <h3 style=\"margin-bottom: 15px; color: #000; font-size: 18px;\">Redacci\u00f3n de Escrituras<\/h3>\n        <p style=\"color: #000; font-size: 14px; margin-bottom: 20px;\">\n            Preparaci\u00f3n de escrituras para otorgar o vender bienes en vida, asegurando su bienestar y el de sus seres queridos.\n        <\/p>\n        <a href=\"mailto:contacto@ejemplo.com?subject=Redacci\u00f3n%20de%20Escrituras\" style=\"text-decoration: none; padding: 10px 15px; background-color: #000; color: #fff; border-radius: 5px; font-size: 14px; display: inline-block;\">M\u00e1s informaci\u00f3n<\/a>\n    <\/div>\n\n    <!-- Servicio 8 -->\n    <div style=\"background-color: #fff; border-radius: 10px; padding: 20px; text-align: center;\">\n        <h3 style=\"margin-bottom: 15px; color: #000; font-size: 18px;\">Acciones Sucesorias y Penales<\/h3>\n        <p style=\"color: #000; font-size: 14px; margin-bottom: 20px;\">\n            Defensa de derechos de herederos y acreedores, incluyendo impugnaci\u00f3n de testamentos y acciones penales.\n        <\/p>\n        <a href=\"mailto:contacto@ejemplo.com?subject=Acciones%20Sucesorias%20y%20Penales\" style=\"text-decoration: none; padding: 10px 15px; background-color: #000; color: #fff; border-radius: 5px; font-size: 14px; display: inline-block;\">M\u00e1s informaci\u00f3n<\/a>\n    <\/div>\n\n    <!-- Servicio 9 -->\n    <div style=\"background-color: #fff; border-radius: 10px; padding: 20px; text-align: center;\">\n        <h3 style=\"margin-bottom: 15px; color: #000; font-size: 18px;\">Muerte Presunta<\/h3>\n        <p style=\"color: #000; font-size: 14px; margin-bottom: 20px;\">\n            Procedimiento judicial para declarar fallecido a un desaparecido, regularizando la situaci\u00f3n jur\u00eddica de sus herederos.\n        <\/p>\n        <a href=\"mailto:contacto@ejemplo.com?subject=Muerte%20Presunta\" style=\"text-decoration: none; padding: 10px 15px; background-color: #000; color: #fff; border-radius: 5px; font-size: 14px; display: inline-block;\">M\u00e1s informaci\u00f3n<\/a>\n    <\/div>\n<\/div>\n\n\t\t<\/div>\n\t<\/div>\n<\/div><\/div><\/div><\/div><div class=\"vc_row wpb_row vc_row-fluid\"><div class=\"wpb_column vc_column_container vc_col-sm-12 wd-rs-66caa85a1b22c\"><div class=\"vc_column-inner\"><div class=\"wpb_wrapper\"><div class=\"vc_separator wpb_content_element vc_separator_align_center vc_sep_width_100 vc_sep_pos_align_center vc_separator_no_text vc_sep_color_white\" ><span class=\"vc_sep_holder vc_sep_holder_l\"><span class=\"vc_sep_line\"><\/span><\/span><span class=\"vc_sep_holder vc_sep_holder_r\"><span class=\"vc_sep_line\"><\/span><\/span>\n<\/div>\n\t<div class=\"wpb_raw_code wpb_content_element wpb_raw_html\" >\n\t\t<div class=\"wpb_wrapper\">\n\t\t\t<!DOCTYPE html>\n<html lang=\"es\">\n<head>\n    <meta charset=\"UTF-8\">\n    <meta name=\"viewport\" content=\"width=device-width, initial-scale=1.0\">\n    <title>Funeraria Concepto<\/title>\n    <style>\n        @import url('https:\/\/fonts.googleapis.com\/css2?family=Poppins:wght@400;700&display=swap');\n\n        \/* Encapsular estilos dentro de una clase ra\u00edz *\/\n        .funeraria-concepto-wrapper {\n            font-family: 'Poppins', Arial, sans-serif;\n            margin: 0 auto;\n            padding: 20px;\n            max-width: 800px;\n        }\n\n        .funeraria-concepto-wrapper .content {\n            text-align: center;\n        }\n\n        .funeraria-concepto-wrapper .content h2 {\n            font-size: 1.8em;\n            color: #000000;\n            margin-bottom: 20px;\n        }\n\n        .funeraria-concepto-wrapper .content ul {\n            list-style: none;\n            padding-left: 0;\n            margin: 0 auto;\n            text-align: left;\n            max-width: 600px;\n        }\n\n        .funeraria-concepto-wrapper .content ul li {\n            margin-bottom: 10px;\n            position: relative;\n            padding-left: 20px;\n            font-size: 1em;\n        }\n\n        .funeraria-concepto-wrapper .content ul li:before {\n            content: '\u2714';\n            position: absolute;\n            left: 0;\n            top: 0;\n            color: #000000;\n            font-weight: bold;\n        }\n\n        .funeraria-concepto-wrapper .benefits {\n            display: flex;\n            justify-content: space-around;\n            margin-top: 20px;\n        }\n\n        .funeraria-concepto-wrapper .benefit-item {\n            text-align: center;\n            color: #ffffff;\n            background-color: #000000;\n            padding: 15px;\n            margin: 0 10px;\n            flex: 1;\n            border-radius: 5px;\n        }\n\n        .funeraria-concepto-wrapper .benefit-item h3 {\n            font-size: 1em;\n            color: #ffffff;\n            margin: 0;\n        }\n    <\/style>\n<\/head>\n<body>\n    <div class=\"funeraria-concepto-wrapper\">\n        <div class=\"content\">\n            <h2>\u00bfPor qu\u00e9 gestionar tu caso con Funeraria Concepto?<\/h2>\n            <ul>\n                <li>Primera reuni\u00f3n y asesor\u00eda legal sin costo<\/li>\n                <li>Alineados con nuestra visi\u00f3n de contribuir al bienestar familiar y del entorno, brindamos las mejores soluciones a tus dificultades, recomendando siempre lo mejor para ti<\/li>\n                <li>Somos un equipo jur\u00eddico conformado por abogados cercanos a ti y tu familia. As\u00ed mismo, nos preocupamos de explicar con claridad el procedimiento, acompa\u00f1\u00e1ndote de principio a fin<\/li>\n                <li>No importa d\u00f3nde te encuentres, en todo Chile puedes acceder a nuestra asesor\u00eda y apoyo legal<\/li>\n                <li>No realizamos cobros arbitrarios a nuestros clientes. Buscamos ayudarte y no perjudicarte en estos momentos. Nuestras tarifas son objetivas y asequibles<\/li>\n            <\/ul>\n            <div class=\"benefits\">\n                <div class=\"benefit-item\">\n                    <h3>Asesor\u00eda legal gratuita<\/h3>\n                <\/div>\n                <div class=\"benefit-item\">\n                    <h3>Abogados cercanos a ti y tu familia<\/h3>\n                <\/div>\n                <div class=\"benefit-item\">\n                    <h3>Facilidades de pago<\/h3>\n                <\/div>\n            <\/div>\n        <\/div>\n    <\/div>\n<\/body>\n<\/html>\n\n\t\t<\/div>\n\t<\/div>\n\n\t\t<div id=\"wd-673bbcfca5bb7\" class=\"title-wrapper wd-wpb set-mb-s reset-last-child  wd-rs-673bbcfca5bb7 wd-title-color-default wd-title-style-default text-center  wd-underline-colored\">\n\t\t\t\n\t\t\t<div class=\"liner-continer\">\n\t\t\t\t<h4 class=\"woodmart-title-container title  wd-font-weight- wd-fontsize-l\" >D\u00e9janos tu consulta<br \/>\nY en la brevedad con gusto te responderemos todas tus dudas<\/h4>\n\t\t\t\t\t\t\t<\/div>\n\t\t\t\n\t\t\t\n\t\t\t\n\t\t<\/div>\n\t\t\n\t\t<\/div><\/div><\/div><\/div><div class=\"vc_row wpb_row vc_row-fluid\"><div class=\"wpb_column vc_column_container vc_col-sm-12\"><div class=\"vc_column-inner\"><div class=\"wpb_wrapper\"><div class=\"wpforms-container wpforms-container-full\" id=\"wpforms-7049\"><form id=\"wpforms-form-7049\" class=\"wpforms-validate wpforms-form wpforms-ajax-form\" data-formid=\"7049\" method=\"post\" enctype=\"multipart\/form-data\" action=\"\/es\/wp-json\/wp\/v2\/pages\/9412\" data-token=\"38ba5f7e835aa54902e58870db8046b0\" data-token-time=\"1778077802\"><noscript class=\"wpforms-error-noscript\">Por favor, activa JavaScript en tu navegador para completar este formulario.<\/noscript><div class=\"wpforms-field-container\"><div id=\"wpforms-7049-field_0-container\" class=\"wpforms-field wpforms-field-name\" data-field-id=\"0\"><label class=\"wpforms-field-label\">Nombre <span class=\"wpforms-required-label\">*<\/span><\/label><div class=\"wpforms-field-row wpforms-field-large\"><div class=\"wpforms-field-row-block wpforms-first wpforms-one-half\"><input type=\"text\" id=\"wpforms-7049-field_0\" class=\"wpforms-field-name-first wpforms-field-required\" name=\"wpforms[fields][0][first]\" required><label for=\"wpforms-7049-field_0\" class=\"wpforms-field-sublabel after\">Nombre<\/label><\/div><div class=\"wpforms-field-row-block wpforms-one-half\"><input type=\"text\" id=\"wpforms-7049-field_0-last\" class=\"wpforms-field-name-last wpforms-field-required\" name=\"wpforms[fields][0][last]\" required><label for=\"wpforms-7049-field_0-last\" class=\"wpforms-field-sublabel after\">Apellidos<\/label><\/div><\/div><\/div><div id=\"wpforms-7049-field_1-container\" class=\"wpforms-field wpforms-field-email\" data-field-id=\"1\"><label class=\"wpforms-field-label\" for=\"wpforms-7049-field_1\">Correo electr\u00f3nico <span class=\"wpforms-required-label\">*<\/span><\/label><input type=\"email\" id=\"wpforms-7049-field_1\" class=\"wpforms-field-large wpforms-field-required\" name=\"wpforms[fields][1]\" spellcheck=\"false\" required><\/div><div id=\"wpforms-7049-field_3-container\" class=\"wpforms-field wpforms-field-text\" data-field-id=\"3\"><label class=\"wpforms-field-label\" for=\"wpforms-7049-field_3\">Tel\u00e9fono <span class=\"wpforms-required-label\">*<\/span><\/label><input type=\"text\" id=\"wpforms-7049-field_3\" class=\"wpforms-field-large wpforms-field-required\" name=\"wpforms[fields][3]\" required><\/div><div id=\"wpforms-7049-field_2-container\" class=\"wpforms-field wpforms-field-textarea\" data-field-id=\"2\"><label class=\"wpforms-field-label\" for=\"wpforms-7049-field_2\">Comentario o mensaje<\/label><textarea id=\"wpforms-7049-field_2\" class=\"wpforms-field-medium\" name=\"wpforms[fields][2]\" ><\/textarea><\/div><\/div><!-- .wpforms-field-container --><div class=\"wpforms-recaptcha-container wpforms-is-recaptcha wpforms-is-recaptcha-type-v2\" ><div class=\"g-recaptcha\" data-sitekey=\"6LeWpToqAAAAACfIvqzEdIzidBlmKDPLzxbr0Cvn\"><\/div><input type=\"text\" name=\"g-recaptcha-hidden\" class=\"wpforms-recaptcha-hidden\" style=\"position:absolute!important;clip:rect(0,0,0,0)!important;height:1px!important;width:1px!important;border:0!important;overflow:hidden!important;padding:0!important;margin:0!important;\" data-rule-recaptcha=\"1\"><\/div><div class=\"wpforms-submit-container\" ><input type=\"hidden\" name=\"wpforms[id]\" value=\"7049\"><input type=\"hidden\" name=\"page_title\" value=\"\"><input type=\"hidden\" name=\"page_url\" value=\"https:\/\/funerariaconceptochile.cl\/es\/wp-json\/wp\/v2\/pages\/9412\"><input type=\"hidden\" name=\"url_referer\" value=\"\"><button type=\"submit\" name=\"wpforms[submit]\" id=\"wpforms-submit-7049\" class=\"wpforms-submit\" data-alt-text=\"Enviando...\" data-submit-text=\"Enviar\" aria-live=\"assertive\" value=\"wpforms-submit\">Enviar<\/button><img loading=\"lazy\" decoding=\"async\" src=\"https:\/\/funerariaconceptochile.cl\/wp-content\/plugins\/wpforms-lite\/assets\/images\/submit-spin.svg\" class=\"wpforms-submit-spinner\" style=\"display: none;\" width=\"26\" height=\"26\" alt=\"Cargando\"><\/div><\/form><\/div>  <!-- .wpforms-container --><\/div><\/div><\/div><\/div>\n<\/section>","protected":false},"excerpt":{"rendered":"Con nuestra \u00e1rea legal integrada por abogados, acompa\u00f1amos y guiamos a familias y particulares que han perdido un ser querido","protected":false},"author":2,"featured_media":0,"parent":0,"menu_order":0,"comment_status":"closed","ping_status":"closed","template":"","meta":{"footnotes":""},"class_list":["post-9412","page","type-page","status-publish","hentry"],"yoast_head":"<!-- This site is optimized with the Yoast SEO plugin v27.5 - https:\/\/yoast.com\/product\/yoast-seo-wordpress\/ -->\n<title>Servicios Jur\u00eddicos Funerarios | Asesor\u00eda y Gesti\u00f3n<\/title>\n<meta name=\"description\" content=\"Apoyo y orientaci\u00f3n en tr\u00e1mites y gestiones legales vinculadas a servicios funerarios y procesos asociados. Posesiones efectivas, seguros, cuotas mortorias.\" \/>\n<meta name=\"robots\" content=\"index, follow, max-snippet:-1, max-image-preview:large, max-video-preview:-1\" \/>\n<link rel=\"canonical\" href=\"https:\/\/funerariaconceptochile.cl\/es\/servicios-juridicos-funerarios\/\" \/>\n<meta property=\"og:locale\" content=\"es_ES\" \/>\n<meta property=\"og:type\" content=\"article\" \/>\n<meta property=\"og:title\" content=\"Servicios Jur\u00eddicos Funerarios | Asesor\u00eda y Gesti\u00f3n\" \/>\n<meta property=\"og:description\" content=\"Apoyo y orientaci\u00f3n en tr\u00e1mites y gestiones legales vinculadas a servicios funerarios y procesos asociados. Posesiones efectivas, seguros, cuotas mortorias.\" \/>\n<meta property=\"og:url\" content=\"https:\/\/funerariaconceptochile.cl\/es\/servicios-juridicos-funerarios\/\" \/>\n<meta property=\"og:site_name\" content=\"Funeraria Concepto\" \/>\n<meta property=\"article:modified_time\" content=\"2026-05-06T03:36:19+00:00\" \/>\n<meta name=\"twitter:card\" content=\"summary_large_image\" \/>\n<meta name=\"twitter:label1\" content=\"Tiempo de lectura\" \/>\n\t<meta name=\"twitter:data1\" content=\"1 minuto\" \/>\n<script type=\"application\/ld+json\" class=\"yoast-schema-graph\">{\"@context\":\"https:\\\/\\\/schema.org\",\"@graph\":[{\"@type\":\"WebPage\",\"@id\":\"https:\\\/\\\/funerariaconceptochile.cl\\\/servicios-juridicos-funerarios\\\/\",\"url\":\"https:\\\/\\\/funerariaconceptochile.cl\\\/servicios-juridicos-funerarios\\\/\",\"name\":\"Servicios Jur\u00eddicos Funerarios | Asesor\u00eda y Gesti\u00f3n\",\"isPartOf\":{\"@id\":\"https:\\\/\\\/funerariaconceptochile.cl\\\/#website\"},\"datePublished\":\"2024-08-25T03:46:38+00:00\",\"dateModified\":\"2026-05-06T03:36:19+00:00\",\"description\":\"Apoyo y orientaci\u00f3n en tr\u00e1mites y gestiones legales vinculadas a servicios funerarios y procesos asociados. Posesiones efectivas, seguros, cuotas mortorias.\",\"breadcrumb\":{\"@id\":\"https:\\\/\\\/funerariaconceptochile.cl\\\/servicios-juridicos-funerarios\\\/#breadcrumb\"},\"inLanguage\":\"es\",\"potentialAction\":[{\"@type\":\"ReadAction\",\"target\":[\"https:\\\/\\\/funerariaconceptochile.cl\\\/servicios-juridicos-funerarios\\\/\"]}]},{\"@type\":\"BreadcrumbList\",\"@id\":\"https:\\\/\\\/funerariaconceptochile.cl\\\/servicios-juridicos-funerarios\\\/#breadcrumb\",\"itemListElement\":[{\"@type\":\"ListItem\",\"position\":1,\"name\":\"Portada\",\"item\":\"https:\\\/\\\/funerariaconceptochile.cl\\\/\"},{\"@type\":\"ListItem\",\"position\":2,\"name\":\"Servicios Juridicos\"}]},{\"@type\":\"WebSite\",\"@id\":\"https:\\\/\\\/funerariaconceptochile.cl\\\/#website\",\"url\":\"https:\\\/\\\/funerariaconceptochile.cl\\\/\",\"name\":\"Funeraria Concepto\",\"description\":\"\",\"potentialAction\":[{\"@type\":\"SearchAction\",\"target\":{\"@type\":\"EntryPoint\",\"urlTemplate\":\"https:\\\/\\\/funerariaconceptochile.cl\\\/?s={search_term_string}\"},\"query-input\":{\"@type\":\"PropertyValueSpecification\",\"valueRequired\":true,\"valueName\":\"search_term_string\"}}],\"inLanguage\":\"es\"}]}<\/script>\n<!-- \/ Yoast SEO plugin. -->","yoast_head_json":{"title":"Servicios Jur\u00eddicos Funerarios | Asesor\u00eda y Gesti\u00f3n","description":"Apoyo y orientaci\u00f3n en tr\u00e1mites y gestiones legales vinculadas a servicios funerarios y procesos asociados. Posesiones efectivas, seguros, cuotas mortorias.","robots":{"index":"index","follow":"follow","max-snippet":"max-snippet:-1","max-image-preview":"max-image-preview:large","max-video-preview":"max-video-preview:-1"},"canonical":"https:\/\/funerariaconceptochile.cl\/es\/servicios-juridicos-funerarios\/","og_locale":"es_ES","og_type":"article","og_title":"Servicios Jur\u00eddicos Funerarios | Asesor\u00eda y Gesti\u00f3n","og_description":"Apoyo y orientaci\u00f3n en tr\u00e1mites y gestiones legales vinculadas a servicios funerarios y procesos asociados. Posesiones efectivas, seguros, cuotas mortorias.","og_url":"https:\/\/funerariaconceptochile.cl\/es\/servicios-juridicos-funerarios\/","og_site_name":"Funeraria Concepto","article_modified_time":"2026-05-06T03:36:19+00:00","twitter_card":"summary_large_image","twitter_misc":{"Tiempo de lectura":"1 minuto"},"schema":{"@context":"https:\/\/schema.org","@graph":[{"@type":"WebPage","@id":"https:\/\/funerariaconceptochile.cl\/servicios-juridicos-funerarios\/","url":"https:\/\/funerariaconceptochile.cl\/servicios-juridicos-funerarios\/","name":"Servicios Jur\u00eddicos Funerarios | Asesor\u00eda y Gesti\u00f3n","isPartOf":{"@id":"https:\/\/funerariaconceptochile.cl\/#website"},"datePublished":"2024-08-25T03:46:38+00:00","dateModified":"2026-05-06T03:36:19+00:00","description":"Apoyo y orientaci\u00f3n en tr\u00e1mites y gestiones legales vinculadas a servicios funerarios y procesos asociados. Posesiones efectivas, seguros, cuotas mortorias.","breadcrumb":{"@id":"https:\/\/funerariaconceptochile.cl\/servicios-juridicos-funerarios\/#breadcrumb"},"inLanguage":"es","potentialAction":[{"@type":"ReadAction","target":["https:\/\/funerariaconceptochile.cl\/servicios-juridicos-funerarios\/"]}]},{"@type":"BreadcrumbList","@id":"https:\/\/funerariaconceptochile.cl\/servicios-juridicos-funerarios\/#breadcrumb","itemListElement":[{"@type":"ListItem","position":1,"name":"Portada","item":"https:\/\/funerariaconceptochile.cl\/"},{"@type":"ListItem","position":2,"name":"Servicios Juridicos"}]},{"@type":"WebSite","@id":"https:\/\/funerariaconceptochile.cl\/#website","url":"https:\/\/funerariaconceptochile.cl\/","name":"Funeraria Concepto","description":"","potentialAction":[{"@type":"SearchAction","target":{"@type":"EntryPoint","urlTemplate":"https:\/\/funerariaconceptochile.cl\/?s={search_term_string}"},"query-input":{"@type":"PropertyValueSpecification","valueRequired":true,"valueName":"search_term_string"}}],"inLanguage":"es"}]}},"_links":{"self":[{"href":"https:\/\/funerariaconceptochile.cl\/es\/wp-json\/wp\/v2\/pages\/9412","targetHints":{"allow":["GET"]}}],"collection":[{"href":"https:\/\/funerariaconceptochile.cl\/es\/wp-json\/wp\/v2\/pages"}],"about":[{"href":"https:\/\/funerariaconceptochile.cl\/es\/wp-json\/wp\/v2\/types\/page"}],"author":[{"embeddable":true,"href":"https:\/\/funerariaconceptochile.cl\/es\/wp-json\/wp\/v2\/users\/2"}],"replies":[{"embeddable":true,"href":"https:\/\/funerariaconceptochile.cl\/es\/wp-json\/wp\/v2\/comments?post=9412"}],"version-history":[{"count":14,"href":"https:\/\/funerariaconceptochile.cl\/es\/wp-json\/wp\/v2\/pages\/9412\/revisions"}],"predecessor-version":[{"id":11825,"href":"https:\/\/funerariaconceptochile.cl\/es\/wp-json\/wp\/v2\/pages\/9412\/revisions\/11825"}],"wp:attachment":[{"href":"https:\/\/funerariaconceptochile.cl\/es\/wp-json\/wp\/v2\/media?parent=9412"}],"curies":[{"name":"wp","href":"https:\/\/api.w.org\/{rel}","templated":true}]}}