{"id":7296,"date":"2023-04-26T20:44:13","date_gmt":"2023-04-26T20:44:13","guid":{"rendered":"https:\/\/funerariaconceptochile.cl\/?page_id=7296"},"modified":"2026-05-05T23:34:31","modified_gmt":"2026-05-06T03:34:31","slug":"planes-cremacion","status":"publish","type":"page","link":"https:\/\/funerariaconceptochile.cl\/es\/planes-cremacion\/","title":{"rendered":"Planes de cremaci\u00f3n"},"content":{"rendered":"<section class=\"wpb-content-wrapper\"><div data-vc-full-width=\"true\" data-vc-full-width-init=\"false\" data-vc-stretch-content=\"true\" class=\"vc_row wpb_row vc_row-fluid vc_custom_1682540714249 wd-rs-644988a53e581\"><div class=\"wpb_column vc_column_container vc_col-sm-12\"><div class=\"vc_column-inner\"><div class=\"wpb_wrapper\">\n\t<div  class=\"wpb_single_image wpb_content_element vc_align_center\">\n\t\t\n\t\t<figure class=\"wpb_wrapper vc_figure\">\n\t\t\t<div class=\"vc_single_image-wrapper   vc_box_border_grey\"><img loading=\"lazy\" decoding=\"async\" width=\"1920\" height=\"663\" src=\"https:\/\/funerariaconceptochile.cl\/wp-content\/uploads\/2023\/04\/planes-de-cremacion-2023.jpg\" class=\"vc_single_image-img attachment-full\" alt=\"\" title=\"planes de cremacion 2023\" srcset=\"https:\/\/funerariaconceptochile.cl\/wp-content\/uploads\/2023\/04\/planes-de-cremacion-2023.jpg 1920w, https:\/\/funerariaconceptochile.cl\/wp-content\/uploads\/2023\/04\/planes-de-cremacion-2023-400x138.jpg 400w, https:\/\/funerariaconceptochile.cl\/wp-content\/uploads\/2023\/04\/planes-de-cremacion-2023-1300x449.jpg 1300w, https:\/\/funerariaconceptochile.cl\/wp-content\/uploads\/2023\/04\/planes-de-cremacion-2023-768x265.jpg 768w, https:\/\/funerariaconceptochile.cl\/wp-content\/uploads\/2023\/04\/planes-de-cremacion-2023-1536x530.jpg 1536w, https:\/\/funerariaconceptochile.cl\/wp-content\/uploads\/2023\/04\/planes-de-cremacion-2023-150x52.jpg 150w\" sizes=\"auto, (max-width: 1920px) 100vw, 1920px\" \/><\/div>\n\t\t<\/figure>\n\t<\/div>\n<\/div><\/div><\/div><\/div><div class=\"vc_row-full-width vc_clearfix\"><\/div><div class=\"vc_row wpb_row vc_row-fluid vc_custom_1682541962122 vc_column-gap-20 vc_row-o-content-middle vc_row-flex wd-rs-64498d847bed2\"><div class=\"wpb_column vc_column_container vc_col-sm-6\"><div class=\"vc_column-inner\"><div class=\"wpb_wrapper\">\n\t<div class=\"wpb_text_column wpb_content_element\" >\n\t\t<div class=\"wpb_wrapper\">\n\t\t\t<h3>Planes de cremaci\u00f3n<\/h3>\n<p>Contamos con tres planes de cremaci\u00f3n, para que pueda elegir la mejor opci\u00f3n para la despedida de tu ser querido:<\/p>\n<ul>\n<li><strong>Plan Concepci\u00f3n<\/strong><\/li>\n<li><strong>Plan San Pedro<\/strong><\/li>\n<li><strong>Plan La Recoleta<\/strong><\/li>\n<\/ul>\n<p>Estamos en convenio con los crematorios del cementerio general de Concepci\u00f3n, cementerio del parque San Pedro y cinerario La Recoleta de la ciudad de Santiago, con el prop\u00f3sito de contar con la mejor alternativa para usted.<\/p>\n\n\t\t<\/div>\n\t<\/div>\n<\/div><\/div><\/div><div class=\"wpb_column vc_column_container vc_col-sm-6\"><div class=\"vc_column-inner\"><div class=\"wpb_wrapper\">\n\t<div  class=\"wpb_single_image wpb_content_element vc_align_center\">\n\t\t\n\t\t<figure class=\"wpb_wrapper vc_figure\">\n\t\t\t<div class=\"vc_single_image-wrapper   vc_box_border_grey\"><img loading=\"lazy\" decoding=\"async\" width=\"1000\" height=\"593\" src=\"https:\/\/funerariaconceptochile.cl\/wp-content\/uploads\/2023\/04\/hombre-tomando-urna-funeraria-velas-flores.jpg\" class=\"vc_single_image-img attachment-full\" alt=\"\" title=\"hombre-tomando-urna-funeraria-velas-flores\" srcset=\"https:\/\/funerariaconceptochile.cl\/wp-content\/uploads\/2023\/04\/hombre-tomando-urna-funeraria-velas-flores.jpg 1000w, https:\/\/funerariaconceptochile.cl\/wp-content\/uploads\/2023\/04\/hombre-tomando-urna-funeraria-velas-flores-400x237.jpg 400w, https:\/\/funerariaconceptochile.cl\/wp-content\/uploads\/2023\/04\/hombre-tomando-urna-funeraria-velas-flores-768x455.jpg 768w, https:\/\/funerariaconceptochile.cl\/wp-content\/uploads\/2023\/04\/hombre-tomando-urna-funeraria-velas-flores-150x89.jpg 150w\" sizes=\"auto, (max-width: 1000px) 100vw, 1000px\" \/><\/div>\n\t\t<\/figure>\n\t<\/div>\n<\/div><\/div><\/div><\/div><div data-vc-full-width=\"true\" data-vc-full-width-init=\"false\" class=\"vc_row wpb_row vc_row-fluid vc_custom_1682542380598 vc_row-has-fill wd-rs-64498f28a83fc\"><div class=\"wpb_column vc_column_container vc_col-sm-12 color-scheme-light wd-rs-64498c8786b60\"><div class=\"vc_column-inner\"><div class=\"wpb_wrapper\">\n\t<div class=\"wpb_text_column wpb_content_element\" >\n\t\t<div class=\"wpb_wrapper\">\n\t\t\t<h3>\u00bfQu\u00e9 incluyen nuestros planes de cremaci\u00f3n?<\/h3>\n\n\t\t<\/div>\n\t<\/div>\n<div class=\"vc_row wpb_row vc_inner vc_row-fluid vc_column-gap-20 wd-rs-64498cf1b8dc2\"><div class=\"wpb_column vc_column_container vc_col-sm-6 wd-rs-64498c7ef0d41\"><div class=\"vc_column-inner\"><div class=\"wpb_wrapper\">\n\t<div class=\"wpb_text_column wpb_content_element\" >\n\t\t<div class=\"wpb_wrapper\">\n\t\t\t<ul>\n<li>Ata\u00fad modelo a elecci\u00f3n<\/li>\n<li>Asistencia al deceso y preparaci\u00f3n de familiar fallecido<\/li>\n<li>Capilla noble madera con luces para velatorio<\/li>\n<li>Realizamos diligencias de defunci\u00f3n en registro civil y seremi de salud<\/li>\n<li>Preparamos carpeta de documentos para crematorio<\/li>\n<li>48 uni Tarjetas de agradecimientos<\/li>\n<\/ul>\n\n\t\t<\/div>\n\t<\/div>\n<\/div><\/div><\/div><div class=\"wpb_column vc_column_container vc_col-sm-6\"><div class=\"vc_column-inner\"><div class=\"wpb_wrapper\">\n\t<div class=\"wpb_text_column wpb_content_element\" >\n\t\t<div class=\"wpb_wrapper\">\n\t\t\t<ul>\n<li>Libro de condolencias<\/li>\n<li>Servicio de cafeter\u00eda<\/li>\n<li>Carroza panor\u00e1mica para traslado hasta crematorio<\/li>\n<li>Ceremonia de despedida en crematorio<\/li>\n<li>Servicio de Cremaci\u00f3n<\/li>\n<li>\u00c1nfora est\u00e1ndar para entrega de cenizas<\/li>\n<\/ul>\n\n\t\t<\/div>\n\t<\/div>\n<\/div><\/div><\/div><\/div><\/div><\/div><\/div><\/div><div class=\"vc_row-full-width vc_clearfix\"><\/div><div class=\"vc_row wpb_row vc_row-fluid vc_custom_1682542510858 wd-rs-64498faa7fd5c\"><div class=\"wpb_column vc_column_container vc_col-sm-12\"><div class=\"vc_column-inner\"><div class=\"wpb_wrapper\">\n\t<div class=\"wpb_text_column wpb_content_element\" >\n\t\t<div class=\"wpb_wrapper\">\n\t\t\t<h3>\u00bfCu\u00e1l es la propuesta de valor de nuestro servicio?<\/h3>\n<p>En Funeraria Concepto hemos construido una relaci\u00f3n con los distintos crematorios, que nos permite otorgar valores preferenciales a nuestros clientes en la contrataci\u00f3n y tambi\u00e9n nos permite encargarnos de la totalidad de las diligencias de defunci\u00f3n requeridas por registro civil, seremi de salud y crematorios disminuyendo con esto la carga familiar del proceso.<\/p>\n<h3>\u00bfCu\u00e1l es el precio de nuestros planes de Cremaci\u00f3n?<\/h3>\n<p>En funeraria Concepto contamos con una variedad de planes que le permiten cumplir con su voluntad o la de su ser querido, para que pueda evaluarlo con su familia el precio es desde 41.83 UF para planes a futuro.<\/p>\n\n\t\t<\/div>\n\t<\/div>\n<\/div><\/div><\/div><\/div><div data-vc-full-width=\"true\" data-vc-full-width-init=\"false\" class=\"vc_row wpb_row vc_row-fluid vc_custom_1682542585207 vc_row-has-fill wd-rs-64498ff3aaa0c\"><div class=\"wpb_column vc_column_container vc_col-sm-12\"><div class=\"vc_column-inner\"><div class=\"wpb_wrapper\">\n\t<div class=\"wpb_text_column wpb_content_element\" >\n\t\t<div class=\"wpb_wrapper\">\n\t\t\t<h3>Cont\u00e1ctanos<\/h3>\n\n\t\t<\/div>\n\t<\/div>\n<div class=\"wpforms-container wpforms-container-full\" id=\"wpforms-7049\"><form id=\"wpforms-form-7049\" class=\"wpforms-validate wpforms-form wpforms-ajax-form\" data-formid=\"7049\" method=\"post\" enctype=\"multipart\/form-data\" action=\"\/es\/wp-json\/wp\/v2\/pages\/7296\" data-token=\"38ba5f7e835aa54902e58870db8046b0\" data-token-time=\"1778077685\"><noscript class=\"wpforms-error-noscript\">Por favor, activa JavaScript en tu navegador para completar este formulario.<\/noscript><div class=\"wpforms-field-container\"><div id=\"wpforms-7049-field_0-container\" class=\"wpforms-field wpforms-field-name\" data-field-id=\"0\"><label class=\"wpforms-field-label\">Nombre <span class=\"wpforms-required-label\">*<\/span><\/label><div class=\"wpforms-field-row wpforms-field-large\"><div class=\"wpforms-field-row-block wpforms-first wpforms-one-half\"><input type=\"text\" id=\"wpforms-7049-field_0\" class=\"wpforms-field-name-first wpforms-field-required\" name=\"wpforms[fields][0][first]\" required><label for=\"wpforms-7049-field_0\" class=\"wpforms-field-sublabel after\">Nombre<\/label><\/div><div class=\"wpforms-field-row-block wpforms-one-half\"><input type=\"text\" id=\"wpforms-7049-field_0-last\" class=\"wpforms-field-name-last wpforms-field-required\" name=\"wpforms[fields][0][last]\" required><label for=\"wpforms-7049-field_0-last\" class=\"wpforms-field-sublabel after\">Apellidos<\/label><\/div><\/div><\/div><div id=\"wpforms-7049-field_1-container\" class=\"wpforms-field wpforms-field-email\" data-field-id=\"1\"><label class=\"wpforms-field-label\" for=\"wpforms-7049-field_1\">Correo electr\u00f3nico <span class=\"wpforms-required-label\">*<\/span><\/label><input type=\"email\" id=\"wpforms-7049-field_1\" class=\"wpforms-field-large wpforms-field-required\" name=\"wpforms[fields][1]\" spellcheck=\"false\" required><\/div><div id=\"wpforms-7049-field_3-container\" class=\"wpforms-field wpforms-field-text\" data-field-id=\"3\"><label class=\"wpforms-field-label\" for=\"wpforms-7049-field_3\">Tel\u00e9fono <span class=\"wpforms-required-label\">*<\/span><\/label><input type=\"text\" id=\"wpforms-7049-field_3\" class=\"wpforms-field-large wpforms-field-required\" name=\"wpforms[fields][3]\" required><\/div><div id=\"wpforms-7049-field_2-container\" class=\"wpforms-field wpforms-field-textarea\" data-field-id=\"2\"><label class=\"wpforms-field-label\" for=\"wpforms-7049-field_2\">Comentario o mensaje<\/label><textarea id=\"wpforms-7049-field_2\" class=\"wpforms-field-medium\" name=\"wpforms[fields][2]\" ><\/textarea><\/div><\/div><!-- .wpforms-field-container --><div class=\"wpforms-recaptcha-container wpforms-is-recaptcha wpforms-is-recaptcha-type-v2\" ><div class=\"g-recaptcha\" data-sitekey=\"6LeWpToqAAAAACfIvqzEdIzidBlmKDPLzxbr0Cvn\"><\/div><input type=\"text\" name=\"g-recaptcha-hidden\" class=\"wpforms-recaptcha-hidden\" style=\"position:absolute!important;clip:rect(0,0,0,0)!important;height:1px!important;width:1px!important;border:0!important;overflow:hidden!important;padding:0!important;margin:0!important;\" data-rule-recaptcha=\"1\"><\/div><div class=\"wpforms-submit-container\" ><input type=\"hidden\" name=\"wpforms[id]\" value=\"7049\"><input type=\"hidden\" name=\"page_title\" value=\"\"><input type=\"hidden\" name=\"page_url\" value=\"https:\/\/funerariaconceptochile.cl\/es\/wp-json\/wp\/v2\/pages\/7296\"><input type=\"hidden\" name=\"url_referer\" value=\"\"><button type=\"submit\" name=\"wpforms[submit]\" id=\"wpforms-submit-7049\" class=\"wpforms-submit\" data-alt-text=\"Enviando...\" data-submit-text=\"Enviar\" aria-live=\"assertive\" value=\"wpforms-submit\">Enviar<\/button><img loading=\"lazy\" decoding=\"async\" src=\"https:\/\/funerariaconceptochile.cl\/wp-content\/plugins\/wpforms-lite\/assets\/images\/submit-spin.svg\" class=\"wpforms-submit-spinner\" style=\"display: none;\" width=\"26\" height=\"26\" alt=\"Cargando\"><\/div><\/form><\/div>  <!-- .wpforms-container --><\/div><\/div><\/div><\/div><div class=\"vc_row-full-width vc_clearfix\"><\/div><div class=\"vc_row wpb_row vc_row-fluid vc_custom_1682542641403 vc_row-o-content-middle vc_row-flex wd-rs-6449902d0e853\"><div class=\"wpb_column vc_column_container vc_col-sm-6\"><div class=\"vc_column-inner\"><div class=\"wpb_wrapper\">\n\t<div class=\"wpb_text_column wpb_content_element\" >\n\t\t<div class=\"wpb_wrapper\">\n\t\t\t<p>Para conversar directamente con nosotros y conocer m\u00e1s detalles de nuestros planes de cremaci\u00f3n <a href=\"http:\/\/wa.me\/+56951180538\"><u>pulse aqu\u00ed<\/u><\/a><\/p>\n<p>Llamadas de emergencia:<\/p>\n<p><a href=\"tel:951180538\"><strong>9 5118 0538<\/strong><\/a> y <a href=\"tel:432357743\"><strong>43 235 7743<\/strong><\/a><\/p>\n<h3>#lomejorparanuestroseresqueridos<\/h3>\n\n\t\t<\/div>\n\t<\/div>\n<\/div><\/div><\/div><div class=\"wpb_column vc_column_container vc_col-sm-6\"><div class=\"vc_column-inner\"><div class=\"wpb_wrapper\">\n\t<div  class=\"wpb_single_image wpb_content_element vc_align_left\">\n\t\t\n\t\t<figure class=\"wpb_wrapper vc_figure\">\n\t\t\t<div class=\"vc_single_image-wrapper   vc_box_border_grey\"><img loading=\"lazy\" decoding=\"async\" width=\"2500\" height=\"1875\" src=\"https:\/\/funerariaconceptochile.cl\/wp-content\/uploads\/2023\/05\/16.-Asesorias-24-horas.png\" class=\"vc_single_image-img attachment-full\" alt=\"\" title=\"16. Asesorias 24 horas\" srcset=\"https:\/\/funerariaconceptochile.cl\/wp-content\/uploads\/2023\/05\/16.-Asesorias-24-horas.png 2500w, https:\/\/funerariaconceptochile.cl\/wp-content\/uploads\/2023\/05\/16.-Asesorias-24-horas-400x300.png 400w, https:\/\/funerariaconceptochile.cl\/wp-content\/uploads\/2023\/05\/16.-Asesorias-24-horas-1067x800.png 1067w, https:\/\/funerariaconceptochile.cl\/wp-content\/uploads\/2023\/05\/16.-Asesorias-24-horas-768x576.png 768w, https:\/\/funerariaconceptochile.cl\/wp-content\/uploads\/2023\/05\/16.-Asesorias-24-horas-1536x1152.png 1536w, https:\/\/funerariaconceptochile.cl\/wp-content\/uploads\/2023\/05\/16.-Asesorias-24-horas-2048x1536.png 2048w, https:\/\/funerariaconceptochile.cl\/wp-content\/uploads\/2023\/05\/16.-Asesorias-24-horas-150x113.png 150w\" sizes=\"auto, (max-width: 2500px) 100vw, 2500px\" \/><\/div>\n\t\t<\/figure>\n\t<\/div>\n<\/div><\/div><\/div><\/div>\n<\/section>","protected":false},"excerpt":{"rendered":"Planes de cremaci\u00f3n Contamos con tres planes de cremaci\u00f3n, para que pueda elegir la mejor opci\u00f3n para la despedida de","protected":false},"author":2,"featured_media":0,"parent":0,"menu_order":0,"comment_status":"closed","ping_status":"closed","template":"","meta":{"footnotes":""},"class_list":["post-7296","page","type-page","status-publish","hentry"],"yoast_head":"<!-- This site is optimized with the Yoast SEO plugin v27.5 - https:\/\/yoast.com\/product\/yoast-seo-wordpress\/ -->\n<title>Planes de Cremaci\u00f3n\/Cineraci\u00f3n | Acompa\u00f1amiento Integral<\/title>\n<meta name=\"description\" content=\"Conoce nuestros planes de cremaci\u00f3n o cineraci\u00f3n con distintas alternativas, orientaci\u00f3n profesional y acompa\u00f1amiento en cada etapa.\" \/>\n<meta name=\"robots\" content=\"index, follow, max-snippet:-1, max-image-preview:large, max-video-preview:-1\" \/>\n<link rel=\"canonical\" href=\"https:\/\/funerariaconceptochile.cl\/es\/planes-cremacion\/\" \/>\n<meta property=\"og:locale\" content=\"es_ES\" \/>\n<meta property=\"og:type\" content=\"article\" \/>\n<meta property=\"og:title\" content=\"Planes de Cremaci\u00f3n\/Cineraci\u00f3n | Acompa\u00f1amiento Integral\" \/>\n<meta property=\"og:description\" content=\"Conoce nuestros planes de cremaci\u00f3n o cineraci\u00f3n con distintas alternativas, orientaci\u00f3n profesional y acompa\u00f1amiento en cada etapa.\" \/>\n<meta property=\"og:url\" content=\"https:\/\/funerariaconceptochile.cl\/es\/planes-cremacion\/\" \/>\n<meta property=\"og:site_name\" content=\"Funeraria Concepto\" \/>\n<meta property=\"article:modified_time\" content=\"2026-05-06T03:34:31+00:00\" \/>\n<meta name=\"twitter:card\" content=\"summary_large_image\" \/>\n<meta name=\"twitter:label1\" content=\"Tiempo de lectura\" \/>\n\t<meta name=\"twitter:data1\" content=\"3 minutos\" \/>\n<script type=\"application\/ld+json\" class=\"yoast-schema-graph\">{\"@context\":\"https:\\\/\\\/schema.org\",\"@graph\":[{\"@type\":\"WebPage\",\"@id\":\"https:\\\/\\\/funerariaconceptochile.cl\\\/planes-cremacion\\\/\",\"url\":\"https:\\\/\\\/funerariaconceptochile.cl\\\/planes-cremacion\\\/\",\"name\":\"Planes de Cremaci\u00f3n\\\/Cineraci\u00f3n | Acompa\u00f1amiento Integral\",\"isPartOf\":{\"@id\":\"https:\\\/\\\/funerariaconceptochile.cl\\\/#website\"},\"datePublished\":\"2023-04-26T20:44:13+00:00\",\"dateModified\":\"2026-05-06T03:34:31+00:00\",\"description\":\"Conoce nuestros planes de cremaci\u00f3n o cineraci\u00f3n con distintas alternativas, orientaci\u00f3n profesional y acompa\u00f1amiento en cada etapa.\",\"breadcrumb\":{\"@id\":\"https:\\\/\\\/funerariaconceptochile.cl\\\/planes-cremacion\\\/#breadcrumb\"},\"inLanguage\":\"es\",\"potentialAction\":[{\"@type\":\"ReadAction\",\"target\":[\"https:\\\/\\\/funerariaconceptochile.cl\\\/planes-cremacion\\\/\"]}]},{\"@type\":\"BreadcrumbList\",\"@id\":\"https:\\\/\\\/funerariaconceptochile.cl\\\/planes-cremacion\\\/#breadcrumb\",\"itemListElement\":[{\"@type\":\"ListItem\",\"position\":1,\"name\":\"Portada\",\"item\":\"https:\\\/\\\/funerariaconceptochile.cl\\\/\"},{\"@type\":\"ListItem\",\"position\":2,\"name\":\"Planes de cremaci\u00f3n\"}]},{\"@type\":\"WebSite\",\"@id\":\"https:\\\/\\\/funerariaconceptochile.cl\\\/#website\",\"url\":\"https:\\\/\\\/funerariaconceptochile.cl\\\/\",\"name\":\"Funeraria Concepto\",\"description\":\"\",\"potentialAction\":[{\"@type\":\"SearchAction\",\"target\":{\"@type\":\"EntryPoint\",\"urlTemplate\":\"https:\\\/\\\/funerariaconceptochile.cl\\\/?s={search_term_string}\"},\"query-input\":{\"@type\":\"PropertyValueSpecification\",\"valueRequired\":true,\"valueName\":\"search_term_string\"}}],\"inLanguage\":\"es\"}]}<\/script>\n<!-- \/ Yoast SEO plugin. -->","yoast_head_json":{"title":"Planes de Cremaci\u00f3n\/Cineraci\u00f3n | Acompa\u00f1amiento Integral","description":"Conoce nuestros planes de cremaci\u00f3n o cineraci\u00f3n con distintas alternativas, orientaci\u00f3n profesional y acompa\u00f1amiento en cada etapa.","robots":{"index":"index","follow":"follow","max-snippet":"max-snippet:-1","max-image-preview":"max-image-preview:large","max-video-preview":"max-video-preview:-1"},"canonical":"https:\/\/funerariaconceptochile.cl\/es\/planes-cremacion\/","og_locale":"es_ES","og_type":"article","og_title":"Planes de Cremaci\u00f3n\/Cineraci\u00f3n | Acompa\u00f1amiento Integral","og_description":"Conoce nuestros planes de cremaci\u00f3n o cineraci\u00f3n con distintas alternativas, orientaci\u00f3n profesional y acompa\u00f1amiento en cada etapa.","og_url":"https:\/\/funerariaconceptochile.cl\/es\/planes-cremacion\/","og_site_name":"Funeraria Concepto","article_modified_time":"2026-05-06T03:34:31+00:00","twitter_card":"summary_large_image","twitter_misc":{"Tiempo de lectura":"3 minutos"},"schema":{"@context":"https:\/\/schema.org","@graph":[{"@type":"WebPage","@id":"https:\/\/funerariaconceptochile.cl\/planes-cremacion\/","url":"https:\/\/funerariaconceptochile.cl\/planes-cremacion\/","name":"Planes de Cremaci\u00f3n\/Cineraci\u00f3n | Acompa\u00f1amiento Integral","isPartOf":{"@id":"https:\/\/funerariaconceptochile.cl\/#website"},"datePublished":"2023-04-26T20:44:13+00:00","dateModified":"2026-05-06T03:34:31+00:00","description":"Conoce nuestros planes de cremaci\u00f3n o cineraci\u00f3n con distintas alternativas, orientaci\u00f3n profesional y acompa\u00f1amiento en cada etapa.","breadcrumb":{"@id":"https:\/\/funerariaconceptochile.cl\/planes-cremacion\/#breadcrumb"},"inLanguage":"es","potentialAction":[{"@type":"ReadAction","target":["https:\/\/funerariaconceptochile.cl\/planes-cremacion\/"]}]},{"@type":"BreadcrumbList","@id":"https:\/\/funerariaconceptochile.cl\/planes-cremacion\/#breadcrumb","itemListElement":[{"@type":"ListItem","position":1,"name":"Portada","item":"https:\/\/funerariaconceptochile.cl\/"},{"@type":"ListItem","position":2,"name":"Planes de cremaci\u00f3n"}]},{"@type":"WebSite","@id":"https:\/\/funerariaconceptochile.cl\/#website","url":"https:\/\/funerariaconceptochile.cl\/","name":"Funeraria Concepto","description":"","potentialAction":[{"@type":"SearchAction","target":{"@type":"EntryPoint","urlTemplate":"https:\/\/funerariaconceptochile.cl\/?s={search_term_string}"},"query-input":{"@type":"PropertyValueSpecification","valueRequired":true,"valueName":"search_term_string"}}],"inLanguage":"es"}]}},"_links":{"self":[{"href":"https:\/\/funerariaconceptochile.cl\/es\/wp-json\/wp\/v2\/pages\/7296","targetHints":{"allow":["GET"]}}],"collection":[{"href":"https:\/\/funerariaconceptochile.cl\/es\/wp-json\/wp\/v2\/pages"}],"about":[{"href":"https:\/\/funerariaconceptochile.cl\/es\/wp-json\/wp\/v2\/types\/page"}],"author":[{"embeddable":true,"href":"https:\/\/funerariaconceptochile.cl\/es\/wp-json\/wp\/v2\/users\/2"}],"replies":[{"embeddable":true,"href":"https:\/\/funerariaconceptochile.cl\/es\/wp-json\/wp\/v2\/comments?post=7296"}],"version-history":[{"count":17,"href":"https:\/\/funerariaconceptochile.cl\/es\/wp-json\/wp\/v2\/pages\/7296\/revisions"}],"predecessor-version":[{"id":11824,"href":"https:\/\/funerariaconceptochile.cl\/es\/wp-json\/wp\/v2\/pages\/7296\/revisions\/11824"}],"wp:attachment":[{"href":"https:\/\/funerariaconceptochile.cl\/es\/wp-json\/wp\/v2\/media?parent=7296"}],"curies":[{"name":"wp","href":"https:\/\/api.w.org\/{rel}","templated":true}]}}