{"id":7207,"date":"2023-01-27T23:43:16","date_gmt":"2023-01-27T23:43:16","guid":{"rendered":"https:\/\/funerariaconceptochile.cl\/?page_id=7207"},"modified":"2023-01-27T23:43:16","modified_gmt":"2023-01-27T23:43:16","slug":"politica-de-privacidad","status":"publish","type":"page","link":"https:\/\/funerariaconceptochile.cl\/es\/politica-de-privacidad\/","title":{"rendered":"Pol\u00edtica de privacidad"},"content":{"rendered":"<div class=\"col-inner\">\n<p class=\"thin-font\"><strong>1. USO Y TRATAMIENTO DE DATOS DE CAR\u00c1CTER PERSONAL<\/strong><\/p>\n<p style=\"text-align: justify;\">En cumplimiento de lo establecido en la Ley N\u00b0 19.628, sobre Protecci\u00f3n de la Vida Privada o Protecci\u00f3n de Datos de Car\u00e1cter Personal de 28 de agosto de 1999 y sus modificaciones posteriores(en adelante LPD), \u00a0<strong>FUNERARIA CONCEPTO<\/strong>\u00a0le informa que los datos de car\u00e1cter personal proporcionados, a trav\u00e9s del sitio web , as\u00ed como los que pudiera facilitar en el futuro en el marco de su relaci\u00f3n jur\u00eddica con esta entidad, ser\u00e1n incorporados en los registros automatizados y no automatizados titularidad de \u00a0<strong>FUNERARIA CONCEPTO<\/strong>, cuyos datos constan en el encabezamiento.<\/p>\n<p style=\"text-align: justify;\">Estos registros tienen la finalidad de gestionar, administrar, prestarle los servicios o facilitarle los productos que solicite, facilitar el cumplimiento y ejecuci\u00f3n de los contratos que pudiera celebrar, conocer mejor sus gustos y adecuar los servicios a sus preferencias, as\u00ed como poder ofrecerle nuevos servicios o productos y enviarle informaci\u00f3n administrativa, t\u00e9cnica, organizativa y\/o comercial de forma documental y\/o electr\u00f3nica relacionada con las actividades de \u00a0<strong>FUNERARIA CONCEPTO<\/strong>. Los destinatarios de la informaci\u00f3n recogida ser\u00e1n exclusivamente los propios empleados de \u00a0<strong>FUNERARIA CONCEPTO<\/strong>.<\/p>\n<p style=\"text-align: justify;\">Salvo en los campos en que expresamente se determine lo contrario por medio de un asterisco (*), las respuestas a las preguntas sobre datos personales son voluntarias, sin que la falta de contestaci\u00f3n a dichas preguntas implique una merma en la calidad de los servicios que Usted solicita. La falta de cumplimentaci\u00f3n de los campos determinados como obligatorios o el suministro de datos incorrectos imposibilitar\u00e1 que\u00a0<strong>FUNERARIA CONCEPTO<\/strong>\u00a0pueda prestarle los servicios o le facilite los productos que solicite.<\/p>\n<p class=\"thin-font\"><strong>2. EJERCICIO DE DERECHOS: ACCESO, RECTIFICACI\u00d3N, CANCELACI\u00d3N Y OPOSICI\u00d3N.<\/strong><\/p>\n<p style=\"text-align: justify;\">Aquellas personas naturales que hayan facilitado sus datos a \u00a0<strong>FUNERARIA CONCEPTO\u00a0<\/strong>podr\u00e1n dirigirse a la entidad, en su calidad de Responsable del registro, con el fin de poder ejercitar gratuitamente sus derechos de acceso, rectificaci\u00f3n, cancelaci\u00f3n y oposici\u00f3n respecto de los datos incorporados en sus registros.<\/p>\n<p style=\"text-align: justify;\">Dado el car\u00e1cter confidencial de la informaci\u00f3n, Ud. no podr\u00e1 ejercitar sus derechos telef\u00f3nicamente, se debe solicitar por cualquier medio que deje constancia de su env\u00edo y de su recepci\u00f3n y remitir copia de su c\u00e9dula nacional de identidad o documento equivalente.<\/p>\n<p style=\"text-align: justify;\">El interesado podr\u00e1 ejercitar sus derechos mediante comunicaci\u00f3n por escrito dirigida a\u00a0<strong>FUNERARIA CONCEPTO<\/strong>\u00a0en la direcci\u00f3n indicada al inicio o a la direcci\u00f3n de correo electr\u00f3nico contactofunerariaconcepto@gmail.com<\/p>\n<p class=\"thin-font\"><strong>3. MEDIDAS DE SEGURIDAD<\/strong><\/p>\n<p style=\"text-align: justify;\"><strong>FUNERARIA CONCEPTO<\/strong>\u00a0le informa que tiene implantadas las medidas de seguridad de \u00edndole t\u00e9cnica y organizativas necesarias para garantizar la seguridad de sus datos de car\u00e1cter personal y evitar su alteraci\u00f3n, p\u00e9rdida y tratamiento y\/o acceso no autorizado, habida cuenta del estado de la tecnolog\u00eda, la naturaleza de los datos almacenados y los riesgos a que est\u00e1n expuestos, ya provengan de la acci\u00f3n humana o del medio f\u00edsico o natural. As\u00ed, \u00a0<strong>FUNERARIA CONCEPTO<\/strong>\u00a0ha establecido medidas adicionales en orden a reforzar la confidencialidad e integridad de la informaci\u00f3n en la organizaci\u00f3n. No obstante, el usuario debe ser consciente de que las medidas de seguridad en Internet no son inexpugnables.<\/p>\n<p style=\"text-align: justify;\"><strong>FUNERARIA CONCEPTO<\/strong>\u00a0\u00a0continuamente mantiene la supervisi\u00f3n, control y evaluaci\u00f3n de los procesos para asegurar el respeto a la privacidad de los datos.<\/p>\n<p class=\"thin-font\"><strong>4. USO DE COOKIES<\/strong><\/p>\n<p style=\"text-align: justify;\">Las \u201ccookies\u201d constituyen una herramienta empleada por los servidores Web para almacenar y recuperar informaci\u00f3n acerca de sus usuarios.<\/p>\n<p style=\"text-align: justify;\">Las \u201ccookies\u201d son mensajes enviados por el servidor al ordenador del usuario, consistentes en registros de texto que se almacenan en la memoria del ordenador y que recogen informaci\u00f3n relativa a las p\u00e1ginas que se visitan, el tiempo de conexi\u00f3n a Internet, etc. Las \u201ccookies\u201d vuelven a ser enviadas al servidor cada vez que el usuario entra en esa p\u00e1gina.<\/p>\n<p style=\"text-align: justify;\">La finalidad de las \u201ccookies\u201d de\u00a0<strong>FUNERARIA CONCEPTO<\/strong>\u00a0es personalizar los servicios que le ofrecemos, facilit\u00e1ndole informaci\u00f3n que pueda ser de su inter\u00e9s. Si no desea que se instale en su disco duro una cookie puede configurar el navegador de su ordenador para no recibirlas. Sin embargo, le hacemos notar que, en ese caso, la calidad del funcionamiento del sitio web puede disminuir.<\/p>\n<p style=\"text-align: justify;\">Las \u201ccookies\u201d se asocian \u00fanicamente con un usuario an\u00f3nimo y su ordenador, y no proporcionan por s\u00ed solas los datos personales del cliente, ni pueden leer datos de su disco duro, ni leer los archivos cookie creados por otros proveedores.<\/p>\n<p style=\"text-align: justify;\">Los \u201clogs\u201d son unos archivos almacenados en el servidor de\u00a0<strong>FUNERARIA CONCEPTO<\/strong>\u00a0que registran datos sobre su navegaci\u00f3n y nos permiten seguirle prestando los servicios que solicita. Asimismo, nos ayudan a analizar el funcionamiento del sistema, localizar las incidencias y problemas que puedan surgir y solventarlos en el menor plazo posible.<\/p>\n<p class=\"thin-font\"><strong>5. MENORES DE EDAD<\/strong><\/p>\n<p><strong>FUNERARIA CONCEPTO<\/strong>\u00a0\u00a0considera que la protecci\u00f3n de datos de car\u00e1cter personal es esencial, por lo que en el supuesto de que el usuario sea menor de edad, \u00e9ste s\u00f3lo podr\u00e1 aportar sus datos personales en los formularios de recogida de los mismos, con el previo consentimiento de los padres o tutores, enviando el formulario correspondiente debidamente firmado por los padres o tutores por correo certificado y con copia de la c\u00e9dula nacional e identidad \u00a0del padre o tutor firmante a la direcci\u00f3n de\u00a0<strong>FUNERARIA CONCEPTO<\/strong>\u00a0\u00a0arriba indicada.<\/p>\n<p><strong>FUNERARIA CONCEPTO<\/strong>\u00a0\u00a0no responde de aquellos datos de menores que sin poder conocer\u00a0<strong>FUNERARIA CONCEPTO<\/strong>\u00a0\u00a0este hecho se haya facilitado sin el consentimiento de los padres o tutores.<\/p>\n<p class=\"thin-font\"><strong>6. MODIFICACI\u00d3N DE LA POL\u00cdTICA DE PRIVACIDAD.<\/strong><\/p>\n<p style=\"text-align: justify;\"><strong>FUNERARIA CONCEPTO<\/strong>\u00a0\u00a0se reserva el derecho a modificar su Pol\u00edtica de Privacidad, de acuerdo a su propio criterio, o motivado por un cambio, legislativo. Cualquier modificaci\u00f3n de la Pol\u00edtica de Privacidad ser\u00e1 publicada al menos diez d\u00edas antes de su efectiva aplicaci\u00f3n. El uso del sitio web despu\u00e9s de dichos cambios, implicar\u00e1 la aceptaci\u00f3n de \u00e9stos.<\/p>\n<p><strong>7. <span style=\"font-size: 14.4px;\">LEGISLACI\u00d3N<\/span>\u00a0APLICABLE.<\/strong><\/p>\n<p style=\"text-align: justify;\">Los t\u00e9rminos y el uso de este sitio, ser\u00e1n regidos e interpretados de acuerdo con las leyes de la rep\u00fablica de Chile, y para cualquier controversia que se derive del uso de este servicio las partes prorrogan competencia en los Tribunales Ordinarios de Justicia de la comuna y ciudad de Santiago de Chile.<\/p>\n<\/div>","protected":false},"excerpt":{"rendered":"<p>1. USO Y TRATAMIENTO DE DATOS DE CAR\u00c1CTER PERSONAL En cumplimiento de lo establecido en la Ley N\u00b0 19.628, sobre<\/p>","protected":false},"author":2,"featured_media":0,"parent":0,"menu_order":0,"comment_status":"closed","ping_status":"closed","template":"","meta":{"footnotes":""},"class_list":["post-7207","page","type-page","status-publish","hentry"],"yoast_head":"<!-- This site is optimized with the Yoast SEO plugin v27.5 - https:\/\/yoast.com\/product\/yoast-seo-wordpress\/ -->\n<title>Pol\u00edtica de privacidad - Funeraria Concepto<\/title>\n<meta name=\"robots\" content=\"index, follow, max-snippet:-1, max-image-preview:large, max-video-preview:-1\" \/>\n<link rel=\"canonical\" href=\"https:\/\/funerariaconceptochile.cl\/es\/politica-de-privacidad\/\" \/>\n<meta property=\"og:locale\" content=\"es_ES\" \/>\n<meta property=\"og:type\" content=\"article\" \/>\n<meta property=\"og:title\" content=\"Pol\u00edtica de privacidad - Funeraria Concepto\" \/>\n<meta property=\"og:description\" content=\"1. USO Y TRATAMIENTO DE DATOS DE CAR\u00c1CTER PERSONAL En cumplimiento de lo establecido en la Ley N\u00b0 19.628, sobre\" \/>\n<meta property=\"og:url\" content=\"https:\/\/funerariaconceptochile.cl\/es\/politica-de-privacidad\/\" \/>\n<meta property=\"og:site_name\" content=\"Funeraria Concepto\" \/>\n<meta name=\"twitter:card\" content=\"summary_large_image\" \/>\n<meta name=\"twitter:label1\" content=\"Tiempo de lectura\" \/>\n\t<meta name=\"twitter:data1\" content=\"5 minutos\" \/>\n<script type=\"application\/ld+json\" class=\"yoast-schema-graph\">{\"@context\":\"https:\\\/\\\/schema.org\",\"@graph\":[{\"@type\":\"WebPage\",\"@id\":\"https:\\\/\\\/funerariaconceptochile.cl\\\/politica-de-privacidad\\\/\",\"url\":\"https:\\\/\\\/funerariaconceptochile.cl\\\/politica-de-privacidad\\\/\",\"name\":\"Pol\u00edtica de privacidad - Funeraria Concepto\",\"isPartOf\":{\"@id\":\"https:\\\/\\\/funerariaconceptochile.cl\\\/#website\"},\"datePublished\":\"2023-01-27T23:43:16+00:00\",\"breadcrumb\":{\"@id\":\"https:\\\/\\\/funerariaconceptochile.cl\\\/politica-de-privacidad\\\/#breadcrumb\"},\"inLanguage\":\"es\",\"potentialAction\":[{\"@type\":\"ReadAction\",\"target\":[\"https:\\\/\\\/funerariaconceptochile.cl\\\/politica-de-privacidad\\\/\"]}]},{\"@type\":\"BreadcrumbList\",\"@id\":\"https:\\\/\\\/funerariaconceptochile.cl\\\/politica-de-privacidad\\\/#breadcrumb\",\"itemListElement\":[{\"@type\":\"ListItem\",\"position\":1,\"name\":\"Portada\",\"item\":\"https:\\\/\\\/funerariaconceptochile.cl\\\/\"},{\"@type\":\"ListItem\",\"position\":2,\"name\":\"Pol\u00edtica de privacidad\"}]},{\"@type\":\"WebSite\",\"@id\":\"https:\\\/\\\/funerariaconceptochile.cl\\\/#website\",\"url\":\"https:\\\/\\\/funerariaconceptochile.cl\\\/\",\"name\":\"Funeraria Concepto\",\"description\":\"\",\"potentialAction\":[{\"@type\":\"SearchAction\",\"target\":{\"@type\":\"EntryPoint\",\"urlTemplate\":\"https:\\\/\\\/funerariaconceptochile.cl\\\/?s={search_term_string}\"},\"query-input\":{\"@type\":\"PropertyValueSpecification\",\"valueRequired\":true,\"valueName\":\"search_term_string\"}}],\"inLanguage\":\"es\"}]}<\/script>\n<!-- \/ Yoast SEO plugin. -->","yoast_head_json":{"title":"Pol\u00edtica de privacidad - Funeraria Concepto","robots":{"index":"index","follow":"follow","max-snippet":"max-snippet:-1","max-image-preview":"max-image-preview:large","max-video-preview":"max-video-preview:-1"},"canonical":"https:\/\/funerariaconceptochile.cl\/es\/politica-de-privacidad\/","og_locale":"es_ES","og_type":"article","og_title":"Pol\u00edtica de privacidad - Funeraria Concepto","og_description":"1. USO Y TRATAMIENTO DE DATOS DE CAR\u00c1CTER PERSONAL En cumplimiento de lo establecido en la Ley N\u00b0 19.628, sobre","og_url":"https:\/\/funerariaconceptochile.cl\/es\/politica-de-privacidad\/","og_site_name":"Funeraria Concepto","twitter_card":"summary_large_image","twitter_misc":{"Tiempo de lectura":"5 minutos"},"schema":{"@context":"https:\/\/schema.org","@graph":[{"@type":"WebPage","@id":"https:\/\/funerariaconceptochile.cl\/politica-de-privacidad\/","url":"https:\/\/funerariaconceptochile.cl\/politica-de-privacidad\/","name":"Pol\u00edtica de privacidad - Funeraria Concepto","isPartOf":{"@id":"https:\/\/funerariaconceptochile.cl\/#website"},"datePublished":"2023-01-27T23:43:16+00:00","breadcrumb":{"@id":"https:\/\/funerariaconceptochile.cl\/politica-de-privacidad\/#breadcrumb"},"inLanguage":"es","potentialAction":[{"@type":"ReadAction","target":["https:\/\/funerariaconceptochile.cl\/politica-de-privacidad\/"]}]},{"@type":"BreadcrumbList","@id":"https:\/\/funerariaconceptochile.cl\/politica-de-privacidad\/#breadcrumb","itemListElement":[{"@type":"ListItem","position":1,"name":"Portada","item":"https:\/\/funerariaconceptochile.cl\/"},{"@type":"ListItem","position":2,"name":"Pol\u00edtica de privacidad"}]},{"@type":"WebSite","@id":"https:\/\/funerariaconceptochile.cl\/#website","url":"https:\/\/funerariaconceptochile.cl\/","name":"Funeraria Concepto","description":"","potentialAction":[{"@type":"SearchAction","target":{"@type":"EntryPoint","urlTemplate":"https:\/\/funerariaconceptochile.cl\/?s={search_term_string}"},"query-input":{"@type":"PropertyValueSpecification","valueRequired":true,"valueName":"search_term_string"}}],"inLanguage":"es"}]}},"_links":{"self":[{"href":"https:\/\/funerariaconceptochile.cl\/es\/wp-json\/wp\/v2\/pages\/7207","targetHints":{"allow":["GET"]}}],"collection":[{"href":"https:\/\/funerariaconceptochile.cl\/es\/wp-json\/wp\/v2\/pages"}],"about":[{"href":"https:\/\/funerariaconceptochile.cl\/es\/wp-json\/wp\/v2\/types\/page"}],"author":[{"embeddable":true,"href":"https:\/\/funerariaconceptochile.cl\/es\/wp-json\/wp\/v2\/users\/2"}],"replies":[{"embeddable":true,"href":"https:\/\/funerariaconceptochile.cl\/es\/wp-json\/wp\/v2\/comments?post=7207"}],"version-history":[{"count":1,"href":"https:\/\/funerariaconceptochile.cl\/es\/wp-json\/wp\/v2\/pages\/7207\/revisions"}],"predecessor-version":[{"id":7208,"href":"https:\/\/funerariaconceptochile.cl\/es\/wp-json\/wp\/v2\/pages\/7207\/revisions\/7208"}],"wp:attachment":[{"href":"https:\/\/funerariaconceptochile.cl\/es\/wp-json\/wp\/v2\/media?parent=7207"}],"curies":[{"name":"wp","href":"https:\/\/api.w.org\/{rel}","templated":true}]}}