{"id":11323,"date":"2025-11-17T10:36:19","date_gmt":"2025-11-17T14:36:19","guid":{"rendered":"https:\/\/funerariaconceptochile.cl\/?page_id=11323"},"modified":"2025-11-26T08:43:52","modified_gmt":"2025-11-26T12:43:52","slug":"sucursales","status":"publish","type":"page","link":"https:\/\/funerariaconceptochile.cl\/es\/sucursales\/","title":{"rendered":"Sucursales"},"content":{"rendered":"<section class=\"wpb-content-wrapper\"><div class=\"vc_row wpb_row vc_row-fluid\"><div class=\"wpb_column vc_column_container vc_col-sm-12\"><div class=\"vc_column-inner\"><div class=\"wpb_wrapper\"><\/div><\/div><\/div><\/div><div class=\"vc_row wpb_row vc_row-fluid\"><div class=\"wpb_column vc_column_container vc_col-sm-12\"><div class=\"vc_column-inner\"><div class=\"wpb_wrapper\">\n\t<div class=\"wpb_raw_code wpb_content_element wpb_raw_html\" >\n\t\t<div class=\"wpb_wrapper\">\n\t\t\t<!DOCTYPE html>\n<html lang=\"es\">\n<head>\n    <meta charset=\"UTF-8\">\n    <meta name=\"viewport\" content=\"width=device-width, initial-scale=1.0\">\n    <title>Sucursales Funeraria Concepto<\/title>\n    <style>\n        * {\n            margin: 0;\n            padding: 0;\n            box-sizing: border-box;\n        }\n\n        .sucursales-container {\n            max-width: 1200px;\n            margin: 0 auto;\n            padding: 40px 20px;\n            font-family: 'Segoe UI', Tahoma, Geneva, Verdana, sans-serif;\n        }\n\n        .sucursales-grid {\n            display: grid;\n            grid-template-columns: repeat(auto-fit, minmax(320px, 1fr));\n            gap: 25px;\n        }\n\n        .card {\n            background: #ffffff;\n            border: 1px solid #e0e0e0;\n            border-radius: 8px;\n            overflow: hidden;\n            transition: all 0.3s ease;\n            cursor: pointer;\n        }\n\n        .card:hover {\n            box-shadow: 0 5px 20px rgba(0,0,0,0.1);\n            transform: translateY(-3px);\n        }\n\n        .card-header {\n            background: #000000;\n            color: #ffffff;\n            padding: 20px;\n            border-bottom: 3px solid #333333;\n        }\n\n        .card-title {\n            font-size: 1.5rem !important;\n            font-weight: 700;\n            margin-bottom: 5px;\n            line-height: 1.3;\n            color: white !important;\n        }\n\n        .card-subtitle {\n            font-size: 0.95rem !important;\n            color: #cccccc !important;\n            font-weight: 400;\n        }\n\n        .card-body {\n            padding: 20px;\n        }\n\n        .address-section {\n            display: flex;\n            align-items: flex-start;\n            gap: 12px;\n            margin-bottom: 15px;\n        }\n\n        .icon {\n            flex-shrink: 0;\n            width: 35px;\n            height: 35px;\n            background: #000000;\n            border-radius: 50%;\n            display: flex;\n            align-items: center;\n            justify-content: center;\n            color: #ffffff;\n            font-size: 1.1rem;\n        }\n\n        .address {\n            flex: 1;\n        }\n\n        .address p {\n            color: #333333;\n            line-height: 1.6;\n            font-size: 0.95rem;\n            margin-bottom: 3px;\n        }\n\n        .address .location {\n            color: #666666;\n            font-weight: 600;\n            margin-top: 8px;\n            font-size: 0.9rem;\n        }\n\n        .map-container {\n            width: 100%;\n            height: 0;\n            overflow: hidden;\n            transition: height 0.3s ease;\n            background: #f5f5f5;\n            border-top: 1px solid #e0e0e0;\n        }\n\n        .map-container.active {\n            height: 300px;\n        }\n\n        .map-placeholder {\n            width: 100%;\n            height: 100%;\n            display: flex;\n            align-items: center;\n            justify-content: center;\n            color: #999999;\n            font-size: 0.9rem;\n        }\n\n        .toggle-btn {\n            width: 100%;\n            padding: 12px;\n            background: #f5f5f5;\n            border: none;\n            border-top: 1px solid #e0e0e0;\n            cursor: pointer;\n            font-size: 0.9rem;\n            color: #666666;\n            transition: all 0.3s ease;\n            display: flex;\n            align-items: center;\n            justify-content: center;\n            gap: 8px;\n        }\n\n        .toggle-btn:hover {\n            background: #000000;\n            color: #ffffff;\n        }\n\n        .toggle-btn::after {\n            content: '\u25bc';\n            font-size: 0.8rem;\n            transition: transform 0.3s ease;\n        }\n\n        .toggle-btn.active::after {\n            transform: rotate(180deg);\n        }\n\n        @media (max-width: 768px) {\n            .sucursales-container {\n                padding: 30px 15px;\n            }\n\n            .sucursales-grid {\n                grid-template-columns: 1fr;\n                gap: 20px;\n            }\n\n            .card-title {\n                font-size: 1.3rem !important;\n            }\n        }\n    <\/style>\n<\/head>\n\n<body>\n    <div class=\"sucursales-container\">\n        <div class=\"sucursales-grid\">\n\n            <!-- Sucursal Los \u00c1ngeles -->\n            <div class=\"card\" onclick=\"toggleMap(this)\">\n                <div class=\"card-header\">\n                    <h2 class=\"card-title\">Funeraria Concepto<\/h2>\n                    <p class=\"card-subtitle\">Sucursal Los \u00c1ngeles<\/p>\n                <\/div>\n                <div class=\"card-body\">\n                    <div class=\"address-section\">\n                        <div class=\"icon\">\ud83d\udccd<\/div>\n                        <div class=\"address\">\n                            <p>Caupolic\u00e1n 262<\/p>\n                            <p class=\"location\">4430000 Los \u00c1ngeles, Biob\u00edo<\/p>\n                        <\/div>\n                    <\/div>\n                <\/div>\n                <button class=\"toggle-btn\" onclick=\"event.stopPropagation(); toggleMap(this.parentElement)\">Ver mapa<\/button>\n                <div class=\"map-container\">\n<iframe src=\"https:\/\/www.google.com\/maps\/embed?pb=!1m18!1m12!1m3!1d3166.5415111360066!2d-72.3512340227118!3d-37.47154587206334!2m3!1f0!2f0!3f0!3m2!1i1024!2i768!4f13.1!3m3!1m2!1s0x966bdd1a405aebb3%3A0x26fae094711c2ed3!2sFuneraria%20Concepto!5e0!3m2!1ses-419!2scl!4v1763390539063!5m2!1ses-419!2scl\" width=\"600\" height=\"450\" style=\"border:0;\" allowfullscreen=\"\" loading=\"lazy\" referrerpolicy=\"no-referrer-when-downgrade\"><\/iframe>                <\/div>\n            <\/div>\n\n            <!-- Sucursal Concepci\u00f3n -->\n            <div class=\"card\" onclick=\"toggleMap(this)\">\n                <div class=\"card-header\">\n                    <h2 class=\"card-title\">Funeraria Concepto Concepci\u00f3n<\/h2>\n                    <p class=\"card-subtitle\">Sucursal Concepci\u00f3n<\/p>\n                <\/div>\n                <div class=\"card-body\">\n                    <div class=\"address-section\">\n                        <div class=\"icon\">\ud83d\udccd<\/div>\n                        <div class=\"address\">\n                            <p>Colo Colo Nro. 379, Of. 706<\/p>\n                            <p class=\"location\">3040000 Concepci\u00f3n, Biob\u00edo<\/p>\n                        <\/div>\n                    <\/div>\n                <\/div>\n                <button class=\"toggle-btn\" onclick=\"event.stopPropagation(); toggleMap(this.parentElement)\">Ver mapa<\/button>\n                <div class=\"map-container\">\n                    <div class=\"map-placeholder\"><iframe src=\"https:\/\/www.google.com\/maps\/embed?pb=!1m18!1m12!1m3!1d3193.6436976120444!2d-73.05062062258332!3d-36.82705707829652!2m3!1f0!2f0!3f0!3m2!1i1024!2i768!4f13.1!3m3!1m2!1s0x9669b561a8d6136b%3A0x382806a8646b1808!2sFuneraria%20Concepto%20Concepci%C3%B3n!5e0!3m2!1ses-419!2scl!4v1764160475051!5m2!1ses-419!2scl\" width=\"600\" height=\"450\" style=\"border:0;\" allowfullscreen=\"\" loading=\"lazy\" referrerpolicy=\"no-referrer-when-downgrade\"><\/iframe><\/div>\n                <\/div>\n            <\/div>\n\n            <!-- Sucursal La Florida -->\n            <div class=\"card\" onclick=\"toggleMap(this)\">\n                <div class=\"card-header\">\n                    <h2 class=\"card-title\">Funeraria Concepto La Florida<\/h2>\n                    <p class=\"card-subtitle\">Sucursal La Florida<\/p>\n                <\/div>\n                <div class=\"card-body\">\n                    <div class=\"address-section\">\n                        <div class=\"icon\">\ud83d\udccd<\/div>\n                        <div class=\"address\">\n                            <p>Vicu\u00f1a Mackenna Poniente N\u00b06843<\/p>\n                            <p class=\"location\">8240000 La Florida, Regi\u00f3n Metropolitana<\/p>\n                        <\/div>\n                    <\/div>\n                <\/div>\n                <button class=\"toggle-btn\" onclick=\"event.stopPropagation(); toggleMap(this.parentElement)\">Ver mapa<\/button>\n                <div class=\"map-container\">\n                    <div class=\"map-placeholder\"><iframe src=\"https:\/\/www.google.com\/maps\/embed?pb=!1m18!1m12!1m3!1d3326.3824416036823!2d-70.60784672268099!3d-33.5174410009489!2m3!1f0!2f0!3f0!3m2!1i1024!2i768!4f13.1!3m3!1m2!1s0x9662d1cd0872cee9%3A0xbff2319f5bc65d52!2sFuneraria%20Concepto%20La%20Florida!5e0!3m2!1ses-419!2scl!4v1764160416616!5m2!1ses-419!2scl\" width=\"600\" height=\"450\" style=\"border:0;\" allowfullscreen=\"\" loading=\"lazy\" referrerpolicy=\"no-referrer-when-downgrade\"><\/iframe><\/div>\n                <\/div>\n            <\/div>\n\n            <!-- Sucursal Maip\u00fa -->\n            <div class=\"card\" onclick=\"toggleMap(this)\">\n                <div class=\"card-header\">\n                    <h2 class=\"card-title\">Funeraria Concepto Maip\u00fa<\/h2>\n                    <p class=\"card-subtitle\">Sucursal Maip\u00fa<\/p>\n                <\/div>\n                <div class=\"card-body\">\n                    <div class=\"address-section\">\n                        <div class=\"icon\">\ud83d\udccd<\/div>\n                        <div class=\"address\">\n                            <p>General Ordo\u00f1ez 155 Oficina 1406<\/p>\n                            <p class=\"location\">9250000 Maip\u00fa, Regi\u00f3n Metropolitana<\/p>\n                        <\/div>\n                    <\/div>\n                <\/div>\n                <button class=\"toggle-btn\" onclick=\"event.stopPropagation(); toggleMap(this.parentElement)\">Ver mapa<\/button>\n                <div class=\"map-container\">\n                    <div class=\"map-placeholder\"><iframe src=\"https:\/\/www.google.com\/maps\/embed?pb=!1m18!1m12!1m3!1d8302.633025639583!2d-70.7585354812875!3d-33.50722101224869!2m3!1f0!2f0!3f0!3m2!1i1024!2i768!4f13.1!3m3!1m2!1s0x9662dd4560aa115f%3A0xbf6970ace358d393!2sFuneraria%20Concepto%20Maipu!5e0!3m2!1ses-419!2scl!4v1764160514847!5m2!1ses-419!2scl\" width=\"600\" height=\"450\" style=\"border:0;\" allowfullscreen=\"\" loading=\"lazy\" referrerpolicy=\"no-referrer-when-downgrade\"><\/iframe><\/div>\n                <\/div>\n            <\/div>\n\n            <!-- Sucursal Puente Alto -->\n            <div class=\"card\" onclick=\"toggleMap(this)\">\n                <div class=\"card-header\">\n                    <h2 class=\"card-title\">Funeraria Concepto Puente Alto<\/h2>\n                    <p class=\"card-subtitle\">Sucursal Puente Alto<\/p>\n                <\/div>\n                <div class=\"card-body\">\n                    <div class=\"address-section\">\n                        <div class=\"icon\">\ud83d\udccd<\/div>\n                        <div class=\"address\">\n                            <p>Avenida Balmaceda 371, Oficina N\u00b0309<\/p>\n                            <p class=\"location\">8320000 Puente Alto, Regi\u00f3n Metropolitana<\/p>\n                        <\/div>\n                    <\/div>\n                <\/div>\n                <button class=\"toggle-btn\" onclick=\"event.stopPropagation(); toggleMap(this.parentElement)\">Ver mapa<\/button>\n                <div class=\"map-container\">\n                    <div class=\"map-placeholder\"><iframe src=\"https:\/\/www.google.com\/maps\/embed?pb=!1m18!1m12!1m3!1d3322.8852586817666!2d-70.57752342281341!3d-33.60828147332754!2m3!1f0!2f0!3f0!3m2!1i1024!2i768!4f13.1!3m3!1m2!1s0x9662d79e72d4afc5%3A0x580d1002f09f15e0!2sFuneraria%20Concepto%20Puente%20Alto!5e0!3m2!1ses-419!2scl!4v1764160304875!5m2!1ses-419!2scl\" width=\"600\" height=\"450\" style=\"border:0;\" allowfullscreen=\"\" loading=\"lazy\" referrerpolicy=\"no-referrer-when-downgrade\"><\/iframe><\/div>\n                <\/div>\n            <\/div>\n\n            <!-- Sucursal Santiago -->\n            <div class=\"card\" onclick=\"toggleMap(this)\">\n                <div class=\"card-header\">\n                    <h2 class=\"card-title\">Funeraria Concepto Santiago<\/h2>\n                    <p class=\"card-subtitle\">Sucursal Santiago Centro<\/p>\n                <\/div>\n                <div class=\"card-body\">\n                    <div class=\"address-section\">\n                        <div class=\"icon\">\ud83d\udccd<\/div>\n                        <div class=\"address\">\n                            <p>Monjitas 527 Santiago Centro<\/p>\n                            <p class=\"location\">8320000 Santiago, Regi\u00f3n Metropolitana<\/p>\n                        <\/div>\n                    <\/div>\n                <\/div>\n                <button class=\"toggle-btn\" onclick=\"event.stopPropagation(); toggleMap(this.parentElement)\">Ver mapa<\/button>\n                <div class=\"map-container\">\n                    <div class=\"map-placeholder\"><iframe src=\"https:\/\/www.google.com\/maps\/embed?pb=!1m18!1m12!1m3!1d3329.4911831266504!2d-70.64749272281776!3d-33.43650747339507!2m3!1f0!2f0!3f0!3m2!1i1024!2i768!4f13.1!3m3!1m2!1s0x9662c5fc357d26a3%3A0x1bd9c4b352de63aa!2sFuneraria%20Concepto%20Santiago!5e0!3m2!1ses-419!2scl!4v1764160371711!5m2!1ses-419!2scl\" width=\"600\" height=\"450\" style=\"border:0;\" allowfullscreen=\"\" loading=\"lazy\" referrerpolicy=\"no-referrer-when-downgrade\"><\/iframe><\/div>\n                <\/div>\n            <\/div>\n\n        <\/div>\n    <\/div>\n\n    <script>\n        function toggleMap(card) {\n            const mapContainer = card.querySelector('.map-container');\n            const toggleBtn = card.querySelector('.toggle-btn');\n\n            document.querySelectorAll('.map-container.active').forEach(map => {\n                if (map !== mapContainer) {\n                    map.classList.remove('active');\n                    map.parentElement.querySelector('.toggle-btn').classList.remove('active');\n                    map.parentElement.querySelector('.toggle-btn').textContent = 'Ver mapa';\n                }\n            });\n\n            mapContainer.classList.toggle('active');\n            toggleBtn.classList.toggle('active');\n\n            if (mapContainer.classList.contains('active')) {\n                toggleBtn.innerHTML = 'Ocultar mapa ';\n            } else {\n                toggleBtn.innerHTML = 'Ver mapa ';\n            }\n        }\n    <\/script>\n<\/body>\n<\/html>\n\n\t\t<\/div>\n\t<\/div>\n<\/div><\/div><\/div><\/div>\n<\/section>","protected":false},"excerpt":{"rendered":"Sucursales Funeraria Concepto Funeraria Concepto Sucursal Los \u00c1ngeles \ud83d\udccd Caupolic\u00e1n 262 4430000 Los \u00c1ngeles, Biob\u00edo Ver mapa Funeraria Concepto Concepci\u00f3n","protected":false},"author":2,"featured_media":0,"parent":0,"menu_order":0,"comment_status":"closed","ping_status":"closed","template":"","meta":{"footnotes":""},"class_list":["post-11323","page","type-page","status-publish","hentry"],"yoast_head":"<!-- This site is optimized with the Yoast SEO plugin v27.4 - https:\/\/yoast.com\/product\/yoast-seo-wordpress\/ -->\n<title>Sucursales - Funeraria Concepto<\/title>\n<meta name=\"robots\" content=\"index, follow, max-snippet:-1, max-image-preview:large, max-video-preview:-1\" \/>\n<link rel=\"canonical\" href=\"https:\/\/funerariaconceptochile.cl\/es\/sucursales\/\" \/>\n<meta property=\"og:locale\" content=\"es_ES\" \/>\n<meta property=\"og:type\" content=\"article\" \/>\n<meta property=\"og:title\" content=\"Sucursales - Funeraria Concepto\" \/>\n<meta property=\"og:url\" content=\"https:\/\/funerariaconceptochile.cl\/es\/sucursales\/\" \/>\n<meta property=\"og:site_name\" content=\"Funeraria Concepto\" \/>\n<meta property=\"article:modified_time\" content=\"2025-11-26T12:43:52+00:00\" \/>\n<meta name=\"twitter:card\" content=\"summary_large_image\" \/>\n<meta name=\"twitter:label1\" content=\"Tiempo de lectura\" \/>\n\t<meta name=\"twitter:data1\" content=\"7 minutos\" \/>\n<script type=\"application\/ld+json\" class=\"yoast-schema-graph\">{\"@context\":\"https:\\\/\\\/schema.org\",\"@graph\":[{\"@type\":\"WebPage\",\"@id\":\"https:\\\/\\\/funerariaconceptochile.cl\\\/sucursales\\\/\",\"url\":\"https:\\\/\\\/funerariaconceptochile.cl\\\/sucursales\\\/\",\"name\":\"Sucursales - Funeraria Concepto\",\"isPartOf\":{\"@id\":\"https:\\\/\\\/funerariaconceptochile.cl\\\/#website\"},\"datePublished\":\"2025-11-17T14:36:19+00:00\",\"dateModified\":\"2025-11-26T12:43:52+00:00\",\"breadcrumb\":{\"@id\":\"https:\\\/\\\/funerariaconceptochile.cl\\\/sucursales\\\/#breadcrumb\"},\"inLanguage\":\"es\",\"potentialAction\":[{\"@type\":\"ReadAction\",\"target\":[\"https:\\\/\\\/funerariaconceptochile.cl\\\/sucursales\\\/\"]}]},{\"@type\":\"BreadcrumbList\",\"@id\":\"https:\\\/\\\/funerariaconceptochile.cl\\\/sucursales\\\/#breadcrumb\",\"itemListElement\":[{\"@type\":\"ListItem\",\"position\":1,\"name\":\"Portada\",\"item\":\"https:\\\/\\\/funerariaconceptochile.cl\\\/\"},{\"@type\":\"ListItem\",\"position\":2,\"name\":\"Sucursales\"}]},{\"@type\":\"WebSite\",\"@id\":\"https:\\\/\\\/funerariaconceptochile.cl\\\/#website\",\"url\":\"https:\\\/\\\/funerariaconceptochile.cl\\\/\",\"name\":\"Funeraria Concepto\",\"description\":\"\",\"potentialAction\":[{\"@type\":\"SearchAction\",\"target\":{\"@type\":\"EntryPoint\",\"urlTemplate\":\"https:\\\/\\\/funerariaconceptochile.cl\\\/?s={search_term_string}\"},\"query-input\":{\"@type\":\"PropertyValueSpecification\",\"valueRequired\":true,\"valueName\":\"search_term_string\"}}],\"inLanguage\":\"es\"}]}<\/script>\n<!-- \/ Yoast SEO plugin. -->","yoast_head_json":{"title":"Sucursales - Funeraria Concepto","robots":{"index":"index","follow":"follow","max-snippet":"max-snippet:-1","max-image-preview":"max-image-preview:large","max-video-preview":"max-video-preview:-1"},"canonical":"https:\/\/funerariaconceptochile.cl\/es\/sucursales\/","og_locale":"es_ES","og_type":"article","og_title":"Sucursales - Funeraria Concepto","og_url":"https:\/\/funerariaconceptochile.cl\/es\/sucursales\/","og_site_name":"Funeraria Concepto","article_modified_time":"2025-11-26T12:43:52+00:00","twitter_card":"summary_large_image","twitter_misc":{"Tiempo de lectura":"7 minutos"},"schema":{"@context":"https:\/\/schema.org","@graph":[{"@type":"WebPage","@id":"https:\/\/funerariaconceptochile.cl\/sucursales\/","url":"https:\/\/funerariaconceptochile.cl\/sucursales\/","name":"Sucursales - Funeraria Concepto","isPartOf":{"@id":"https:\/\/funerariaconceptochile.cl\/#website"},"datePublished":"2025-11-17T14:36:19+00:00","dateModified":"2025-11-26T12:43:52+00:00","breadcrumb":{"@id":"https:\/\/funerariaconceptochile.cl\/sucursales\/#breadcrumb"},"inLanguage":"es","potentialAction":[{"@type":"ReadAction","target":["https:\/\/funerariaconceptochile.cl\/sucursales\/"]}]},{"@type":"BreadcrumbList","@id":"https:\/\/funerariaconceptochile.cl\/sucursales\/#breadcrumb","itemListElement":[{"@type":"ListItem","position":1,"name":"Portada","item":"https:\/\/funerariaconceptochile.cl\/"},{"@type":"ListItem","position":2,"name":"Sucursales"}]},{"@type":"WebSite","@id":"https:\/\/funerariaconceptochile.cl\/#website","url":"https:\/\/funerariaconceptochile.cl\/","name":"Funeraria Concepto","description":"","potentialAction":[{"@type":"SearchAction","target":{"@type":"EntryPoint","urlTemplate":"https:\/\/funerariaconceptochile.cl\/?s={search_term_string}"},"query-input":{"@type":"PropertyValueSpecification","valueRequired":true,"valueName":"search_term_string"}}],"inLanguage":"es"}]}},"_links":{"self":[{"href":"https:\/\/funerariaconceptochile.cl\/es\/wp-json\/wp\/v2\/pages\/11323","targetHints":{"allow":["GET"]}}],"collection":[{"href":"https:\/\/funerariaconceptochile.cl\/es\/wp-json\/wp\/v2\/pages"}],"about":[{"href":"https:\/\/funerariaconceptochile.cl\/es\/wp-json\/wp\/v2\/types\/page"}],"author":[{"embeddable":true,"href":"https:\/\/funerariaconceptochile.cl\/es\/wp-json\/wp\/v2\/users\/2"}],"replies":[{"embeddable":true,"href":"https:\/\/funerariaconceptochile.cl\/es\/wp-json\/wp\/v2\/comments?post=11323"}],"version-history":[{"count":3,"href":"https:\/\/funerariaconceptochile.cl\/es\/wp-json\/wp\/v2\/pages\/11323\/revisions"}],"predecessor-version":[{"id":11350,"href":"https:\/\/funerariaconceptochile.cl\/es\/wp-json\/wp\/v2\/pages\/11323\/revisions\/11350"}],"wp:attachment":[{"href":"https:\/\/funerariaconceptochile.cl\/es\/wp-json\/wp\/v2\/media?parent=11323"}],"curies":[{"name":"wp","href":"https:\/\/api.w.org\/{rel}","templated":true}]}}