{"id":11141,"date":"2025-09-04T22:58:13","date_gmt":"2025-09-05T02:58:13","guid":{"rendered":"https:\/\/funerariaconceptochile.cl\/?page_id=11141"},"modified":"2025-09-04T23:00:38","modified_gmt":"2025-09-05T03:00:38","slug":"eleva-consultora","status":"publish","type":"page","link":"https:\/\/funerariaconceptochile.cl\/es\/eleva-consultora\/","title":{"rendered":"Eleva Consultora"},"content":{"rendered":"<section class=\"wpb-content-wrapper\"><div class=\"vc_row wpb_row vc_row-fluid\"><div class=\"wpb_column vc_column_container vc_col-sm-6 wd-enabled-flex text-center wd-rs-67f6df5194483\"><div class=\"vc_column-inner vc_custom_1744232290858\"><div class=\"wpb_wrapper\"><div class=\"wpb_images_carousel wpb_content_element vc_clearfix\">\n\t<div class=\"wpb_wrapper\">\n\t\t\t\t<div id=\"vc_images-carousel-1-1778082516\" class=\"vc_slide vc_images_carousel\">\n\n\t\t\t<!-- Wrapper for slides -->\n\t\t\t<div class=\"owl-carousel owl-items-lg-1 owl-items-md-1 owl-items-sm-1 owl-items-xs-1\">\n\t\t\t\t\t\t\t\t\t\t\t\t\t\t\t\t\t\t\t\t<div class=\"owl-carousel-item \">\n\t\t\t\t\t\t\t\t<div class=\"owl-carousel-item-inner\">\n\t\t\t\t\t\t\t\t\t\t\t\t\t\t\t\t\t\t\t\t\t\t\t\t\t\t\t<a class=\"prettyphoto\"\n\t\t\t\t\t\t\t\t\t   href=\"https:\/\/funerariaconceptochile.cl\/wp-content\/uploads\/2025\/09\/ORIGINAL_ELEVA_Mesa-de-trabajo-11-800x800.png\"  rel=\"prettyPhoto[rel-1943237449]\">\n\t\t\t\t\t\t\t\t\t\t<img loading=\"lazy\" decoding=\"async\" width=\"300\" height=\"300\" src=\"https:\/\/funerariaconceptochile.cl\/wp-content\/uploads\/2025\/09\/ORIGINAL_ELEVA_Mesa-de-trabajo-11-300x300.png\" class=\"attachment-medium\" alt=\"\" title=\"ORIGINAL_ELEVA_Mesa de trabajo 1[1]\" srcset=\"https:\/\/funerariaconceptochile.cl\/wp-content\/uploads\/2025\/09\/ORIGINAL_ELEVA_Mesa-de-trabajo-11-300x300.png 300w, https:\/\/funerariaconceptochile.cl\/wp-content\/uploads\/2025\/09\/ORIGINAL_ELEVA_Mesa-de-trabajo-11-800x800.png 800w, https:\/\/funerariaconceptochile.cl\/wp-content\/uploads\/2025\/09\/ORIGINAL_ELEVA_Mesa-de-trabajo-11-150x150.png 150w, https:\/\/funerariaconceptochile.cl\/wp-content\/uploads\/2025\/09\/ORIGINAL_ELEVA_Mesa-de-trabajo-11-768x768.png 768w, https:\/\/funerariaconceptochile.cl\/wp-content\/uploads\/2025\/09\/ORIGINAL_ELEVA_Mesa-de-trabajo-11-1536x1536.png 1536w, https:\/\/funerariaconceptochile.cl\/wp-content\/uploads\/2025\/09\/ORIGINAL_ELEVA_Mesa-de-trabajo-11-2048x2048.png 2048w, https:\/\/funerariaconceptochile.cl\/wp-content\/uploads\/2025\/09\/ORIGINAL_ELEVA_Mesa-de-trabajo-11-12x12.png 12w, https:\/\/funerariaconceptochile.cl\/wp-content\/uploads\/2025\/09\/ORIGINAL_ELEVA_Mesa-de-trabajo-11-400x400.png 400w\" sizes=\"auto, (max-width: 300px) 100vw, 300px\" \/>\t\t\t\t\t\t\t\t\t<\/a>\n\t\t\t\t\t\t\t\t\t\t\t\t\t\t\t\t\t<\/div>\n\t\t\t\t\t\t\t<\/div>\n\t\t\t\t\t\t\t\t\t<\/div>\n\t\t<\/div>\n\t<\/div>\n<\/div>\n\n<\/div><\/div><\/div><div class=\"wpb_column vc_column_container vc_col-sm-6 wd-enabled-flex wd-rs-64380c1773be4\"><div class=\"vc_column-inner vc_custom_1681394715610\"><div class=\"wpb_wrapper\"><div class=\"vc_row wpb_row vc_inner vc_row-fluid vc_custom_1681724939505 wd-rs-643d1607d7b4b\"><div class=\"wpb_column vc_column_container vc_col-sm-12 vc_col-lg-4 wd-rs-643d5ea35091e\"><div class=\"vc_column-inner\"><div class=\"wpb_wrapper\">\n\t\t<div id=\"wd-68ba51b66175b\" class=\"title-wrapper wd-wpb set-mb-s reset-last-child  wd-rs-68ba51b66175b wd-title-color-default wd-title-style-default text-left vc_custom_1757041089743 wd-underline-colored\">\n\t\t\t\n\t\t\t<div class=\"liner-continer\">\n\t\t\t\t<h4 class=\"woodmart-title-container title  wd-font-weight- wd-fontsize-xl\" >Eleva Consultora<\/h4>\n\t\t\t\t\t\t\t<\/div>\n\t\t\t\n\t\t\t\t\t\t\t<div class=\"title-after_title  set-cont-mb-s reset-last-child  wd-fontsize-s\">Chile<\/div>\n\t\t\t\n\t\t\t\n\t\t<\/div>\n\t\t\n\t\t<\/div><\/div><\/div><div class=\"wpb_column vc_column_container vc_col-sm-12 vc_col-lg-8 wd-enabled-flex wd-rs-643d5ea7ece06\"><div class=\"vc_column-inner\"><div class=\"wpb_wrapper\">\n\t\t\t<div class=\"wd-social-icons vc_custom_1757041069914 wd-layout-inline icons-design-colored icons-size-small color-scheme-dark social-share social-form-circle wd-rs-68ba518adced6 wd-enabled-width text-left\">\n\n\t\t\t\t\t\t\t\t\t<span class=\"wd-label\">Compartir :<\/span>\n\t\t\t\t\n\t\t\t\t\t\t\t\t\t<a rel=\"noopener noreferrer nofollow\" href=\"https:\/\/www.facebook.com\/sharer\/sharer.php?u=https:\/\/funerariaconceptochile.cl\/es\/eleva-consultora\/\" target=\"_blank\" class=\" wd-social-icon social-facebook\" aria-label=\"Facebook social link\">\n\t\t\t\t\t\t<span class=\"wd-icon\"><\/span>\n\t\t\t\t\t\t\t\t\t\t\t<\/a>\n\t\t\t\t\n\t\t\t\t\t\t\t\t\t<a rel=\"noopener noreferrer nofollow\" href=\"https:\/\/twitter.com\/share?url=https:\/\/funerariaconceptochile.cl\/es\/eleva-consultora\/\" target=\"_blank\" class=\" wd-social-icon social-twitter\" aria-label=\"Twitter social link\">\n\t\t\t\t\t\t<span class=\"wd-icon\"><\/span>\n\t\t\t\t\t\t\t\t\t\t\t<\/a>\n\t\t\t\t\n\t\t\t\t\t\t\t\t\t<a rel=\"noopener noreferrer nofollow\" href=\"mailto:?subject=Check%20this%20https:\/\/funerariaconceptochile.cl\/es\/eleva-consultora\/\" target=\"_blank\" class=\" wd-social-icon social-email\" aria-label=\"Email social link\">\n\t\t\t\t\t\t<span class=\"wd-icon\"><\/span>\n\t\t\t\t\t\t\t\t\t\t\t<\/a>\n\t\t\t\t\n\t\t\t\t\n\t\t\t\t\n\t\t\t\t\n\t\t\t\t\n\t\t\t\t\n\t\t\t\t\n\t\t\t\t\n\t\t\t\t\n\t\t\t\t\n\t\t\t\t\n\t\t\t\t\n\t\t\t\t\n\t\t\t\t\n\t\t\t\t\t\t\t\t\t<a rel=\"noopener noreferrer nofollow\" href=\"https:\/\/api.whatsapp.com\/send?text=https%3A%2F%2Ffunerariaconceptochile.cl%2Fes%2Feleva-consultora%2F\" target=\"_blank\" class=\"whatsapp-desktop  wd-social-icon social-whatsapp\" aria-label=\"WhatsApp social link\">\n\t\t\t\t\t\t<span class=\"wd-icon\"><\/span>\n\t\t\t\t\t\t\t\t\t\t\t<\/a>\n\t\t\t\t\t\n\t\t\t\t\t<a rel=\"noopener noreferrer nofollow\" href=\"whatsapp:\/\/send?text=https%3A%2F%2Ffunerariaconceptochile.cl%2Fes%2Feleva-consultora%2F\" target=\"_blank\" class=\"whatsapp-mobile  wd-social-icon social-whatsapp\" aria-label=\"WhatsApp social link\">\n\t\t\t\t\t\t<span class=\"wd-icon\"><\/span>\n\t\t\t\t\t\t\t\t\t\t\t<\/a>\n\t\t\t\t\n\t\t\t\t\t\t\t\t\n\t\t\t\t\t\t\t\t\n\t\t\t\t\n\t\t\t\t\t\t\t\t\t<a rel=\"noopener noreferrer nofollow\" href=\"https:\/\/telegram.me\/share\/url?url=https:\/\/funerariaconceptochile.cl\/es\/eleva-consultora\/\" target=\"_blank\" class=\" wd-social-icon social-tg\" aria-label=\"Telegram social link\">\n\t\t\t\t\t\t<span class=\"wd-icon\"><\/span>\n\t\t\t\t\t\t\t\t\t\t\t<\/a>\n\t\t\t\t\t\t\t\t\n\t\t\t\t\n\t\t\t<\/div>\n\n\t\t<\/div><\/div><\/div><\/div>\t\t<div id=\"wd-68ba50e938301\" class=\"wd-text-block wd-wpb reset-last-child wd-rs-68ba50e938301 text-left vc_custom_1757040883494\">\n\t\t\t<p>En Eleva Consultora, acompa\u00f1amos a organizaciones, equipos y personas en su camino de crecimiento y transformaci\u00f3n. A trav\u00e9s de nuestros servicios de coaching de desarrollo personal y organizacional, ayudamos a potenciar el talento, fortalecer el liderazgo y construir una cultura de bienestar.<\/p>\n<p>Nuestra experiencia, nos ha permitido integrar una visi\u00f3n centrada en las personas para dise\u00f1ar soluciones a la medida que impulsan la efectividad y el compromiso.<\/p>\n<p>En Eleva Consultora, estamos listos para ser tu socio en la b\u00fasqueda de una organizaci\u00f3n m\u00e1s humana, productiva y exitosa. Contacto: +569 95079683 contacto.elevaconsultora@gmail.com. IG: @coaching_eleva_consultora<\/p>\n\t\t<\/div>\n\t\t<div id=\"wd-68ba51361feec\" class=\" wd-rs-68ba51361feec vc_custom_1757041031642 wd-button-wrapper text-center inline-element\"><a href=\"https:\/\/wa.me\/569 95079683\" title=\"\" target=\"_blank\" class=\"btn btn-color-primary btn-style-default btn-style-round btn-size-default\">Contactalos<\/a><\/div><div id=\"wd-68ba50f97d83c\" class=\" wd-rs-68ba50f97d83c vc_custom_1757040911942 wd-button-wrapper text-center inline-element\"><a href=\"https:\/\/www.instagram.com\/coaching_eleva_consultora\/\" title=\"Eleva Consultoria\" target=\"_blank\" class=\"btn btn-color-primary btn-style-default btn-style-round btn-size-default\">Sitio Web Oficial<\/a><\/div>\t\t<div id=\"wd-6758767cd4171\" class=\"wd-text-block wd-wpb reset-last-child wd-rs-6758767cd4171 text-left vc_custom_1733850753408\">\n\t\t\t\t\t<\/div>\n\t\t<\/div><\/div><\/div><\/div>\n<\/section>","protected":false},"excerpt":{"rendered":"Eleva Consultora Chile Compartir : En Eleva Consultora, acompa\u00f1amos a organizaciones, equipos y personas en su camino de crecimiento y","protected":false},"author":2,"featured_media":0,"parent":0,"menu_order":0,"comment_status":"closed","ping_status":"closed","template":"","meta":{"footnotes":""},"class_list":["post-11141","page","type-page","status-publish","hentry"],"yoast_head":"<!-- This site is optimized with the Yoast SEO plugin v27.5 - https:\/\/yoast.com\/product\/yoast-seo-wordpress\/ -->\n<title>Eleva Consultora - Funeraria Concepto<\/title>\n<meta name=\"robots\" content=\"index, follow, max-snippet:-1, max-image-preview:large, max-video-preview:-1\" \/>\n<link rel=\"canonical\" href=\"https:\/\/funerariaconceptochile.cl\/es\/eleva-consultora\/\" \/>\n<meta property=\"og:locale\" content=\"es_ES\" \/>\n<meta property=\"og:type\" content=\"article\" \/>\n<meta property=\"og:title\" content=\"Eleva Consultora - Funeraria Concepto\" \/>\n<meta property=\"og:url\" content=\"https:\/\/funerariaconceptochile.cl\/es\/eleva-consultora\/\" \/>\n<meta property=\"og:site_name\" content=\"Funeraria Concepto\" \/>\n<meta property=\"article:modified_time\" content=\"2025-09-05T03:00:38+00:00\" \/>\n<meta name=\"twitter:card\" content=\"summary_large_image\" \/>\n<meta name=\"twitter:label1\" content=\"Tiempo de lectura\" \/>\n\t<meta name=\"twitter:data1\" content=\"6 minutos\" \/>\n<script type=\"application\/ld+json\" class=\"yoast-schema-graph\">{\"@context\":\"https:\\\/\\\/schema.org\",\"@graph\":[{\"@type\":\"WebPage\",\"@id\":\"https:\\\/\\\/funerariaconceptochile.cl\\\/eleva-consultora\\\/\",\"url\":\"https:\\\/\\\/funerariaconceptochile.cl\\\/eleva-consultora\\\/\",\"name\":\"Eleva Consultora - Funeraria Concepto\",\"isPartOf\":{\"@id\":\"https:\\\/\\\/funerariaconceptochile.cl\\\/#website\"},\"datePublished\":\"2025-09-05T02:58:13+00:00\",\"dateModified\":\"2025-09-05T03:00:38+00:00\",\"breadcrumb\":{\"@id\":\"https:\\\/\\\/funerariaconceptochile.cl\\\/eleva-consultora\\\/#breadcrumb\"},\"inLanguage\":\"es\",\"potentialAction\":[{\"@type\":\"ReadAction\",\"target\":[\"https:\\\/\\\/funerariaconceptochile.cl\\\/eleva-consultora\\\/\"]}]},{\"@type\":\"BreadcrumbList\",\"@id\":\"https:\\\/\\\/funerariaconceptochile.cl\\\/eleva-consultora\\\/#breadcrumb\",\"itemListElement\":[{\"@type\":\"ListItem\",\"position\":1,\"name\":\"Portada\",\"item\":\"https:\\\/\\\/funerariaconceptochile.cl\\\/\"},{\"@type\":\"ListItem\",\"position\":2,\"name\":\"Eleva Consultora\"}]},{\"@type\":\"WebSite\",\"@id\":\"https:\\\/\\\/funerariaconceptochile.cl\\\/#website\",\"url\":\"https:\\\/\\\/funerariaconceptochile.cl\\\/\",\"name\":\"Funeraria Concepto\",\"description\":\"\",\"potentialAction\":[{\"@type\":\"SearchAction\",\"target\":{\"@type\":\"EntryPoint\",\"urlTemplate\":\"https:\\\/\\\/funerariaconceptochile.cl\\\/?s={search_term_string}\"},\"query-input\":{\"@type\":\"PropertyValueSpecification\",\"valueRequired\":true,\"valueName\":\"search_term_string\"}}],\"inLanguage\":\"es\"}]}<\/script>\n<!-- \/ Yoast SEO plugin. -->","yoast_head_json":{"title":"Eleva Consultora - Funeraria Concepto","robots":{"index":"index","follow":"follow","max-snippet":"max-snippet:-1","max-image-preview":"max-image-preview:large","max-video-preview":"max-video-preview:-1"},"canonical":"https:\/\/funerariaconceptochile.cl\/es\/eleva-consultora\/","og_locale":"es_ES","og_type":"article","og_title":"Eleva Consultora - Funeraria Concepto","og_url":"https:\/\/funerariaconceptochile.cl\/es\/eleva-consultora\/","og_site_name":"Funeraria Concepto","article_modified_time":"2025-09-05T03:00:38+00:00","twitter_card":"summary_large_image","twitter_misc":{"Tiempo de lectura":"6 minutos"},"schema":{"@context":"https:\/\/schema.org","@graph":[{"@type":"WebPage","@id":"https:\/\/funerariaconceptochile.cl\/eleva-consultora\/","url":"https:\/\/funerariaconceptochile.cl\/eleva-consultora\/","name":"Eleva Consultora - Funeraria Concepto","isPartOf":{"@id":"https:\/\/funerariaconceptochile.cl\/#website"},"datePublished":"2025-09-05T02:58:13+00:00","dateModified":"2025-09-05T03:00:38+00:00","breadcrumb":{"@id":"https:\/\/funerariaconceptochile.cl\/eleva-consultora\/#breadcrumb"},"inLanguage":"es","potentialAction":[{"@type":"ReadAction","target":["https:\/\/funerariaconceptochile.cl\/eleva-consultora\/"]}]},{"@type":"BreadcrumbList","@id":"https:\/\/funerariaconceptochile.cl\/eleva-consultora\/#breadcrumb","itemListElement":[{"@type":"ListItem","position":1,"name":"Portada","item":"https:\/\/funerariaconceptochile.cl\/"},{"@type":"ListItem","position":2,"name":"Eleva Consultora"}]},{"@type":"WebSite","@id":"https:\/\/funerariaconceptochile.cl\/#website","url":"https:\/\/funerariaconceptochile.cl\/","name":"Funeraria Concepto","description":"","potentialAction":[{"@type":"SearchAction","target":{"@type":"EntryPoint","urlTemplate":"https:\/\/funerariaconceptochile.cl\/?s={search_term_string}"},"query-input":{"@type":"PropertyValueSpecification","valueRequired":true,"valueName":"search_term_string"}}],"inLanguage":"es"}]}},"_links":{"self":[{"href":"https:\/\/funerariaconceptochile.cl\/es\/wp-json\/wp\/v2\/pages\/11141","targetHints":{"allow":["GET"]}}],"collection":[{"href":"https:\/\/funerariaconceptochile.cl\/es\/wp-json\/wp\/v2\/pages"}],"about":[{"href":"https:\/\/funerariaconceptochile.cl\/es\/wp-json\/wp\/v2\/types\/page"}],"author":[{"embeddable":true,"href":"https:\/\/funerariaconceptochile.cl\/es\/wp-json\/wp\/v2\/users\/2"}],"replies":[{"embeddable":true,"href":"https:\/\/funerariaconceptochile.cl\/es\/wp-json\/wp\/v2\/comments?post=11141"}],"version-history":[{"count":1,"href":"https:\/\/funerariaconceptochile.cl\/es\/wp-json\/wp\/v2\/pages\/11141\/revisions"}],"predecessor-version":[{"id":11142,"href":"https:\/\/funerariaconceptochile.cl\/es\/wp-json\/wp\/v2\/pages\/11141\/revisions\/11142"}],"wp:attachment":[{"href":"https:\/\/funerariaconceptochile.cl\/es\/wp-json\/wp\/v2\/media?parent=11141"}],"curies":[{"name":"wp","href":"https:\/\/api.w.org\/{rel}","templated":true}]}}