{"id":11102,"date":"2025-08-28T21:07:59","date_gmt":"2025-08-29T01:07:59","guid":{"rendered":"https:\/\/funerariaconceptochile.cl\/?page_id=11102"},"modified":"2025-08-28T21:22:59","modified_gmt":"2025-08-29T01:22:59","slug":"partnex","status":"publish","type":"page","link":"https:\/\/funerariaconceptochile.cl\/es\/partnex\/","title":{"rendered":"Partnex"},"content":{"rendered":"<section class=\"wpb-content-wrapper\"><div class=\"vc_row wpb_row vc_row-fluid\"><div class=\"wpb_column vc_column_container vc_col-sm-6 wd-enabled-flex text-center wd-rs-67f6df5194483\"><div class=\"vc_column-inner vc_custom_1744232290858\"><div class=\"wpb_wrapper\"><div class=\"wpb_images_carousel wpb_content_element vc_clearfix\">\n\t<div class=\"wpb_wrapper\">\n\t\t\t\t<div id=\"vc_images-carousel-1-1778081858\" class=\"vc_slide vc_images_carousel\">\n\n\t\t\t<!-- Wrapper for slides -->\n\t\t\t<div class=\"owl-carousel owl-items-lg-1 owl-items-md-1 owl-items-sm-1 owl-items-xs-1\">\n\t\t\t\t\t\t\t\t\t\t\t\t\t\t\t\t\t\t\t\t<div class=\"owl-carousel-item \">\n\t\t\t\t\t\t\t\t<div class=\"owl-carousel-item-inner\">\n\t\t\t\t\t\t\t\t\t\t\t\t\t\t\t\t\t\t\t\t\t\t\t\t\t\t\t<a class=\"prettyphoto\"\n\t\t\t\t\t\t\t\t\t   href=\"https:\/\/funerariaconceptochile.cl\/wp-content\/uploads\/2025\/08\/WhatsApp-Image-2025-08-25-at-18.31.09-e1756429550305-758x800.jpeg\"  rel=\"prettyPhoto[rel-727602400]\">\n\t\t\t\t\t\t\t\t\t\t<img loading=\"lazy\" decoding=\"async\" width=\"284\" height=\"300\" src=\"https:\/\/funerariaconceptochile.cl\/wp-content\/uploads\/2025\/08\/WhatsApp-Image-2025-08-25-at-18.31.09-e1756429550305-284x300.jpeg\" class=\"attachment-medium\" alt=\"\" title=\"WhatsApp Image 2025-08-25 at 18.31.09\" srcset=\"https:\/\/funerariaconceptochile.cl\/wp-content\/uploads\/2025\/08\/WhatsApp-Image-2025-08-25-at-18.31.09-e1756429550305-284x300.jpeg 284w, https:\/\/funerariaconceptochile.cl\/wp-content\/uploads\/2025\/08\/WhatsApp-Image-2025-08-25-at-18.31.09-e1756429550305-758x800.jpeg 758w, https:\/\/funerariaconceptochile.cl\/wp-content\/uploads\/2025\/08\/WhatsApp-Image-2025-08-25-at-18.31.09-e1756429550305-768x811.jpeg 768w, https:\/\/funerariaconceptochile.cl\/wp-content\/uploads\/2025\/08\/WhatsApp-Image-2025-08-25-at-18.31.09-e1756429550305-11x12.jpeg 11w, https:\/\/funerariaconceptochile.cl\/wp-content\/uploads\/2025\/08\/WhatsApp-Image-2025-08-25-at-18.31.09-e1756429550305-400x422.jpeg 400w, https:\/\/funerariaconceptochile.cl\/wp-content\/uploads\/2025\/08\/WhatsApp-Image-2025-08-25-at-18.31.09-e1756429550305-150x158.jpeg 150w, https:\/\/funerariaconceptochile.cl\/wp-content\/uploads\/2025\/08\/WhatsApp-Image-2025-08-25-at-18.31.09-e1756429550305.jpeg 1080w\" sizes=\"auto, (max-width: 284px) 100vw, 284px\" \/>\t\t\t\t\t\t\t\t\t<\/a>\n\t\t\t\t\t\t\t\t\t\t\t\t\t\t\t\t\t<\/div>\n\t\t\t\t\t\t\t<\/div>\n\t\t\t\t\t\t\t\t\t<\/div>\n\t\t<\/div>\n\t<\/div>\n<\/div>\n\n<\/div><\/div><\/div><div class=\"wpb_column vc_column_container vc_col-sm-6 wd-enabled-flex wd-rs-64380c1773be4\"><div class=\"vc_column-inner vc_custom_1681394715610\"><div class=\"wpb_wrapper\"><div class=\"vc_row wpb_row vc_inner vc_row-fluid vc_custom_1681724939505 wd-rs-643d1607d7b4b\"><div class=\"wpb_column vc_column_container vc_col-sm-12 vc_col-lg-4 wd-rs-643d5ea35091e\"><div class=\"vc_column-inner\"><div class=\"wpb_wrapper\">\n\t\t<div id=\"wd-68b0ffaf9a37d\" class=\"title-wrapper wd-wpb set-mb-s reset-last-child  wd-rs-68b0ffaf9a37d wd-title-color-default wd-title-style-default text-left vc_custom_1756430262893 wd-underline-colored\">\n\t\t\t\n\t\t\t<div class=\"liner-continer\">\n\t\t\t\t<h4 class=\"woodmart-title-container title  wd-font-weight- wd-fontsize-xl\" >Partnex<\/h4>\n\t\t\t\t\t\t\t<\/div>\n\t\t\t\n\t\t\t\t\t\t\t<div class=\"title-after_title  set-cont-mb-s reset-last-child  wd-fontsize-s\">Chile<\/div>\n\t\t\t\n\t\t\t\n\t\t<\/div>\n\t\t\n\t\t<\/div><\/div><\/div><div class=\"wpb_column vc_column_container vc_col-sm-12 vc_col-lg-8 wd-enabled-flex wd-rs-643d5ea7ece06\"><div class=\"vc_column-inner\"><div class=\"wpb_wrapper\">\n\t\t\t<div class=\"wd-social-icons vc_custom_1756430323373 wd-layout-inline icons-design-colored icons-size-small color-scheme-dark social-share social-form-circle wd-rs-68b0fff0075cf wd-enabled-width text-left\">\n\n\t\t\t\t\t\t\t\t\t<span class=\"wd-label\">Compartir:<\/span>\n\t\t\t\t\n\t\t\t\t\t\t\t\t\t<a rel=\"noopener noreferrer nofollow\" href=\"https:\/\/www.facebook.com\/sharer\/sharer.php?u=https:\/\/funerariaconceptochile.cl\/es\/partnex\/\" target=\"_blank\" class=\" wd-social-icon social-facebook\" aria-label=\"Facebook social link\">\n\t\t\t\t\t\t<span class=\"wd-icon\"><\/span>\n\t\t\t\t\t\t\t\t\t\t\t<\/a>\n\t\t\t\t\n\t\t\t\t\t\t\t\t\t<a rel=\"noopener noreferrer nofollow\" href=\"https:\/\/twitter.com\/share?url=https:\/\/funerariaconceptochile.cl\/es\/partnex\/\" target=\"_blank\" class=\" wd-social-icon social-twitter\" aria-label=\"Twitter social link\">\n\t\t\t\t\t\t<span class=\"wd-icon\"><\/span>\n\t\t\t\t\t\t\t\t\t\t\t<\/a>\n\t\t\t\t\n\t\t\t\t\t\t\t\t\t<a rel=\"noopener noreferrer nofollow\" href=\"mailto:?subject=Check%20this%20https:\/\/funerariaconceptochile.cl\/es\/partnex\/\" target=\"_blank\" class=\" wd-social-icon social-email\" aria-label=\"Email social link\">\n\t\t\t\t\t\t<span class=\"wd-icon\"><\/span>\n\t\t\t\t\t\t\t\t\t\t\t<\/a>\n\t\t\t\t\n\t\t\t\t\n\t\t\t\t\n\t\t\t\t\n\t\t\t\t\n\t\t\t\t\n\t\t\t\t\n\t\t\t\t\n\t\t\t\t\n\t\t\t\t\n\t\t\t\t\n\t\t\t\t\n\t\t\t\t\n\t\t\t\t\n\t\t\t\t\t\t\t\t\t<a rel=\"noopener noreferrer nofollow\" href=\"https:\/\/api.whatsapp.com\/send?text=https%3A%2F%2Ffunerariaconceptochile.cl%2Fes%2Fpartnex%2F\" target=\"_blank\" class=\"whatsapp-desktop  wd-social-icon social-whatsapp\" aria-label=\"WhatsApp social link\">\n\t\t\t\t\t\t<span class=\"wd-icon\"><\/span>\n\t\t\t\t\t\t\t\t\t\t\t<\/a>\n\t\t\t\t\t\n\t\t\t\t\t<a rel=\"noopener noreferrer nofollow\" href=\"whatsapp:\/\/send?text=https%3A%2F%2Ffunerariaconceptochile.cl%2Fes%2Fpartnex%2F\" target=\"_blank\" class=\"whatsapp-mobile  wd-social-icon social-whatsapp\" aria-label=\"WhatsApp social link\">\n\t\t\t\t\t\t<span class=\"wd-icon\"><\/span>\n\t\t\t\t\t\t\t\t\t\t\t<\/a>\n\t\t\t\t\n\t\t\t\t\t\t\t\t\n\t\t\t\t\t\t\t\t\n\t\t\t\t\n\t\t\t\t\t\t\t\t\t<a rel=\"noopener noreferrer nofollow\" href=\"https:\/\/telegram.me\/share\/url?url=https:\/\/funerariaconceptochile.cl\/es\/partnex\/\" target=\"_blank\" class=\" wd-social-icon social-tg\" aria-label=\"Telegram social link\">\n\t\t\t\t\t\t<span class=\"wd-icon\"><\/span>\n\t\t\t\t\t\t\t\t\t\t\t<\/a>\n\t\t\t\t\t\t\t\t\n\t\t\t\t\n\t\t\t<\/div>\n\n\t\t<\/div><\/div><\/div><\/div>\t\t<div id=\"wd-68b0feaee98c6\" class=\"wd-text-block wd-wpb reset-last-child wd-rs-68b0feaee98c6 text-left vc_custom_1756430025644\">\n\t\t\t<p>En Partnex &#8220;Ayudamos a pymes y startups a importar de forma segura, rentable y simple.Nos encargamos de todo: desde la b\u00fasqueda del proveedor hasta que el producto llega a tu bodega.&#8221;<\/p>\n<p>Dentro de nuestros servicios, realizamos<\/p>\n<p>&#8211; Evaluaci\u00f3n de costos de importaci\u00f3n y an\u00e1lisis de riesgos.<\/p>\n<p>&#8211; B\u00fasqueda y verificaci\u00f3n de proveedores en origen.<\/p>\n<p>&#8211; Apoyo en la negociaci\u00f3n internacional.<\/p>\n<p>&#8211; Gesti\u00f3n de importaciones puerta a puerta.<\/p>\n<p>&#8211; Dise\u00f1o de procesos internos de importaci\u00f3n.<\/p>\n<p>&nbsp;<\/p>\n\t\t<\/div>\n\t\t<div id=\"wd-68b100da21f29\" class=\" wd-rs-68b100da21f29 vc_custom_1756430574638 wd-button-wrapper text-center inline-element\"><a href=\"https:\/\/wa.me\/56999990773\" title=\"https:\/\/wa.me\/56999990773\" target=\"_blank\" class=\"btn btn-color-primary btn-style-default btn-style-round btn-size-default\">Contactalos<\/a><\/div><div id=\"wd-68b0fea3e78c1\" class=\" wd-rs-68b0fea3e78c1 vc_custom_1756429996271 wd-button-wrapper text-center inline-element\"><a href=\"http:\/\/www.ptx.cl\" title=\"\" target=\"_blank\" class=\"btn btn-color-primary btn-style-default btn-style-round btn-size-default\">Sitio Web Oficial<\/a><\/div>\t\t<div id=\"wd-6758767cd4171\" class=\"wd-text-block wd-wpb reset-last-child wd-rs-6758767cd4171 text-left vc_custom_1733850753408\">\n\t\t\t\t\t<\/div>\n\t\t<\/div><\/div><\/div><\/div>\n<\/section>","protected":false},"excerpt":{"rendered":"Partnex Chile Compartir: En Partnex \"Ayudamos a pymes y startups a importar de forma segura, rentable y simple.Nos encargamos de","protected":false},"author":2,"featured_media":0,"parent":0,"menu_order":0,"comment_status":"closed","ping_status":"closed","template":"","meta":{"footnotes":""},"class_list":["post-11102","page","type-page","status-publish","hentry"],"yoast_head":"<!-- This site is optimized with the Yoast SEO plugin v27.5 - https:\/\/yoast.com\/product\/yoast-seo-wordpress\/ -->\n<title>Partnex - Funeraria Concepto<\/title>\n<meta name=\"robots\" content=\"index, follow, max-snippet:-1, max-image-preview:large, max-video-preview:-1\" \/>\n<link rel=\"canonical\" href=\"https:\/\/funerariaconceptochile.cl\/es\/partnex\/\" \/>\n<meta property=\"og:locale\" content=\"es_ES\" \/>\n<meta property=\"og:type\" content=\"article\" \/>\n<meta property=\"og:title\" content=\"Partnex - Funeraria Concepto\" \/>\n<meta property=\"og:url\" content=\"https:\/\/funerariaconceptochile.cl\/es\/partnex\/\" \/>\n<meta property=\"og:site_name\" content=\"Funeraria Concepto\" \/>\n<meta property=\"article:modified_time\" content=\"2025-08-29T01:22:59+00:00\" \/>\n<meta name=\"twitter:card\" content=\"summary_large_image\" \/>\n<script type=\"application\/ld+json\" class=\"yoast-schema-graph\">{\"@context\":\"https:\\\/\\\/schema.org\",\"@graph\":[{\"@type\":\"WebPage\",\"@id\":\"https:\\\/\\\/funerariaconceptochile.cl\\\/partnex\\\/\",\"url\":\"https:\\\/\\\/funerariaconceptochile.cl\\\/partnex\\\/\",\"name\":\"Partnex - Funeraria Concepto\",\"isPartOf\":{\"@id\":\"https:\\\/\\\/funerariaconceptochile.cl\\\/#website\"},\"datePublished\":\"2025-08-29T01:07:59+00:00\",\"dateModified\":\"2025-08-29T01:22:59+00:00\",\"breadcrumb\":{\"@id\":\"https:\\\/\\\/funerariaconceptochile.cl\\\/partnex\\\/#breadcrumb\"},\"inLanguage\":\"es\",\"potentialAction\":[{\"@type\":\"ReadAction\",\"target\":[\"https:\\\/\\\/funerariaconceptochile.cl\\\/partnex\\\/\"]}]},{\"@type\":\"BreadcrumbList\",\"@id\":\"https:\\\/\\\/funerariaconceptochile.cl\\\/partnex\\\/#breadcrumb\",\"itemListElement\":[{\"@type\":\"ListItem\",\"position\":1,\"name\":\"Portada\",\"item\":\"https:\\\/\\\/funerariaconceptochile.cl\\\/\"},{\"@type\":\"ListItem\",\"position\":2,\"name\":\"Partnex\"}]},{\"@type\":\"WebSite\",\"@id\":\"https:\\\/\\\/funerariaconceptochile.cl\\\/#website\",\"url\":\"https:\\\/\\\/funerariaconceptochile.cl\\\/\",\"name\":\"Funeraria Concepto\",\"description\":\"\",\"potentialAction\":[{\"@type\":\"SearchAction\",\"target\":{\"@type\":\"EntryPoint\",\"urlTemplate\":\"https:\\\/\\\/funerariaconceptochile.cl\\\/?s={search_term_string}\"},\"query-input\":{\"@type\":\"PropertyValueSpecification\",\"valueRequired\":true,\"valueName\":\"search_term_string\"}}],\"inLanguage\":\"es\"}]}<\/script>\n<!-- \/ Yoast SEO plugin. -->","yoast_head_json":{"title":"Partnex - Funeraria Concepto","robots":{"index":"index","follow":"follow","max-snippet":"max-snippet:-1","max-image-preview":"max-image-preview:large","max-video-preview":"max-video-preview:-1"},"canonical":"https:\/\/funerariaconceptochile.cl\/es\/partnex\/","og_locale":"es_ES","og_type":"article","og_title":"Partnex - Funeraria Concepto","og_url":"https:\/\/funerariaconceptochile.cl\/es\/partnex\/","og_site_name":"Funeraria Concepto","article_modified_time":"2025-08-29T01:22:59+00:00","twitter_card":"summary_large_image","schema":{"@context":"https:\/\/schema.org","@graph":[{"@type":"WebPage","@id":"https:\/\/funerariaconceptochile.cl\/partnex\/","url":"https:\/\/funerariaconceptochile.cl\/partnex\/","name":"Partnex - Funeraria Concepto","isPartOf":{"@id":"https:\/\/funerariaconceptochile.cl\/#website"},"datePublished":"2025-08-29T01:07:59+00:00","dateModified":"2025-08-29T01:22:59+00:00","breadcrumb":{"@id":"https:\/\/funerariaconceptochile.cl\/partnex\/#breadcrumb"},"inLanguage":"es","potentialAction":[{"@type":"ReadAction","target":["https:\/\/funerariaconceptochile.cl\/partnex\/"]}]},{"@type":"BreadcrumbList","@id":"https:\/\/funerariaconceptochile.cl\/partnex\/#breadcrumb","itemListElement":[{"@type":"ListItem","position":1,"name":"Portada","item":"https:\/\/funerariaconceptochile.cl\/"},{"@type":"ListItem","position":2,"name":"Partnex"}]},{"@type":"WebSite","@id":"https:\/\/funerariaconceptochile.cl\/#website","url":"https:\/\/funerariaconceptochile.cl\/","name":"Funeraria Concepto","description":"","potentialAction":[{"@type":"SearchAction","target":{"@type":"EntryPoint","urlTemplate":"https:\/\/funerariaconceptochile.cl\/?s={search_term_string}"},"query-input":{"@type":"PropertyValueSpecification","valueRequired":true,"valueName":"search_term_string"}}],"inLanguage":"es"}]}},"_links":{"self":[{"href":"https:\/\/funerariaconceptochile.cl\/es\/wp-json\/wp\/v2\/pages\/11102","targetHints":{"allow":["GET"]}}],"collection":[{"href":"https:\/\/funerariaconceptochile.cl\/es\/wp-json\/wp\/v2\/pages"}],"about":[{"href":"https:\/\/funerariaconceptochile.cl\/es\/wp-json\/wp\/v2\/types\/page"}],"author":[{"embeddable":true,"href":"https:\/\/funerariaconceptochile.cl\/es\/wp-json\/wp\/v2\/users\/2"}],"replies":[{"embeddable":true,"href":"https:\/\/funerariaconceptochile.cl\/es\/wp-json\/wp\/v2\/comments?post=11102"}],"version-history":[{"count":3,"href":"https:\/\/funerariaconceptochile.cl\/es\/wp-json\/wp\/v2\/pages\/11102\/revisions"}],"predecessor-version":[{"id":11106,"href":"https:\/\/funerariaconceptochile.cl\/es\/wp-json\/wp\/v2\/pages\/11102\/revisions\/11106"}],"wp:attachment":[{"href":"https:\/\/funerariaconceptochile.cl\/es\/wp-json\/wp\/v2\/media?parent=11102"}],"curies":[{"name":"wp","href":"https:\/\/api.w.org\/{rel}","templated":true}]}}