{"id":10618,"date":"2025-06-19T10:17:41","date_gmt":"2025-06-19T14:17:41","guid":{"rendered":"https:\/\/funerariaconceptochile.cl\/?page_id=10618"},"modified":"2025-06-19T10:22:57","modified_gmt":"2025-06-19T14:22:57","slug":"gregory-thompson","status":"publish","type":"page","link":"https:\/\/funerariaconceptochile.cl\/es\/gregory-thompson\/","title":{"rendered":"Gregory Thompson"},"content":{"rendered":"<section class=\"wpb-content-wrapper\"><div class=\"vc_row wpb_row vc_row-fluid\"><div class=\"wpb_column vc_column_container vc_col-sm-6 wd-enabled-flex text-center wd-rs-67f6df5194483\"><div class=\"vc_column-inner vc_custom_1744232290858\"><div class=\"wpb_wrapper\"><div class=\"wpb_images_carousel wpb_content_element vc_clearfix\">\n\t<div class=\"wpb_wrapper\">\n\t\t\t\t<div id=\"vc_images-carousel-1-1778081596\" class=\"vc_slide vc_images_carousel\">\n\n\t\t\t<!-- Wrapper for slides -->\n\t\t\t<div class=\"owl-carousel owl-items-lg-1 owl-items-md-1 owl-items-sm-1 owl-items-xs-1\">\n\t\t\t\t\t\t\t\t\t\t\t\t\t\t\t\t\t\t\t\t<div class=\"owl-carousel-item \">\n\t\t\t\t\t\t\t\t<div class=\"owl-carousel-item-inner\">\n\t\t\t\t\t\t\t\t\t\t\t\t\t\t\t\t\t\t\t\t\t\t\t\t\t\t\t<a class=\"prettyphoto\"\n\t\t\t\t\t\t\t\t\t   href=\"https:\/\/funerariaconceptochile.cl\/wp-content\/uploads\/2025\/06\/Imagen-de-WhatsApp-2025-06-19-a-las-09.59.38_21886456-1-836x800.jpg\"  rel=\"prettyPhoto[rel-1426815573]\">\n\t\t\t\t\t\t\t\t\t\t<img loading=\"lazy\" decoding=\"async\" width=\"313\" height=\"300\" src=\"https:\/\/funerariaconceptochile.cl\/wp-content\/uploads\/2025\/06\/Imagen-de-WhatsApp-2025-06-19-a-las-09.59.38_21886456-1-313x300.jpg\" class=\"attachment-medium\" alt=\"\" title=\"Imagen de WhatsApp 2025-06-19 a las 09.59.38_21886456\" srcset=\"https:\/\/funerariaconceptochile.cl\/wp-content\/uploads\/2025\/06\/Imagen-de-WhatsApp-2025-06-19-a-las-09.59.38_21886456-1-313x300.jpg 313w, https:\/\/funerariaconceptochile.cl\/wp-content\/uploads\/2025\/06\/Imagen-de-WhatsApp-2025-06-19-a-las-09.59.38_21886456-1-836x800.jpg 836w, https:\/\/funerariaconceptochile.cl\/wp-content\/uploads\/2025\/06\/Imagen-de-WhatsApp-2025-06-19-a-las-09.59.38_21886456-1-768x735.jpg 768w, https:\/\/funerariaconceptochile.cl\/wp-content\/uploads\/2025\/06\/Imagen-de-WhatsApp-2025-06-19-a-las-09.59.38_21886456-1-400x383.jpg 400w, https:\/\/funerariaconceptochile.cl\/wp-content\/uploads\/2025\/06\/Imagen-de-WhatsApp-2025-06-19-a-las-09.59.38_21886456-1-150x144.jpg 150w, https:\/\/funerariaconceptochile.cl\/wp-content\/uploads\/2025\/06\/Imagen-de-WhatsApp-2025-06-19-a-las-09.59.38_21886456-1.jpg 846w\" sizes=\"auto, (max-width: 313px) 100vw, 313px\" \/>\t\t\t\t\t\t\t\t\t<\/a>\n\t\t\t\t\t\t\t\t\t\t\t\t\t\t\t\t\t<\/div>\n\t\t\t\t\t\t\t<\/div>\n\t\t\t\t\t\t\t\t\t<\/div>\n\t\t<\/div>\n\t<\/div>\n<\/div>\n\n<\/div><\/div><\/div><div class=\"wpb_column vc_column_container vc_col-sm-6 wd-enabled-flex wd-rs-64380c1773be4\"><div class=\"vc_column-inner vc_custom_1681394715610\"><div class=\"wpb_wrapper\"><div class=\"vc_row wpb_row vc_inner vc_row-fluid vc_custom_1681724939505 wd-rs-643d1607d7b4b\"><div class=\"wpb_column vc_column_container vc_col-sm-12 vc_col-lg-4 wd-rs-643d5ea35091e\"><div class=\"vc_column-inner\"><div class=\"wpb_wrapper\">\n\t\t<div id=\"wd-68541d2da28db\" class=\"title-wrapper wd-wpb set-mb-s reset-last-child  wd-rs-68541d2da28db wd-title-color-default wd-title-style-default text-left vc_custom_1750342969166 wd-underline-colored\">\n\t\t\t\n\t\t\t<div class=\"liner-continer\">\n\t\t\t\t<h4 class=\"woodmart-title-container title  wd-font-weight- wd-fontsize-xl\" >Gregory  Thompson<\/h4>\n\t\t\t\t\t\t\t<\/div>\n\t\t\t\n\t\t\t\t\t\t\t<div class=\"title-after_title  set-cont-mb-s reset-last-child  wd-fontsize-s\">Chile \/ Los Angeles<\/div>\n\t\t\t\n\t\t\t\n\t\t<\/div>\n\t\t\n\t\t<\/div><\/div><\/div><div class=\"wpb_column vc_column_container vc_col-sm-12 vc_col-lg-8 wd-enabled-flex wd-rs-643d5ea7ece06\"><div class=\"vc_column-inner\"><div class=\"wpb_wrapper\">\n\t\t\t<div class=\"wd-social-icons vc_custom_1750342938947 wd-layout-inline icons-design-colored icons-size-small color-scheme-dark social-share social-form-circle wd-rs-68541d12a8731 wd-enabled-width text-left\">\n\n\t\t\t\t\t\t\t\t\t<span class=\"wd-label\">Compartir: <\/span>\n\t\t\t\t\n\t\t\t\t\t\t\t\t\t<a rel=\"noopener noreferrer nofollow\" href=\"https:\/\/www.facebook.com\/sharer\/sharer.php?u=https:\/\/funerariaconceptochile.cl\/es\/gregory-thompson\/\" target=\"_blank\" class=\" wd-social-icon social-facebook\" aria-label=\"Facebook social link\">\n\t\t\t\t\t\t<span class=\"wd-icon\"><\/span>\n\t\t\t\t\t\t\t\t\t\t\t<\/a>\n\t\t\t\t\n\t\t\t\t\t\t\t\t\t<a rel=\"noopener noreferrer nofollow\" href=\"https:\/\/twitter.com\/share?url=https:\/\/funerariaconceptochile.cl\/es\/gregory-thompson\/\" target=\"_blank\" class=\" wd-social-icon social-twitter\" aria-label=\"Twitter social link\">\n\t\t\t\t\t\t<span class=\"wd-icon\"><\/span>\n\t\t\t\t\t\t\t\t\t\t\t<\/a>\n\t\t\t\t\n\t\t\t\t\t\t\t\t\t<a rel=\"noopener noreferrer nofollow\" href=\"mailto:?subject=Check%20this%20https:\/\/funerariaconceptochile.cl\/es\/gregory-thompson\/\" target=\"_blank\" class=\" wd-social-icon social-email\" aria-label=\"Email social link\">\n\t\t\t\t\t\t<span class=\"wd-icon\"><\/span>\n\t\t\t\t\t\t\t\t\t\t\t<\/a>\n\t\t\t\t\n\t\t\t\t\n\t\t\t\t\n\t\t\t\t\n\t\t\t\t\n\t\t\t\t\n\t\t\t\t\n\t\t\t\t\n\t\t\t\t\n\t\t\t\t\n\t\t\t\t\n\t\t\t\t\n\t\t\t\t\n\t\t\t\t\n\t\t\t\t\t\t\t\t\t<a rel=\"noopener noreferrer nofollow\" href=\"https:\/\/api.whatsapp.com\/send?text=https%3A%2F%2Ffunerariaconceptochile.cl%2Fes%2Fgregory-thompson%2F\" target=\"_blank\" class=\"whatsapp-desktop  wd-social-icon social-whatsapp\" aria-label=\"WhatsApp social link\">\n\t\t\t\t\t\t<span class=\"wd-icon\"><\/span>\n\t\t\t\t\t\t\t\t\t\t\t<\/a>\n\t\t\t\t\t\n\t\t\t\t\t<a rel=\"noopener noreferrer nofollow\" href=\"whatsapp:\/\/send?text=https%3A%2F%2Ffunerariaconceptochile.cl%2Fes%2Fgregory-thompson%2F\" target=\"_blank\" class=\"whatsapp-mobile  wd-social-icon social-whatsapp\" aria-label=\"WhatsApp social link\">\n\t\t\t\t\t\t<span class=\"wd-icon\"><\/span>\n\t\t\t\t\t\t\t\t\t\t\t<\/a>\n\t\t\t\t\n\t\t\t\t\t\t\t\t\n\t\t\t\t\t\t\t\t\n\t\t\t\t\n\t\t\t\t\t\t\t\t\t<a rel=\"noopener noreferrer nofollow\" href=\"https:\/\/telegram.me\/share\/url?url=https:\/\/funerariaconceptochile.cl\/es\/gregory-thompson\/\" target=\"_blank\" class=\" wd-social-icon social-tg\" aria-label=\"Telegram social link\">\n\t\t\t\t\t\t<span class=\"wd-icon\"><\/span>\n\t\t\t\t\t\t\t\t\t\t\t<\/a>\n\t\t\t\t\t\t\t\t\n\t\t\t\t\n\t\t\t<\/div>\n\n\t\t<\/div><\/div><\/div><\/div>\t\t<div id=\"wd-68541c94e42c1\" class=\"wd-text-block wd-wpb reset-last-child wd-rs-68541c94e42c1 text-left vc_custom_1750342847928\">\n\t\t\t<p data-start=\"181\" data-end=\"530\">Fusionamos la tradici\u00f3n con la modernidad para crear postres de alta gama que deleitan tanto el paladar como la vista. Ofrecemos servicios personalizados para empresas y particulares, incluyendo catering, eventos corporativos, cafeter\u00eda y atenci\u00f3n de barista profesional. Nuestros productos destacan por su calidad, frescura y preparaci\u00f3n artesanal.<\/p>\n<p data-start=\"532\" data-end=\"557\"><strong data-start=\"532\" data-end=\"557\">Servicios destacados:<\/strong><\/p>\n<ul data-start=\"558\" data-end=\"751\">\n<li data-start=\"558\" data-end=\"600\">\n<p data-start=\"560\" data-end=\"600\">\ud83c\udf82 Eventos corporativos personalizados<\/p>\n<\/li>\n<li data-start=\"601\" data-end=\"640\">\n<p data-start=\"603\" data-end=\"640\">\ud83e\udd61 Catering empresarial a domicilio<\/p>\n<\/li>\n<li data-start=\"641\" data-end=\"700\">\n<p data-start=\"643\" data-end=\"700\">\u2615 Cafeter\u00eda con ambiente acogedor y barista profesional<\/p>\n<\/li>\n<li data-start=\"701\" data-end=\"751\">\n<p data-start=\"703\" data-end=\"751\">\ud83c\udf31 Ingredientes frescos y empaques sostenibles<\/p>\n<\/li>\n<\/ul>\n<p data-start=\"753\" data-end=\"1008\"><strong data-start=\"786\" data-end=\"797\">Correo:<\/strong> <a class=\"cursor-pointer\" rel=\"noopener\" data-start=\"798\" data-end=\"836\">gregorythompson_pasteleria@hotmail.com<\/a><br data-start=\"836\" data-end=\"839\" \/><strong data-start=\"839\" data-end=\"853\">Direcci\u00f3n:<\/strong> Avenida Alemania 686, local 7, interior Santa Isabel<\/p>\n\t\t<\/div>\n\t\t<div id=\"wd-68541cc3e71dc\" class=\" wd-rs-68541cc3e71dc vc_custom_1750342875206 wd-button-wrapper text-center inline-element\"><a href=\"https:\/\/wa.me\/56956739463\" title=\"\" target=\"_blank\" class=\"btn btn-color-primary btn-style-default btn-style-round btn-size-default\">Contactalos<\/a><\/div><div id=\"wd-68541cded5124\" class=\" wd-rs-68541cded5124 vc_custom_1750342925932 wd-button-wrapper text-center inline-element\"><a href=\"https:\/\/www.instagram.com\/pasteleria_gregorythompson\/\" title=\"Ciape.chile\" target=\"_blank\" class=\"btn btn-color-primary btn-style-default btn-style-round btn-size-default\">Instagram<\/a><\/div>\t\t<div id=\"wd-6758767cd4171\" class=\"wd-text-block wd-wpb reset-last-child wd-rs-6758767cd4171 text-left vc_custom_1733850753408\">\n\t\t\t\t\t<\/div>\n\t\t<\/div><\/div><\/div><\/div>\n<\/section>","protected":false},"excerpt":{"rendered":"Gregory Thompson Chile \/ Los Angeles Compartir: Fusionamos la tradici\u00f3n con la modernidad para crear postres de alta gama que","protected":false},"author":2,"featured_media":0,"parent":0,"menu_order":0,"comment_status":"closed","ping_status":"closed","template":"","meta":{"footnotes":""},"class_list":["post-10618","page","type-page","status-publish","hentry"],"yoast_head":"<!-- This site is optimized with the Yoast SEO plugin v27.5 - https:\/\/yoast.com\/product\/yoast-seo-wordpress\/ -->\n<title>Gregory Thompson - Funeraria Concepto<\/title>\n<meta name=\"robots\" content=\"index, follow, max-snippet:-1, max-image-preview:large, max-video-preview:-1\" \/>\n<link rel=\"canonical\" href=\"https:\/\/funerariaconceptochile.cl\/es\/gregory-thompson\/\" \/>\n<meta property=\"og:locale\" content=\"es_ES\" \/>\n<meta property=\"og:type\" content=\"article\" \/>\n<meta property=\"og:title\" content=\"Gregory Thompson - Funeraria Concepto\" \/>\n<meta property=\"og:url\" content=\"https:\/\/funerariaconceptochile.cl\/es\/gregory-thompson\/\" \/>\n<meta property=\"og:site_name\" content=\"Funeraria Concepto\" \/>\n<meta property=\"article:modified_time\" content=\"2025-06-19T14:22:57+00:00\" \/>\n<meta name=\"twitter:card\" content=\"summary_large_image\" \/>\n<meta name=\"twitter:label1\" content=\"Tiempo de lectura\" \/>\n\t<meta name=\"twitter:data1\" content=\"2 minutos\" \/>\n<script type=\"application\/ld+json\" class=\"yoast-schema-graph\">{\"@context\":\"https:\\\/\\\/schema.org\",\"@graph\":[{\"@type\":\"WebPage\",\"@id\":\"https:\\\/\\\/funerariaconceptochile.cl\\\/gregory-thompson\\\/\",\"url\":\"https:\\\/\\\/funerariaconceptochile.cl\\\/gregory-thompson\\\/\",\"name\":\"Gregory Thompson - Funeraria Concepto\",\"isPartOf\":{\"@id\":\"https:\\\/\\\/funerariaconceptochile.cl\\\/#website\"},\"datePublished\":\"2025-06-19T14:17:41+00:00\",\"dateModified\":\"2025-06-19T14:22:57+00:00\",\"breadcrumb\":{\"@id\":\"https:\\\/\\\/funerariaconceptochile.cl\\\/gregory-thompson\\\/#breadcrumb\"},\"inLanguage\":\"es\",\"potentialAction\":[{\"@type\":\"ReadAction\",\"target\":[\"https:\\\/\\\/funerariaconceptochile.cl\\\/gregory-thompson\\\/\"]}]},{\"@type\":\"BreadcrumbList\",\"@id\":\"https:\\\/\\\/funerariaconceptochile.cl\\\/gregory-thompson\\\/#breadcrumb\",\"itemListElement\":[{\"@type\":\"ListItem\",\"position\":1,\"name\":\"Portada\",\"item\":\"https:\\\/\\\/funerariaconceptochile.cl\\\/\"},{\"@type\":\"ListItem\",\"position\":2,\"name\":\"Gregory Thompson\"}]},{\"@type\":\"WebSite\",\"@id\":\"https:\\\/\\\/funerariaconceptochile.cl\\\/#website\",\"url\":\"https:\\\/\\\/funerariaconceptochile.cl\\\/\",\"name\":\"Funeraria Concepto\",\"description\":\"\",\"potentialAction\":[{\"@type\":\"SearchAction\",\"target\":{\"@type\":\"EntryPoint\",\"urlTemplate\":\"https:\\\/\\\/funerariaconceptochile.cl\\\/?s={search_term_string}\"},\"query-input\":{\"@type\":\"PropertyValueSpecification\",\"valueRequired\":true,\"valueName\":\"search_term_string\"}}],\"inLanguage\":\"es\"}]}<\/script>\n<!-- \/ Yoast SEO plugin. -->","yoast_head_json":{"title":"Gregory Thompson - Funeraria Concepto","robots":{"index":"index","follow":"follow","max-snippet":"max-snippet:-1","max-image-preview":"max-image-preview:large","max-video-preview":"max-video-preview:-1"},"canonical":"https:\/\/funerariaconceptochile.cl\/es\/gregory-thompson\/","og_locale":"es_ES","og_type":"article","og_title":"Gregory Thompson - Funeraria Concepto","og_url":"https:\/\/funerariaconceptochile.cl\/es\/gregory-thompson\/","og_site_name":"Funeraria Concepto","article_modified_time":"2025-06-19T14:22:57+00:00","twitter_card":"summary_large_image","twitter_misc":{"Tiempo de lectura":"2 minutos"},"schema":{"@context":"https:\/\/schema.org","@graph":[{"@type":"WebPage","@id":"https:\/\/funerariaconceptochile.cl\/gregory-thompson\/","url":"https:\/\/funerariaconceptochile.cl\/gregory-thompson\/","name":"Gregory Thompson - Funeraria Concepto","isPartOf":{"@id":"https:\/\/funerariaconceptochile.cl\/#website"},"datePublished":"2025-06-19T14:17:41+00:00","dateModified":"2025-06-19T14:22:57+00:00","breadcrumb":{"@id":"https:\/\/funerariaconceptochile.cl\/gregory-thompson\/#breadcrumb"},"inLanguage":"es","potentialAction":[{"@type":"ReadAction","target":["https:\/\/funerariaconceptochile.cl\/gregory-thompson\/"]}]},{"@type":"BreadcrumbList","@id":"https:\/\/funerariaconceptochile.cl\/gregory-thompson\/#breadcrumb","itemListElement":[{"@type":"ListItem","position":1,"name":"Portada","item":"https:\/\/funerariaconceptochile.cl\/"},{"@type":"ListItem","position":2,"name":"Gregory Thompson"}]},{"@type":"WebSite","@id":"https:\/\/funerariaconceptochile.cl\/#website","url":"https:\/\/funerariaconceptochile.cl\/","name":"Funeraria Concepto","description":"","potentialAction":[{"@type":"SearchAction","target":{"@type":"EntryPoint","urlTemplate":"https:\/\/funerariaconceptochile.cl\/?s={search_term_string}"},"query-input":{"@type":"PropertyValueSpecification","valueRequired":true,"valueName":"search_term_string"}}],"inLanguage":"es"}]}},"_links":{"self":[{"href":"https:\/\/funerariaconceptochile.cl\/es\/wp-json\/wp\/v2\/pages\/10618","targetHints":{"allow":["GET"]}}],"collection":[{"href":"https:\/\/funerariaconceptochile.cl\/es\/wp-json\/wp\/v2\/pages"}],"about":[{"href":"https:\/\/funerariaconceptochile.cl\/es\/wp-json\/wp\/v2\/types\/page"}],"author":[{"embeddable":true,"href":"https:\/\/funerariaconceptochile.cl\/es\/wp-json\/wp\/v2\/users\/2"}],"replies":[{"embeddable":true,"href":"https:\/\/funerariaconceptochile.cl\/es\/wp-json\/wp\/v2\/comments?post=10618"}],"version-history":[{"count":2,"href":"https:\/\/funerariaconceptochile.cl\/es\/wp-json\/wp\/v2\/pages\/10618\/revisions"}],"predecessor-version":[{"id":10620,"href":"https:\/\/funerariaconceptochile.cl\/es\/wp-json\/wp\/v2\/pages\/10618\/revisions\/10620"}],"wp:attachment":[{"href":"https:\/\/funerariaconceptochile.cl\/es\/wp-json\/wp\/v2\/media?parent=10618"}],"curies":[{"name":"wp","href":"https:\/\/api.w.org\/{rel}","templated":true}]}}