{"id":10364,"date":"2025-04-12T14:44:12","date_gmt":"2025-04-12T18:44:12","guid":{"rendered":"https:\/\/funerariaconceptochile.cl\/?page_id=10364"},"modified":"2025-04-12T14:44:12","modified_gmt":"2025-04-12T18:44:12","slug":"plantilla","status":"publish","type":"page","link":"https:\/\/funerariaconceptochile.cl\/es\/plantilla\/","title":{"rendered":"plantilla"},"content":{"rendered":"<section class=\"wpb-content-wrapper\"><div class=\"vc_row wpb_row vc_row-fluid\"><div class=\"wpb_column vc_column_container vc_col-sm-6 wd-enabled-flex text-center wd-rs-67f6df5194483\"><div class=\"vc_column-inner vc_custom_1744232290858\"><div class=\"wpb_wrapper\"><div class=\"wpb_images_carousel wpb_content_element vc_clearfix\">\n\t<div class=\"wpb_wrapper\">\n\t\t\t\t<div id=\"vc_images-carousel-1-1776411239\" class=\"vc_slide vc_images_carousel\">\n\n\t\t\t<!-- Wrapper for slides -->\n\t\t\t<div class=\"owl-carousel owl-items-lg-1 owl-items-md-1 owl-items-sm-1 owl-items-xs-1\">\n\t\t\t\t\t\t\t\t\t\t\t\t\t\t\t\t\t\t\t\t<div class=\"owl-carousel-item \">\n\t\t\t\t\t\t\t\t<div class=\"owl-carousel-item-inner\">\n\t\t\t\t\t\t\t\t\t\t\t\t\t\t\t\t\t\t\t\t\t\t\t\t\t\t\t<a class=\"prettyphoto\"\n\t\t\t\t\t\t\t\t\t   href=\"https:\/\/funerariaconceptochile.cl\/wp-content\/uploads\/2025\/02\/logo.jpg\"  rel=\"prettyPhoto[rel-1798714659]\">\n\t\t\t\t\t\t\t\t\t\t<img loading=\"lazy\" decoding=\"async\" width=\"372\" height=\"300\" src=\"https:\/\/funerariaconceptochile.cl\/wp-content\/uploads\/2025\/02\/logo-372x300.jpg\" class=\"attachment-medium\" alt=\"\" title=\"logo\" srcset=\"https:\/\/funerariaconceptochile.cl\/wp-content\/uploads\/2025\/02\/logo-372x300.jpg 372w, https:\/\/funerariaconceptochile.cl\/wp-content\/uploads\/2025\/02\/logo-400x323.jpg 400w, https:\/\/funerariaconceptochile.cl\/wp-content\/uploads\/2025\/02\/logo-150x121.jpg 150w, https:\/\/funerariaconceptochile.cl\/wp-content\/uploads\/2025\/02\/logo.jpg 460w\" sizes=\"auto, (max-width: 372px) 100vw, 372px\" \/>\t\t\t\t\t\t\t\t\t<\/a>\n\t\t\t\t\t\t\t\t\t\t\t\t\t\t\t\t\t<\/div>\n\t\t\t\t\t\t\t<\/div>\n\t\t\t\t\t\t\t\t\t\t\t\t\t\t\t\t\t\t\t\t<div class=\"owl-carousel-item \">\n\t\t\t\t\t\t\t\t<div class=\"owl-carousel-item-inner\">\n\t\t\t\t\t\t\t\t\t\t\t\t\t\t\t\t\t\t\t\t\t\t\t\t\t\t\t<a class=\"prettyphoto\"\n\t\t\t\t\t\t\t\t\t   href=\"https:\/\/funerariaconceptochile.cl\/wp-content\/uploads\/2025\/02\/logo-3.jpg\"  rel=\"prettyPhoto[rel-1798714659]\">\n\t\t\t\t\t\t\t\t\t\t<img loading=\"lazy\" decoding=\"async\" width=\"300\" height=\"300\" src=\"https:\/\/funerariaconceptochile.cl\/wp-content\/uploads\/2025\/02\/logo-3-300x300.jpg\" class=\"attachment-medium\" alt=\"\" title=\"logo (3)\" srcset=\"https:\/\/funerariaconceptochile.cl\/wp-content\/uploads\/2025\/02\/logo-3-300x300.jpg 300w, https:\/\/funerariaconceptochile.cl\/wp-content\/uploads\/2025\/02\/logo-3-150x150.jpg 150w, https:\/\/funerariaconceptochile.cl\/wp-content\/uploads\/2025\/02\/logo-3-400x400.jpg 400w, https:\/\/funerariaconceptochile.cl\/wp-content\/uploads\/2025\/02\/logo-3.jpg 492w\" sizes=\"auto, (max-width: 300px) 100vw, 300px\" \/>\t\t\t\t\t\t\t\t\t<\/a>\n\t\t\t\t\t\t\t\t\t\t\t\t\t\t\t\t\t<\/div>\n\t\t\t\t\t\t\t<\/div>\n\t\t\t\t\t\t\t\t\t<\/div>\n\t\t<\/div>\n\t<\/div>\n<\/div>\n\n<\/div><\/div><\/div><div class=\"wpb_column vc_column_container vc_col-sm-6 wd-enabled-flex wd-rs-64380c1773be4\"><div class=\"vc_column-inner vc_custom_1681394715610\"><div class=\"wpb_wrapper\"><div class=\"vc_row wpb_row vc_inner vc_row-fluid vc_custom_1681724939505 wd-rs-643d1607d7b4b\"><div class=\"wpb_column vc_column_container vc_col-sm-12 vc_col-lg-4 wd-rs-643d5ea35091e\"><div class=\"vc_column-inner\"><div class=\"wpb_wrapper\">\n\t\t<div id=\"wd-67b2b9f1b5d96\" class=\"title-wrapper wd-wpb set-mb-s reset-last-child  wd-rs-67b2b9f1b5d96 wd-title-color-default wd-title-style-default text-left vc_custom_1739766265862 wd-underline-colored\">\n\t\t\t\n\t\t\t<div class=\"liner-continer\">\n\t\t\t\t<h4 class=\"woodmart-title-container title  wd-font-weight- wd-fontsize-xl\" >Blisatech SpA<\/h4>\n\t\t\t\t\t\t\t<\/div>\n\t\t\t\n\t\t\t\t\t\t\t<div class=\"title-after_title  set-cont-mb-s reset-last-child  wd-fontsize-s\">Chile \/ Concepci\u00f3n<\/div>\n\t\t\t\n\t\t\t\n\t\t<\/div>\n\t\t\n\t\t<\/div><\/div><\/div><div class=\"wpb_column vc_column_container vc_col-sm-12 vc_col-lg-8 wd-enabled-flex wd-rs-643d5ea7ece06\"><div class=\"vc_column-inner\"><div class=\"wpb_wrapper\">\n\t\t\t<div class=\"wd-social-icons vc_custom_1733850502231 wd-layout-inline icons-design-colored icons-size-small color-scheme-dark social-share social-form-circle wd-rs-6758757c34df3 wd-enabled-width text-left\">\n\n\t\t\t\t\t\t\t\t\t<span class=\"wd-label\">Compartir:<\/span>\n\t\t\t\t\n\t\t\t\t\t\t\t\t\t<a rel=\"noopener noreferrer nofollow\" href=\"https:\/\/www.facebook.com\/sharer\/sharer.php?u=https:\/\/funerariaconceptochile.cl\/es\/plantilla\/\" target=\"_blank\" class=\" wd-social-icon social-facebook\" aria-label=\"Facebook social link\">\n\t\t\t\t\t\t<span class=\"wd-icon\"><\/span>\n\t\t\t\t\t\t\t\t\t\t\t<\/a>\n\t\t\t\t\n\t\t\t\t\t\t\t\t\t<a rel=\"noopener noreferrer nofollow\" href=\"https:\/\/twitter.com\/share?url=https:\/\/funerariaconceptochile.cl\/es\/plantilla\/\" target=\"_blank\" class=\" wd-social-icon social-twitter\" aria-label=\"Twitter social link\">\n\t\t\t\t\t\t<span class=\"wd-icon\"><\/span>\n\t\t\t\t\t\t\t\t\t\t\t<\/a>\n\t\t\t\t\n\t\t\t\t\t\t\t\t\t<a rel=\"noopener noreferrer nofollow\" href=\"mailto:?subject=Check%20this%20https:\/\/funerariaconceptochile.cl\/es\/plantilla\/\" target=\"_blank\" class=\" wd-social-icon social-email\" aria-label=\"Email social link\">\n\t\t\t\t\t\t<span class=\"wd-icon\"><\/span>\n\t\t\t\t\t\t\t\t\t\t\t<\/a>\n\t\t\t\t\n\t\t\t\t\n\t\t\t\t\n\t\t\t\t\n\t\t\t\t\n\t\t\t\t\n\t\t\t\t\n\t\t\t\t\n\t\t\t\t\n\t\t\t\t\n\t\t\t\t\n\t\t\t\t\n\t\t\t\t\n\t\t\t\t\n\t\t\t\t\t\t\t\t\t<a rel=\"noopener noreferrer nofollow\" href=\"https:\/\/api.whatsapp.com\/send?text=https%3A%2F%2Ffunerariaconceptochile.cl%2Fes%2Fplantilla%2F\" target=\"_blank\" class=\"whatsapp-desktop  wd-social-icon social-whatsapp\" aria-label=\"WhatsApp social link\">\n\t\t\t\t\t\t<span class=\"wd-icon\"><\/span>\n\t\t\t\t\t\t\t\t\t\t\t<\/a>\n\t\t\t\t\t\n\t\t\t\t\t<a rel=\"noopener noreferrer nofollow\" href=\"whatsapp:\/\/send?text=https%3A%2F%2Ffunerariaconceptochile.cl%2Fes%2Fplantilla%2F\" target=\"_blank\" class=\"whatsapp-mobile  wd-social-icon social-whatsapp\" aria-label=\"WhatsApp social link\">\n\t\t\t\t\t\t<span class=\"wd-icon\"><\/span>\n\t\t\t\t\t\t\t\t\t\t\t<\/a>\n\t\t\t\t\n\t\t\t\t\t\t\t\t\n\t\t\t\t\t\t\t\t\n\t\t\t\t\n\t\t\t\t\t\t\t\t\t<a rel=\"noopener noreferrer nofollow\" href=\"https:\/\/telegram.me\/share\/url?url=https:\/\/funerariaconceptochile.cl\/es\/plantilla\/\" target=\"_blank\" class=\" wd-social-icon social-tg\" aria-label=\"Telegram social link\">\n\t\t\t\t\t\t<span class=\"wd-icon\"><\/span>\n\t\t\t\t\t\t\t\t\t\t\t<\/a>\n\t\t\t\t\t\t\t\t\n\t\t\t\t\n\t\t\t<\/div>\n\n\t\t<\/div><\/div><\/div><\/div>\t\t<div id=\"wd-67f6de1f0c903\" class=\"wd-text-block wd-wpb reset-last-child wd-rs-67f6de1f0c903 text-left vc_custom_1744231987982\">\n\t\t\t<p>En Blisatech SpA, nos especializamos en la creaci\u00f3n de soluciones digitales innovadoras y a medida para empresas de todos los tama\u00f1os. Con un enfoque centrado en la tecnolog\u00eda y la eficiencia, ofrecemos servicios de desarrollo web, aplicaciones m\u00f3viles, software a medida, integraci\u00f3n de sistemas y consultor\u00eda digital<\/p>\n\t\t<\/div>\n\t\t<div id=\"wd-67b2bb95715cc\" class=\" wd-rs-67b2bb95715cc vc_custom_1739766720643 wd-button-wrapper text-center inline-element\"><a href=\"https:\/\/wa.me\/56927264262\" title=\"\" target=\"_blank\" class=\"btn btn-color-primary btn-style-default btn-style-round btn-size-default\">Contactalos<\/a><\/div><div id=\"wd-67b2ba454f9c2\" class=\" wd-rs-67b2ba454f9c2 vc_custom_1739766376368 wd-button-wrapper text-center inline-element\"><a href=\"http:\/\/www.blisatech.com\" title=\"Blisatech SpA\" target=\"_blank\" class=\"btn btn-color-primary btn-style-default btn-style-round btn-size-default\">Sitio Web Oficial<\/a><\/div>\t\t<div id=\"wd-6758767cd4171\" class=\"wd-text-block wd-wpb reset-last-child wd-rs-6758767cd4171 text-left vc_custom_1733850753408\">\n\t\t\t\t\t<\/div>\n\t\t<\/div><\/div><\/div><\/div>\n<\/section>","protected":false},"excerpt":{"rendered":"Blisatech SpA Chile \/ Concepci\u00f3n Compartir: En Blisatech SpA, nos especializamos en la creaci\u00f3n de soluciones digitales innovadoras y a","protected":false},"author":2,"featured_media":0,"parent":0,"menu_order":0,"comment_status":"closed","ping_status":"closed","template":"","meta":{"footnotes":""},"class_list":["post-10364","page","type-page","status-publish","hentry"],"yoast_head":"<!-- This site is optimized with the Yoast SEO plugin v27.4 - https:\/\/yoast.com\/product\/yoast-seo-wordpress\/ -->\n<title>plantilla - Funeraria Concepto<\/title>\n<meta name=\"robots\" content=\"index, follow, max-snippet:-1, max-image-preview:large, max-video-preview:-1\" \/>\n<link rel=\"canonical\" href=\"https:\/\/funerariaconceptochile.cl\/es\/plantilla\/\" \/>\n<meta property=\"og:locale\" content=\"es_ES\" \/>\n<meta property=\"og:type\" content=\"article\" \/>\n<meta property=\"og:title\" content=\"plantilla - Funeraria Concepto\" \/>\n<meta property=\"og:url\" content=\"https:\/\/funerariaconceptochile.cl\/es\/plantilla\/\" \/>\n<meta property=\"og:site_name\" content=\"Funeraria Concepto\" \/>\n<meta name=\"twitter:card\" content=\"summary_large_image\" \/>\n<script type=\"application\/ld+json\" class=\"yoast-schema-graph\">{\"@context\":\"https:\\\/\\\/schema.org\",\"@graph\":[{\"@type\":\"WebPage\",\"@id\":\"https:\\\/\\\/funerariaconceptochile.cl\\\/plantilla\\\/\",\"url\":\"https:\\\/\\\/funerariaconceptochile.cl\\\/plantilla\\\/\",\"name\":\"plantilla - Funeraria Concepto\",\"isPartOf\":{\"@id\":\"https:\\\/\\\/funerariaconceptochile.cl\\\/#website\"},\"datePublished\":\"2025-04-12T18:44:12+00:00\",\"breadcrumb\":{\"@id\":\"https:\\\/\\\/funerariaconceptochile.cl\\\/plantilla\\\/#breadcrumb\"},\"inLanguage\":\"es\",\"potentialAction\":[{\"@type\":\"ReadAction\",\"target\":[\"https:\\\/\\\/funerariaconceptochile.cl\\\/plantilla\\\/\"]}]},{\"@type\":\"BreadcrumbList\",\"@id\":\"https:\\\/\\\/funerariaconceptochile.cl\\\/plantilla\\\/#breadcrumb\",\"itemListElement\":[{\"@type\":\"ListItem\",\"position\":1,\"name\":\"Portada\",\"item\":\"https:\\\/\\\/funerariaconceptochile.cl\\\/\"},{\"@type\":\"ListItem\",\"position\":2,\"name\":\"plantilla\"}]},{\"@type\":\"WebSite\",\"@id\":\"https:\\\/\\\/funerariaconceptochile.cl\\\/#website\",\"url\":\"https:\\\/\\\/funerariaconceptochile.cl\\\/\",\"name\":\"Funeraria Concepto\",\"description\":\"\",\"potentialAction\":[{\"@type\":\"SearchAction\",\"target\":{\"@type\":\"EntryPoint\",\"urlTemplate\":\"https:\\\/\\\/funerariaconceptochile.cl\\\/?s={search_term_string}\"},\"query-input\":{\"@type\":\"PropertyValueSpecification\",\"valueRequired\":true,\"valueName\":\"search_term_string\"}}],\"inLanguage\":\"es\"}]}<\/script>\n<!-- \/ Yoast SEO plugin. -->","yoast_head_json":{"title":"plantilla - Funeraria Concepto","robots":{"index":"index","follow":"follow","max-snippet":"max-snippet:-1","max-image-preview":"max-image-preview:large","max-video-preview":"max-video-preview:-1"},"canonical":"https:\/\/funerariaconceptochile.cl\/es\/plantilla\/","og_locale":"es_ES","og_type":"article","og_title":"plantilla - Funeraria Concepto","og_url":"https:\/\/funerariaconceptochile.cl\/es\/plantilla\/","og_site_name":"Funeraria Concepto","twitter_card":"summary_large_image","schema":{"@context":"https:\/\/schema.org","@graph":[{"@type":"WebPage","@id":"https:\/\/funerariaconceptochile.cl\/plantilla\/","url":"https:\/\/funerariaconceptochile.cl\/plantilla\/","name":"plantilla - Funeraria Concepto","isPartOf":{"@id":"https:\/\/funerariaconceptochile.cl\/#website"},"datePublished":"2025-04-12T18:44:12+00:00","breadcrumb":{"@id":"https:\/\/funerariaconceptochile.cl\/plantilla\/#breadcrumb"},"inLanguage":"es","potentialAction":[{"@type":"ReadAction","target":["https:\/\/funerariaconceptochile.cl\/plantilla\/"]}]},{"@type":"BreadcrumbList","@id":"https:\/\/funerariaconceptochile.cl\/plantilla\/#breadcrumb","itemListElement":[{"@type":"ListItem","position":1,"name":"Portada","item":"https:\/\/funerariaconceptochile.cl\/"},{"@type":"ListItem","position":2,"name":"plantilla"}]},{"@type":"WebSite","@id":"https:\/\/funerariaconceptochile.cl\/#website","url":"https:\/\/funerariaconceptochile.cl\/","name":"Funeraria Concepto","description":"","potentialAction":[{"@type":"SearchAction","target":{"@type":"EntryPoint","urlTemplate":"https:\/\/funerariaconceptochile.cl\/?s={search_term_string}"},"query-input":{"@type":"PropertyValueSpecification","valueRequired":true,"valueName":"search_term_string"}}],"inLanguage":"es"}]}},"_links":{"self":[{"href":"https:\/\/funerariaconceptochile.cl\/es\/wp-json\/wp\/v2\/pages\/10364","targetHints":{"allow":["GET"]}}],"collection":[{"href":"https:\/\/funerariaconceptochile.cl\/es\/wp-json\/wp\/v2\/pages"}],"about":[{"href":"https:\/\/funerariaconceptochile.cl\/es\/wp-json\/wp\/v2\/types\/page"}],"author":[{"embeddable":true,"href":"https:\/\/funerariaconceptochile.cl\/es\/wp-json\/wp\/v2\/users\/2"}],"replies":[{"embeddable":true,"href":"https:\/\/funerariaconceptochile.cl\/es\/wp-json\/wp\/v2\/comments?post=10364"}],"version-history":[{"count":1,"href":"https:\/\/funerariaconceptochile.cl\/es\/wp-json\/wp\/v2\/pages\/10364\/revisions"}],"predecessor-version":[{"id":10365,"href":"https:\/\/funerariaconceptochile.cl\/es\/wp-json\/wp\/v2\/pages\/10364\/revisions\/10365"}],"wp:attachment":[{"href":"https:\/\/funerariaconceptochile.cl\/es\/wp-json\/wp\/v2\/media?parent=10364"}],"curies":[{"name":"wp","href":"https:\/\/api.w.org\/{rel}","templated":true}]}}