{"id":10358,"date":"2025-04-11T12:37:29","date_gmt":"2025-04-11T16:37:29","guid":{"rendered":"https:\/\/funerariaconceptochile.cl\/?page_id=10358"},"modified":"2025-04-11T12:45:43","modified_gmt":"2025-04-11T16:45:43","slug":"ies-ltda","status":"publish","type":"page","link":"https:\/\/funerariaconceptochile.cl\/es\/ies-ltda\/","title":{"rendered":"IES LTDA"},"content":{"rendered":"<section class=\"wpb-content-wrapper\"><div class=\"vc_row wpb_row vc_row-fluid\"><div class=\"wpb_column vc_column_container vc_col-sm-6 wd-enabled-flex text-center wd-rs-67f6df5194483\"><div class=\"vc_column-inner vc_custom_1744232290858\"><div class=\"wpb_wrapper\"><div class=\"wpb_images_carousel wpb_content_element vc_clearfix\">\n\t<div class=\"wpb_wrapper\">\n\t\t\t\t<div id=\"vc_images-carousel-1-1778081955\" class=\"vc_slide vc_images_carousel\">\n\n\t\t\t<!-- Wrapper for slides -->\n\t\t\t<div class=\"owl-carousel owl-items-lg-1 owl-items-md-1 owl-items-sm-1 owl-items-xs-1\">\n\t\t\t\t\t\t\t\t\t\t\t\t\t\t\t\t\t\t\t\t<div class=\"owl-carousel-item \">\n\t\t\t\t\t\t\t\t<div class=\"owl-carousel-item-inner\">\n\t\t\t\t\t\t\t\t\t\t\t\t\t\t\t\t\t\t\t\t\t\t\t\t\t\t\t<a class=\"prettyphoto\"\n\t\t\t\t\t\t\t\t\t   href=\"https:\/\/funerariaconceptochile.cl\/wp-content\/uploads\/2025\/04\/Sin-titulo-4-794x800.png\"  rel=\"prettyPhoto[rel-803621267]\">\n\t\t\t\t\t\t\t\t\t\t<img loading=\"lazy\" decoding=\"async\" width=\"298\" height=\"300\" src=\"https:\/\/funerariaconceptochile.cl\/wp-content\/uploads\/2025\/04\/Sin-titulo-4-298x300.png\" class=\"attachment-medium\" alt=\"\" title=\"Sin t\u00edtulo\" srcset=\"https:\/\/funerariaconceptochile.cl\/wp-content\/uploads\/2025\/04\/Sin-titulo-4-298x300.png 298w, https:\/\/funerariaconceptochile.cl\/wp-content\/uploads\/2025\/04\/Sin-titulo-4-794x800.png 794w, https:\/\/funerariaconceptochile.cl\/wp-content\/uploads\/2025\/04\/Sin-titulo-4-150x151.png 150w, https:\/\/funerariaconceptochile.cl\/wp-content\/uploads\/2025\/04\/Sin-titulo-4-768x774.png 768w, https:\/\/funerariaconceptochile.cl\/wp-content\/uploads\/2025\/04\/Sin-titulo-4-400x403.png 400w, https:\/\/funerariaconceptochile.cl\/wp-content\/uploads\/2025\/04\/Sin-titulo-4.png 1354w\" sizes=\"auto, (max-width: 298px) 100vw, 298px\" \/>\t\t\t\t\t\t\t\t\t<\/a>\n\t\t\t\t\t\t\t\t\t\t\t\t\t\t\t\t\t<\/div>\n\t\t\t\t\t\t\t<\/div>\n\t\t\t\t\t\t\t\t\t<\/div>\n\t\t<\/div>\n\t<\/div>\n<\/div>\n\n<\/div><\/div><\/div><div class=\"wpb_column vc_column_container vc_col-sm-6 wd-enabled-flex wd-rs-64380c1773be4\"><div class=\"vc_column-inner vc_custom_1681394715610\"><div class=\"wpb_wrapper\"><div class=\"vc_row wpb_row vc_inner vc_row-fluid vc_custom_1681724939505 wd-rs-643d1607d7b4b\"><div class=\"wpb_column vc_column_container vc_col-sm-12 vc_col-lg-4 wd-rs-643d5ea35091e\"><div class=\"vc_column-inner\"><div class=\"wpb_wrapper\">\n\t\t<div id=\"wd-67f945b801791\" class=\"title-wrapper wd-wpb set-mb-s reset-last-child  wd-rs-67f945b801791 wd-title-color-default wd-title-style-default text-left vc_custom_1744389591725 wd-underline-colored\">\n\t\t\t\n\t\t\t<div class=\"liner-continer\">\n\t\t\t\t<h4 class=\"woodmart-title-container title  wd-font-weight- wd-fontsize-xl\" >IES LTDA<\/h4>\n\t\t\t\t\t\t\t<\/div>\n\t\t\t\n\t\t\t\t\t\t\t<div class=\"title-after_title  set-cont-mb-s reset-last-child  wd-fontsize-s\">Chile \/ Los angeles<\/div>\n\t\t\t\n\t\t\t\n\t\t<\/div>\n\t\t\n\t\t<\/div><\/div><\/div><div class=\"wpb_column vc_column_container vc_col-sm-12 vc_col-lg-8 wd-enabled-flex wd-rs-643d5ea7ece06\"><div class=\"vc_column-inner\"><div class=\"wpb_wrapper\">\n\t\t\t<div class=\"wd-social-icons vc_custom_1733850502231 wd-layout-inline icons-design-colored icons-size-small color-scheme-dark social-share social-form-circle wd-rs-6758757c34df3 wd-enabled-width text-left\">\n\n\t\t\t\t\t\t\t\t\t<span class=\"wd-label\">Compartir:<\/span>\n\t\t\t\t\n\t\t\t\t\t\t\t\t\t<a rel=\"noopener noreferrer nofollow\" href=\"https:\/\/www.facebook.com\/sharer\/sharer.php?u=https:\/\/funerariaconceptochile.cl\/es\/ies-ltda\/\" target=\"_blank\" class=\" wd-social-icon social-facebook\" aria-label=\"Facebook social link\">\n\t\t\t\t\t\t<span class=\"wd-icon\"><\/span>\n\t\t\t\t\t\t\t\t\t\t\t<\/a>\n\t\t\t\t\n\t\t\t\t\t\t\t\t\t<a rel=\"noopener noreferrer nofollow\" href=\"https:\/\/twitter.com\/share?url=https:\/\/funerariaconceptochile.cl\/es\/ies-ltda\/\" target=\"_blank\" class=\" wd-social-icon social-twitter\" aria-label=\"Twitter social link\">\n\t\t\t\t\t\t<span class=\"wd-icon\"><\/span>\n\t\t\t\t\t\t\t\t\t\t\t<\/a>\n\t\t\t\t\n\t\t\t\t\t\t\t\t\t<a rel=\"noopener noreferrer nofollow\" href=\"mailto:?subject=Check%20this%20https:\/\/funerariaconceptochile.cl\/es\/ies-ltda\/\" target=\"_blank\" class=\" wd-social-icon social-email\" aria-label=\"Email social link\">\n\t\t\t\t\t\t<span class=\"wd-icon\"><\/span>\n\t\t\t\t\t\t\t\t\t\t\t<\/a>\n\t\t\t\t\n\t\t\t\t\n\t\t\t\t\n\t\t\t\t\n\t\t\t\t\n\t\t\t\t\n\t\t\t\t\n\t\t\t\t\n\t\t\t\t\n\t\t\t\t\n\t\t\t\t\n\t\t\t\t\n\t\t\t\t\n\t\t\t\t\n\t\t\t\t\t\t\t\t\t<a rel=\"noopener noreferrer nofollow\" href=\"https:\/\/api.whatsapp.com\/send?text=https%3A%2F%2Ffunerariaconceptochile.cl%2Fes%2Fies-ltda%2F\" target=\"_blank\" class=\"whatsapp-desktop  wd-social-icon social-whatsapp\" aria-label=\"WhatsApp social link\">\n\t\t\t\t\t\t<span class=\"wd-icon\"><\/span>\n\t\t\t\t\t\t\t\t\t\t\t<\/a>\n\t\t\t\t\t\n\t\t\t\t\t<a rel=\"noopener noreferrer nofollow\" href=\"whatsapp:\/\/send?text=https%3A%2F%2Ffunerariaconceptochile.cl%2Fes%2Fies-ltda%2F\" target=\"_blank\" class=\"whatsapp-mobile  wd-social-icon social-whatsapp\" aria-label=\"WhatsApp social link\">\n\t\t\t\t\t\t<span class=\"wd-icon\"><\/span>\n\t\t\t\t\t\t\t\t\t\t\t<\/a>\n\t\t\t\t\n\t\t\t\t\t\t\t\t\n\t\t\t\t\t\t\t\t\n\t\t\t\t\n\t\t\t\t\t\t\t\t\t<a rel=\"noopener noreferrer nofollow\" href=\"https:\/\/telegram.me\/share\/url?url=https:\/\/funerariaconceptochile.cl\/es\/ies-ltda\/\" target=\"_blank\" class=\" wd-social-icon social-tg\" aria-label=\"Telegram social link\">\n\t\t\t\t\t\t<span class=\"wd-icon\"><\/span>\n\t\t\t\t\t\t\t\t\t\t\t<\/a>\n\t\t\t\t\t\t\t\t\n\t\t\t\t\n\t\t\t<\/div>\n\n\t\t<\/div><\/div><\/div><\/div>\t\t<div id=\"wd-67f94646f1ce6\" class=\"wd-text-block wd-wpb reset-last-child wd-rs-67f94646f1ce6 text-left vc_custom_1744389710631\">\n\t\t\t<div id=\"model-response-message-contentr_ce06bb482e7adf8c\" class=\"markdown markdown-main-panel stronger\" dir=\"ltr\">\n<p data-sourcepos=\"3:1-3:382\">IES Ltda. ofrece servicios de <strong>mantenci\u00f3n industrial<\/strong>, <strong>obras de ingenier\u00eda<\/strong> y <strong>arriendo de equipos y maquinarias<\/strong>. Ubicados en la regi\u00f3n del Biob\u00edo, se especializan en \u00e1reas como electricidad, instrumentaci\u00f3n, climatizaci\u00f3n, y tambi\u00e9n ejecutan obras civiles. La empresa se enfoca en la calidad, tiempo de respuesta y satisfacci\u00f3n del cliente.<span class=\"button-container hide-from-message-actions ng-star-inserted\">\u00a0<\/span><\/p>\n<\/div>\n<div class=\"response-footer gap complete\">\n<div class=\"container ng-tns-c3348670957-20\">\n<div class=\"carousel-container ng-tns-c3348670957-20\">\n<div class=\"carousel-content ng-tns-c3348670957-20\">\n<div class=\"sources-carousel-source ng-tns-c3348670957-20 ng-star-inserted\" data-test-id=\"sources-carousel-source\">\n<div class=\"mat-mdc-tooltip-trigger source-card-container\" aria-describedby=\"cdk-describedby-message-ng-1-40\">\n<div class=\"source-card-content\">\n<div class=\"source-card-body\">\n<div class=\"source-card-header\">\n<div class=\"source-card-title\"><\/div>\n<\/div>\n<\/div>\n<\/div>\n<\/div>\n<\/div>\n<\/div>\n<\/div>\n<\/div>\n<\/div>\n<p>&nbsp;<\/p>\n\t\t<\/div>\n\t\t<div id=\"wd-67f9471c8123d\" class=\" wd-rs-67f9471c8123d vc_custom_1744389935264 wd-button-wrapper text-center inline-element\"><a href=\"https:\/\/wa.me\/56965875620\" title=\"\" target=\"_blank\" class=\"btn btn-color-primary btn-style-default btn-style-round btn-size-default\">Contactalos<\/a><\/div><div id=\"wd-67f946940a531\" class=\" wd-rs-67f946940a531 vc_custom_1744389790853 wd-button-wrapper text-center inline-element\"><a href=\"http:\/\/www.iesltda.cl\/\" title=\"Iesltda\" target=\"_blank\" class=\"btn btn-color-primary btn-style-default btn-style-round btn-size-default\">Sitio Web Oficial<\/a><\/div>\t\t<div id=\"wd-6758767cd4171\" class=\"wd-text-block wd-wpb reset-last-child wd-rs-6758767cd4171 text-left vc_custom_1733850753408\">\n\t\t\t\t\t<\/div>\n\t\t<\/div><\/div><\/div><\/div>\n<\/section>","protected":false},"excerpt":{"rendered":"IES LTDA Chile \/ Los angeles Compartir: IES Ltda. ofrece servicios de mantenci\u00f3n industrial, obras de ingenier\u00eda y arriendo de","protected":false},"author":2,"featured_media":0,"parent":0,"menu_order":0,"comment_status":"closed","ping_status":"closed","template":"","meta":{"footnotes":""},"class_list":["post-10358","page","type-page","status-publish","hentry"],"yoast_head":"<!-- This site is optimized with the Yoast SEO plugin v27.5 - https:\/\/yoast.com\/product\/yoast-seo-wordpress\/ -->\n<title>IES LTDA - Funeraria Concepto<\/title>\n<meta name=\"robots\" content=\"index, follow, max-snippet:-1, max-image-preview:large, max-video-preview:-1\" \/>\n<link rel=\"canonical\" href=\"https:\/\/funerariaconceptochile.cl\/es\/ies-ltda\/\" \/>\n<meta property=\"og:locale\" content=\"es_ES\" \/>\n<meta property=\"og:type\" content=\"article\" \/>\n<meta property=\"og:title\" content=\"IES LTDA - Funeraria Concepto\" \/>\n<meta property=\"og:url\" content=\"https:\/\/funerariaconceptochile.cl\/es\/ies-ltda\/\" \/>\n<meta property=\"og:site_name\" content=\"Funeraria Concepto\" \/>\n<meta property=\"article:modified_time\" content=\"2025-04-11T16:45:43+00:00\" \/>\n<meta name=\"twitter:card\" content=\"summary_large_image\" \/>\n<meta name=\"twitter:label1\" content=\"Tiempo de lectura\" \/>\n\t<meta name=\"twitter:data1\" content=\"2 minutos\" \/>\n<script type=\"application\/ld+json\" class=\"yoast-schema-graph\">{\"@context\":\"https:\\\/\\\/schema.org\",\"@graph\":[{\"@type\":\"WebPage\",\"@id\":\"https:\\\/\\\/funerariaconceptochile.cl\\\/ies-ltda\\\/\",\"url\":\"https:\\\/\\\/funerariaconceptochile.cl\\\/ies-ltda\\\/\",\"name\":\"IES LTDA - Funeraria Concepto\",\"isPartOf\":{\"@id\":\"https:\\\/\\\/funerariaconceptochile.cl\\\/#website\"},\"datePublished\":\"2025-04-11T16:37:29+00:00\",\"dateModified\":\"2025-04-11T16:45:43+00:00\",\"breadcrumb\":{\"@id\":\"https:\\\/\\\/funerariaconceptochile.cl\\\/ies-ltda\\\/#breadcrumb\"},\"inLanguage\":\"es\",\"potentialAction\":[{\"@type\":\"ReadAction\",\"target\":[\"https:\\\/\\\/funerariaconceptochile.cl\\\/ies-ltda\\\/\"]}]},{\"@type\":\"BreadcrumbList\",\"@id\":\"https:\\\/\\\/funerariaconceptochile.cl\\\/ies-ltda\\\/#breadcrumb\",\"itemListElement\":[{\"@type\":\"ListItem\",\"position\":1,\"name\":\"Portada\",\"item\":\"https:\\\/\\\/funerariaconceptochile.cl\\\/\"},{\"@type\":\"ListItem\",\"position\":2,\"name\":\"IES LTDA\"}]},{\"@type\":\"WebSite\",\"@id\":\"https:\\\/\\\/funerariaconceptochile.cl\\\/#website\",\"url\":\"https:\\\/\\\/funerariaconceptochile.cl\\\/\",\"name\":\"Funeraria Concepto\",\"description\":\"\",\"potentialAction\":[{\"@type\":\"SearchAction\",\"target\":{\"@type\":\"EntryPoint\",\"urlTemplate\":\"https:\\\/\\\/funerariaconceptochile.cl\\\/?s={search_term_string}\"},\"query-input\":{\"@type\":\"PropertyValueSpecification\",\"valueRequired\":true,\"valueName\":\"search_term_string\"}}],\"inLanguage\":\"es\"}]}<\/script>\n<!-- \/ Yoast SEO plugin. -->","yoast_head_json":{"title":"IES LTDA - Funeraria Concepto","robots":{"index":"index","follow":"follow","max-snippet":"max-snippet:-1","max-image-preview":"max-image-preview:large","max-video-preview":"max-video-preview:-1"},"canonical":"https:\/\/funerariaconceptochile.cl\/es\/ies-ltda\/","og_locale":"es_ES","og_type":"article","og_title":"IES LTDA - Funeraria Concepto","og_url":"https:\/\/funerariaconceptochile.cl\/es\/ies-ltda\/","og_site_name":"Funeraria Concepto","article_modified_time":"2025-04-11T16:45:43+00:00","twitter_card":"summary_large_image","twitter_misc":{"Tiempo de lectura":"2 minutos"},"schema":{"@context":"https:\/\/schema.org","@graph":[{"@type":"WebPage","@id":"https:\/\/funerariaconceptochile.cl\/ies-ltda\/","url":"https:\/\/funerariaconceptochile.cl\/ies-ltda\/","name":"IES LTDA - Funeraria Concepto","isPartOf":{"@id":"https:\/\/funerariaconceptochile.cl\/#website"},"datePublished":"2025-04-11T16:37:29+00:00","dateModified":"2025-04-11T16:45:43+00:00","breadcrumb":{"@id":"https:\/\/funerariaconceptochile.cl\/ies-ltda\/#breadcrumb"},"inLanguage":"es","potentialAction":[{"@type":"ReadAction","target":["https:\/\/funerariaconceptochile.cl\/ies-ltda\/"]}]},{"@type":"BreadcrumbList","@id":"https:\/\/funerariaconceptochile.cl\/ies-ltda\/#breadcrumb","itemListElement":[{"@type":"ListItem","position":1,"name":"Portada","item":"https:\/\/funerariaconceptochile.cl\/"},{"@type":"ListItem","position":2,"name":"IES LTDA"}]},{"@type":"WebSite","@id":"https:\/\/funerariaconceptochile.cl\/#website","url":"https:\/\/funerariaconceptochile.cl\/","name":"Funeraria Concepto","description":"","potentialAction":[{"@type":"SearchAction","target":{"@type":"EntryPoint","urlTemplate":"https:\/\/funerariaconceptochile.cl\/?s={search_term_string}"},"query-input":{"@type":"PropertyValueSpecification","valueRequired":true,"valueName":"search_term_string"}}],"inLanguage":"es"}]}},"_links":{"self":[{"href":"https:\/\/funerariaconceptochile.cl\/es\/wp-json\/wp\/v2\/pages\/10358","targetHints":{"allow":["GET"]}}],"collection":[{"href":"https:\/\/funerariaconceptochile.cl\/es\/wp-json\/wp\/v2\/pages"}],"about":[{"href":"https:\/\/funerariaconceptochile.cl\/es\/wp-json\/wp\/v2\/types\/page"}],"author":[{"embeddable":true,"href":"https:\/\/funerariaconceptochile.cl\/es\/wp-json\/wp\/v2\/users\/2"}],"replies":[{"embeddable":true,"href":"https:\/\/funerariaconceptochile.cl\/es\/wp-json\/wp\/v2\/comments?post=10358"}],"version-history":[{"count":3,"href":"https:\/\/funerariaconceptochile.cl\/es\/wp-json\/wp\/v2\/pages\/10358\/revisions"}],"predecessor-version":[{"id":10361,"href":"https:\/\/funerariaconceptochile.cl\/es\/wp-json\/wp\/v2\/pages\/10358\/revisions\/10361"}],"wp:attachment":[{"href":"https:\/\/funerariaconceptochile.cl\/es\/wp-json\/wp\/v2\/media?parent=10358"}],"curies":[{"name":"wp","href":"https:\/\/api.w.org\/{rel}","templated":true}]}}